{"id":25409,"date":"2024-01-15T05:42:10","date_gmt":"2024-01-15T05:42:10","guid":{"rendered":"https:\/\/statera.fo\/?page_id=25409"},"modified":"2026-01-16T00:57:36","modified_gmt":"2026-01-16T00:57:36","slug":"nethandil-2","status":"publish","type":"page","link":"https:\/\/statera.fo\/?page_id=25409","title":{"rendered":"Nethandil"},"content":{"rendered":"\t\t<div data-elementor-type=\"wp-page\" data-elementor-id=\"25409\" class=\"elementor elementor-25409\" data-elementor-post-type=\"page\">\n\t\t\t\t<div class=\"elementor-element elementor-element-6c6b14d e-flex e-con-boxed e-con e-parent\" data-id=\"6c6b14d\" data-element_type=\"container\" data-e-type=\"container\">\n\t\t\t\t\t<div class=\"e-con-inner\">\n\t\t\t\t<div class=\"elementor-element elementor-element-9f8c81f elementor-widget elementor-widget-heading\" data-id=\"9f8c81f\" data-element_type=\"widget\" data-e-type=\"widget\" data-widget_type=\"heading.default\">\n\t\t\t\t<div class=\"elementor-widget-container\">\n\t\t\t\t\t<h1 class=\"elementor-heading-title elementor-size-default\">Nethandil<\/h1>\t\t\t\t<\/div>\n\t\t\t\t<\/div>\n\t\t\t\t\t<\/div>\n\t\t\t\t<\/div>\n\t\t<div class=\"elementor-element elementor-element-b9798aa e-con-full e-flex e-con e-parent\" data-id=\"b9798aa\" data-element_type=\"container\" data-e-type=\"container\">\n\t\t\t\t<div class=\"elementor-element elementor-element-23c4153 elementor-widget__width-initial elementor-widget elementor-widget-search\" data-id=\"23c4153\" data-element_type=\"widget\" data-e-type=\"widget\" data-settings=\"{&quot;submit_trigger&quot;:&quot;both&quot;,&quot;live_results&quot;:&quot;yes&quot;,&quot;template_id&quot;:26426,&quot;minimum_search_characters&quot;:3,&quot;pagination_type_options&quot;:&quot;none&quot;,&quot;results_is_dropdown_width&quot;:&quot;search_field&quot;}\" data-widget_type=\"search.default\">\n\t\t\t\t<div class=\"elementor-widget-container\">\n\t\t\t\t\t\t\t<search class=\"e-search hidden\" role=\"search\">\n\t\t\t<form class=\"e-search-form\" action=\"https:\/\/statera.fo\" method=\"get\">\n\n\t\t\t\t\n\t\t\t\t<label class=\"e-search-label\" for=\"search-23c4153\">\n\t\t\t\t\t<span class=\"elementor-screen-only\">\n\t\t\t\t\t\tSearch\t\t\t\t\t<\/span>\n\t\t\t\t\t\t\t\t\t<\/label>\n\n\t\t\t\t<div class=\"e-search-input-wrapper\">\n\t\t\t\t\t<input id=\"search-23c4153\" placeholder=\"Leita eftir v\u00f8ru\" class=\"e-search-input\" type=\"search\" name=\"s\" value=\"\" autocomplete=\"on\" role=\"combobox\" aria-autocomplete=\"list\" aria-expanded=\"false\" aria-controls=\"results-23c4153\" aria-haspopup=\"listbox\">\n\t\t\t\t\t<svg aria-hidden=\"true\" class=\"e-font-icon-svg e-fas-times\" viewBox=\"0 0 352 512\" xmlns=\"http:\/\/www.w3.org\/2000\/svg\"><path d=\"M242.72 256l100.07-100.07c12.28-12.28 12.28-32.19 0-44.48l-22.24-22.24c-12.28-12.28-32.19-12.28-44.48 0L176 189.28 75.93 89.21c-12.28-12.28-32.19-12.28-44.48 0L9.21 111.45c-12.28 12.28-12.28 32.19 0 44.48L109.28 256 9.21 356.07c-12.28 12.28-12.28 32.19 0 44.48l22.24 22.24c12.28 12.28 32.2 12.28 44.48 0L176 322.72l100.07 100.07c12.28 12.28 32.2 12.28 44.48 0l22.24-22.24c12.28-12.28 12.28-32.19 0-44.48L242.72 256z\"><\/path><\/svg>\t\t\t\t\t\t\t\t\t\t<output id=\"results-23c4153\" class=\"e-search-results-container hide-loader\" aria-live=\"polite\" aria-atomic=\"true\" aria-label=\"Results for search\" tabindex=\"0\">\n\t\t\t\t\t\t<div class=\"e-search-results\"><\/div>\n\t\t\t\t\t\t\t\t\t<div class=\"e-search-loader\">\n\t\t\t\t<svg xmlns=\"http:\/\/www.w3.org\/2000\/svg\" viewBox=\"0 0 28 28\">\n\t\t\t\t\t<path fill-rule=\"evenodd\" d=\"M14 .188c.587 0 1.063.475 1.063 1.062V5.5a1.063 1.063 0 0 1-2.126 0V1.25c0-.587.476-1.063 1.063-1.063ZM4.182 4.181a1.063 1.063 0 0 1 1.503 0L8.73 7.228A1.062 1.062 0 1 1 7.228 8.73L4.182 5.685a1.063 1.063 0 0 1 0-1.503Zm19.636 0a1.063 1.063 0 0 1 0 1.503L20.772 8.73a1.062 1.062 0 1 1-1.502-1.502l3.045-3.046a1.063 1.063 0 0 1 1.503 0ZM.188 14c0-.587.475-1.063 1.062-1.063H5.5a1.063 1.063 0 0 1 0 2.126H1.25A1.063 1.063 0 0 1 .187 14Zm21.25 0c0-.587.475-1.063 1.062-1.063h4.25a1.063 1.063 0 0 1 0 2.126H22.5A1.063 1.063 0 0 1 21.437 14ZM8.73 19.27a1.062 1.062 0 0 1 0 1.502l-3.045 3.046a1.063 1.063 0 0 1-1.503-1.503l3.046-3.046a1.063 1.063 0 0 1 1.502 0Zm10.54 0a1.063 1.063 0 0 1 1.502 0l3.046 3.045a1.063 1.063 0 0 1-1.503 1.503l-3.046-3.046a1.063 1.063 0 0 1 0-1.502ZM14 21.438c.587 0 1.063.475 1.063 1.062v4.25a1.063 1.063 0 0 1-2.126 0V22.5c0-.587.476-1.063 1.063-1.063Z\"\/>\n\t\t\t\t<\/svg>\n\t\t\t<\/div>\n\t\t\t\t\t\t\t\t<\/output>\n\t\t\t\t\t\t\t\t\t<\/div>\n\t\t\t\t\n\t\t\t\t\n\t\t\t\t<button class=\"e-search-submit  \" type=\"submit\">\n\t\t\t\t\t\n\t\t\t\t\t\t\t\t\t\t<span class=\"\">\n\t\t\t\t\t\tLeita\t\t\t\t\t<\/span>\n\t\t\t\t\t\t\t\t\t<\/button>\n\t\t\t\t<input type=\"hidden\" name=\"e_search_props\" value=\"23c4153-25409\">\n\t\t\t<\/form>\n\t\t<\/search>\n\t\t\t\t\t\t<\/div>\n\t\t\t\t<\/div>\n\t\t<div class=\"elementor-element elementor-element-2575b4a e-grid e-con-boxed e-con e-child\" data-id=\"2575b4a\" data-element_type=\"container\" data-e-type=\"container\">\n\t\t\t\t\t<div class=\"e-con-inner\">\n\t\t\t\t<div class=\"elementor-element elementor-element-0ed1b35 elementor-position-top elementor-widget elementor-widget-image-box\" data-id=\"0ed1b35\" data-element_type=\"widget\" data-e-type=\"widget\" data-widget_type=\"image-box.default\">\n\t\t\t\t<div class=\"elementor-widget-container\">\n\t\t\t\t\t<div class=\"elementor-image-box-wrapper\"><figure class=\"elementor-image-box-img\"><a href=\"https:\/\/statera.fo\/?product_cat=vorur\" tabindex=\"-1\"><img fetchpriority=\"high\" decoding=\"async\" width=\"800\" height=\"1000\" src=\"https:\/\/statera.fo\/wp-content\/uploads\/2024\/05\/Komplett-huseria-Lucia-Care.jpeg\" class=\"attachment-full size-full wp-image-26255\" alt=\"\" srcset=\"https:\/\/statera.fo\/wp-content\/uploads\/2024\/05\/Komplett-huseria-Lucia-Care.jpeg 800w, https:\/\/statera.fo\/wp-content\/uploads\/2024\/05\/Komplett-huseria-Lucia-Care-600x750.jpeg 600w, https:\/\/statera.fo\/wp-content\/uploads\/2024\/05\/Komplett-huseria-Lucia-Care-240x300.jpeg 240w, https:\/\/statera.fo\/wp-content\/uploads\/2024\/05\/Komplett-huseria-Lucia-Care-768x960.jpeg 768w\" sizes=\"(max-width: 800px) 100vw, 800px\" \/><\/a><\/figure><div class=\"elementor-image-box-content\"><h3 class=\"elementor-image-box-title\"><a href=\"https:\/\/statera.fo\/?product_cat=vorur\">V\u00f8rur<\/a><\/h3><\/div><\/div>\t\t\t\t<\/div>\n\t\t\t\t<\/div>\n\t\t\t\t<div class=\"elementor-element elementor-element-e01c3c5 elementor-position-top elementor-widget elementor-widget-image-box\" data-id=\"e01c3c5\" data-element_type=\"widget\" data-e-type=\"widget\" data-widget_type=\"image-box.default\">\n\t\t\t\t<div class=\"elementor-widget-container\">\n\t\t\t\t\t<div class=\"elementor-image-box-wrapper\"><figure class=\"elementor-image-box-img\"><a href=\"https:\/\/statera.fo\/?product_cat=skeid\" tabindex=\"-1\"><img decoding=\"async\" width=\"1024\" height=\"1024\" src=\"https:\/\/statera.fo\/wp-content\/uploads\/2025\/11\/Akupunktur-vid-logo.png\" class=\"attachment-full size-full wp-image-27016\" alt=\"\" srcset=\"https:\/\/statera.fo\/wp-content\/uploads\/2025\/11\/Akupunktur-vid-logo.png 1024w, https:\/\/statera.fo\/wp-content\/uploads\/2025\/11\/Akupunktur-vid-logo-100x100.png 100w, https:\/\/statera.fo\/wp-content\/uploads\/2025\/11\/Akupunktur-vid-logo-600x600.png 600w, https:\/\/statera.fo\/wp-content\/uploads\/2025\/11\/Akupunktur-vid-logo-300x300.png 300w, https:\/\/statera.fo\/wp-content\/uploads\/2025\/11\/Akupunktur-vid-logo-150x150.png 150w, https:\/\/statera.fo\/wp-content\/uploads\/2025\/11\/Akupunktur-vid-logo-768x768.png 768w\" sizes=\"(max-width: 1024px) 100vw, 1024px\" \/><\/a><\/figure><div class=\"elementor-image-box-content\"><h3 class=\"elementor-image-box-title\"><a href=\"https:\/\/statera.fo\/?product_cat=skeid\">Tilt\u00f8k og skei\u00f0<\/a><\/h3><\/div><\/div>\t\t\t\t<\/div>\n\t\t\t\t<\/div>\n\t\t\t\t<div class=\"elementor-element elementor-element-080fa69 elementor-position-top elementor-widget elementor-widget-image-box\" data-id=\"080fa69\" data-element_type=\"widget\" data-e-type=\"widget\" data-widget_type=\"image-box.default\">\n\t\t\t\t<div class=\"elementor-widget-container\">\n\t\t\t\t\t<div class=\"elementor-image-box-wrapper\"><figure class=\"elementor-image-box-img\"><a href=\"https:\/\/statera.fo\/?product_cat=gavukort-og-klippikort\" tabindex=\"-1\"><img decoding=\"async\" width=\"768\" height=\"1024\" src=\"https:\/\/statera.fo\/wp-content\/uploads\/2024\/01\/Gavukort-reytt.jpg\" class=\"attachment-full size-full wp-image-25536\" alt=\"\" srcset=\"https:\/\/statera.fo\/wp-content\/uploads\/2024\/01\/Gavukort-reytt.jpg 768w, https:\/\/statera.fo\/wp-content\/uploads\/2024\/01\/Gavukort-reytt-600x800.jpg 600w, https:\/\/statera.fo\/wp-content\/uploads\/2024\/01\/Gavukort-reytt-225x300.jpg 225w\" sizes=\"(max-width: 768px) 100vw, 768px\" \/><\/a><\/figure><div class=\"elementor-image-box-content\"><h3 class=\"elementor-image-box-title\"><a href=\"https:\/\/statera.fo\/?product_cat=gavukort-og-klippikort\">G\u00e1vukort og Avsl\u00e1ttarkort<\/a><\/h3><\/div><\/div>\t\t\t\t<\/div>\n\t\t\t\t<\/div>\n\t\t\t\t\t<\/div>\n\t\t\t\t<\/div>\n\t\t\t\t<\/div>\n\t\t\t\t<\/div>\n\t\t","protected":false},"excerpt":{"rendered":"<p>Nethandil Search Leita V\u00f8rur Tilt\u00f8k og skei\u00f0 G\u00e1vukort og Avsl\u00e1ttarkort<\/p>\n","protected":false},"author":1,"featured_media":0,"parent":0,"menu_order":0,"comment_status":"closed","ping_status":"closed","template":"","meta":{"_uf_show_specific_survey":0,"_uf_disable_surveys":false,"site-sidebar-layout":"no-sidebar","site-content-layout":"page-builder","ast-site-content-layout":"full-width-container","site-content-style":"default","site-sidebar-style":"default","ast-global-header-display":"","ast-banner-title-visibility":"","ast-main-header-display":"","ast-hfb-above-header-display":"","ast-hfb-below-header-display":"","ast-hfb-mobile-header-display":"","site-post-title":"disabled","ast-breadcrumbs-content":"","ast-featured-img":"disabled","footer-sml-layout":"","ast-disable-related-posts":"","theme-transparent-header-meta":"","adv-header-id-meta":"","stick-header-meta":"","header-above-stick-meta":"","header-main-stick-meta":"","header-below-stick-meta":"","astra-migrate-meta-layouts":"set","ast-page-background-enabled":"default","ast-page-background-meta":{"desktop":{"background-color":"","background-image":"","background-repeat":"repeat","background-position":"center center","background-size":"auto","background-attachment":"scroll","background-type":"","background-media":"","overlay-type":"","overlay-color":"","overlay-opacity":"","overlay-gradient":""},"tablet":{"background-color":"","background-image":"","background-repeat":"repeat","background-position":"center center","background-size":"auto","background-attachment":"scroll","background-type":"","background-media":"","overlay-type":"","overlay-color":"","overlay-opacity":"","overlay-gradient":""},"mobile":{"background-color":"","background-image":"","background-repeat":"repeat","background-position":"center center","background-size":"auto","background-attachment":"scroll","background-type":"","background-media":"","overlay-type":"","overlay-color":"","overlay-opacity":"","overlay-gradient":""}},"ast-content-background-meta":{"desktop":{"background-color":"var(--ast-global-color-5)","background-image":"","background-repeat":"repeat","background-position":"center center","background-size":"auto","background-attachment":"scroll","background-type":"","background-media":"","overlay-type":"","overlay-color":"","overlay-opacity":"","overlay-gradient":""},"tablet":{"background-color":"var(--ast-global-color-5)","background-image":"","background-repeat":"repeat","background-position":"center center","background-size":"auto","background-attachment":"scroll","background-type":"","background-media":"","overlay-type":"","overlay-color":"","overlay-opacity":"","overlay-gradient":""},"mobile":{"background-color":"var(--ast-global-color-5)","background-image":"","background-repeat":"repeat","background-position":"center center","background-size":"auto","background-attachment":"scroll","background-type":"","background-media":"","overlay-type":"","overlay-color":"","overlay-opacity":"","overlay-gradient":""}},"_price":"","_stock":"","_tribe_ticket_header":"","_tribe_default_ticket_provider":"","_tribe_ticket_capacity":"0","_ticket_start_date":"","_ticket_end_date":"","_tribe_ticket_show_description":"","_tribe_ticket_show_not_going":false,"_tribe_ticket_use_global_stock":"","_tribe_ticket_global_stock_level":"","_global_stock_mode":"","_global_stock_cap":"","_tribe_rsvp_for_event":"","_tribe_ticket_going_count":"","_tribe_ticket_not_going_count":"","_tribe_tickets_list":"[]","_tribe_ticket_has_attendee_info_fields":false,"_themeisle_gutenberg_block_has_review":false,"footnotes":"","_tec_slr_enabled":"","_tec_slr_layout":""},"class_list":["post-25409","page","type-page","status-publish","hentry"],"aioseo_notices":[],"ticketed":false,"post_mailing_queue_ids":[],"_links":{"self":[{"href":"https:\/\/statera.fo\/index.php?rest_route=\/wp\/v2\/pages\/25409","targetHints":{"allow":["GET"]}}],"collection":[{"href":"https:\/\/statera.fo\/index.php?rest_route=\/wp\/v2\/pages"}],"about":[{"href":"https:\/\/statera.fo\/index.php?rest_route=\/wp\/v2\/types\/page"}],"author":[{"embeddable":true,"href":"https:\/\/statera.fo\/index.php?rest_route=\/wp\/v2\/users\/1"}],"replies":[{"embeddable":true,"href":"https:\/\/statera.fo\/index.php?rest_route=%2Fwp%2Fv2%2Fcomments&post=25409"}],"version-history":[{"count":166,"href":"https:\/\/statera.fo\/index.php?rest_route=\/wp\/v2\/pages\/25409\/revisions"}],"predecessor-version":[{"id":27134,"href":"https:\/\/statera.fo\/index.php?rest_route=\/wp\/v2\/pages\/25409\/revisions\/27134"}],"wp:attachment":[{"href":"https:\/\/statera.fo\/index.php?rest_route=%2Fwp%2Fv2%2Fmedia&parent=25409"}],"curies":[{"name":"wp","href":"https:\/\/api.w.org\/{rel}","templated":true}]}}