{"id":24679,"date":"2023-11-29T12:22:06","date_gmt":"2023-11-29T12:22:06","guid":{"rendered":"https:\/\/statera.fo\/?post_type=product&#038;p=24679"},"modified":"2026-01-25T22:12:57","modified_gmt":"2026-01-25T22:12:57","slug":"nada-sitandi-a-stoli","status":"publish","type":"product","link":"https:\/\/statera.fo\/?product=nada-sitandi-a-stoli","title":{"rendered":"NADA &#8211; sitandi \u00e1 st\u00f3li"},"content":{"rendered":"<p>NADA er eitt slag av oyraakupunkturi, sum arbei\u00f0ir fram \u00edm\u00f3ti eini kropsligari og s\u00e1larligari javnv\u00e1g.<\/p>\n<p>NADA er gott til avvenjing og til t\u00edn, sum hevur trupulleikar vi\u00f0 at hugsavna teg. Eisini geva n\u00e1lirnar r\u00f3.<\/p>\n<p>Hendan vi\u00f0ger\u00f0in er BERT 5 n\u00e1lir \u00ed hv\u00f8rt oyra og vit tosa ikki so n\u00f3gv.<\/p>\n<p>Vi\u00f0ger\u00f0in er \u00ed 1 t\u00edma.<\/p>\n<p><strong>Hvat er NADA?<br \/>\n<\/strong>NADA akupunkturur er ein vi\u00f0ger\u00f0arh\u00e1ttur, sum bleiv \u00fatvikla\u00f0ur av amerikanska psykiataranum og filosoffinum Dr. Michael O. Smith \u00ed fyrru helvt av 70\u2019unum. Arbei\u00f0sh\u00e1tturin bleiv mentur sum li\u00f0ur \u00ed avvenjing av heroin-misbr\u00fakarum og var \u00farsliti\u00f0 fram\u00far gott.<\/p>\n<p>\u00cd 80\u2019unum er arbei\u00f0sh\u00e1tturin v\u00ed\u00f0ka\u00f0ur til eisini at stu\u00f0la undir b\u00e6\u00f0i kognitivar, alternativar og medisinskar vi\u00f0ger\u00f0arh\u00e6ttir. Ta\u00f0 hevur v\u00edst seg, at t\u00e1 i\u00f0 NADA ver\u00f0ur givi\u00f0 sum \u00edskoyti, hava \u00farslitini av \u00f8\u00f0rum vi\u00f0ger\u00f0ar- og\/ella venjingartilbo\u00f0um ver\u00f0i munandi betri.<\/p>\n<p>\u00cd Europa stendur NADA fyri <em>National Acupuncture Detoxification Association<\/em>. \u00cd Amerika stendur NADA fyri <em>North American Detoxification Association<\/em> og var Dr. Michael O. Smith eisini stovnarin av stovninum<\/p>\n<p>NADA h\u00e1tturin stendur av 5 n\u00e1lum \u00ed hv\u00f8rt oyra\u00f0. Hesar eru vi\u00f0 til at skapa javnv\u00e1g \u00ed kroppinum \u2013 b\u00e6\u00f0i fysiska og s\u00e1larliga javnv\u00e1g.<br \/>\nNADA kann s\u00edggjast sum eitt \u00edskoyti til a\u00f0rar vi\u00f0ger\u00f0ar-h\u00e6ttir, heldur enn ein vi\u00f0ger\u00f0 \u00ed s\u00e6r sj\u00e1lvum.<\/p>\n<p>Arbei\u00f0sh\u00e1tturin er samansettur sum ein endurmenningar-skr\u00e1 heldur enn ein akupunktur-vi\u00f0ger\u00f0.<\/p>\n<p>Endam\u00e1li\u00f0 vi\u00f0 NADA er, at ta\u00f0 kann br\u00fakast beinanveg, t\u00e1 i\u00f0 t\u00f8rvurin framkemur.<\/p>\n<p><strong>Hv\u00f8r f\u00e6r gagn av NADA?<br \/>\n<\/strong>NADA kann ver\u00f0a ein hj\u00e1lp hj\u00e1 teimum, i\u00f0 hava t\u00f8rv \u00e1 kropsligum og s\u00e1larligum stabiliteti, betri handfaring av strongd, l\u00ed\u00f0a av angist, rastloysi, sv\u00f8vn\u00f3r\u00f3gv, betri handfaring av kenslum og kognitivum funkti\u00f3num.<br \/>\nSum \u00cdskoyti til verandi vi\u00f0ger\u00f0, er NADA sera munagott, til at minka um \u00f8ll sl\u00f8g av abstinensum.<\/p>\n<p>NADA hj\u00e1lpir pers\u00f3ninum at f\u00e1a sj\u00e1lvskontakt og kontakt vi\u00f0 egi\u00f0 tilfeingi\u00f0.<br \/>\nNADA kann br\u00fakast til linna her og n\u00fa, t.d. til br\u00e1feingis strong, abstinensir, angist ella sv\u00f8vntrupulleikar.<br \/>\nUpprunaliga er NADA hugsa\u00f0 sum stu\u00f0ul \u00ed eini, ofta dr\u00fagvari, psyko-sosialari gongd.<\/p>\n<p>&nbsp;<\/p>\n<p>Les meira um NADA \u00e1 heimas\u00ed\u00f0uni hj\u00e1 <a href=\"https:\/\/nada-danmark.dk\/\">NADA Danmark<\/a>.<\/p>\n","protected":false},"excerpt":{"rendered":"<h4><span style=\"color: #8aa73f;\"><strong><a style=\"color: #8aa73f;\" href=\"https:\/\/statera.app4.geckobooking.dk\/site\/booking.php?show=new_booking&amp;icCode=d2496d088c4585a76f9ff2ad214fc531b9157&amp;bId=9157&amp;PHPSESSID=1448722c7b97f7eb346ffe3f35794c96&amp;dTpl=1\">B\u00edlegg t\u00edna vi\u00f0ger\u00f0 her<\/a><\/strong><\/span><\/h4>\n","protected":false},"featured_media":26247,"comment_status":"open","ping_status":"closed","template":"","meta":{"_uf_show_specific_survey":0,"_uf_disable_surveys":false,"site-sidebar-layout":"default","site-content-layout":"","ast-site-content-layout":"default","site-content-style":"default","site-sidebar-style":"default","ast-global-header-display":"","ast-banner-title-visibility":"","ast-main-header-display":"","ast-hfb-above-header-display":"","ast-hfb-below-header-display":"","ast-hfb-mobile-header-display":"","site-post-title":"","ast-breadcrumbs-content":"","ast-featured-img":"","footer-sml-layout":"","ast-disable-related-posts":"","theme-transparent-header-meta":"default","adv-header-id-meta":"","stick-header-meta":"","header-above-stick-meta":"","header-main-stick-meta":"","header-below-stick-meta":"","astra-migrate-meta-layouts":"set","ast-page-background-enabled":"default","ast-page-background-meta":{"desktop":{"background-color":"","background-image":"","background-repeat":"repeat","background-position":"center center","background-size":"auto","background-attachment":"scroll","background-type":"","background-media":"","overlay-type":"","overlay-color":"","overlay-opacity":"","overlay-gradient":""},"tablet":{"background-color":"","background-image":"","background-repeat":"repeat","background-position":"center center","background-size":"auto","background-attachment":"scroll","background-type":"","background-media":"","overlay-type":"","overlay-color":"","overlay-opacity":"","overlay-gradient":""},"mobile":{"background-color":"","background-image":"","background-repeat":"repeat","background-position":"center center","background-size":"auto","background-attachment":"scroll","background-type":"","background-media":"","overlay-type":"","overlay-color":"","overlay-opacity":"","overlay-gradient":""}},"ast-content-background-meta":{"desktop":{"background-color":"var(--ast-global-color-5)","background-image":"","background-repeat":"repeat","background-position":"center center","background-size":"auto","background-attachment":"scroll","background-type":"","background-media":"","overlay-type":"","overlay-color":"","overlay-opacity":"","overlay-gradient":""},"tablet":{"background-color":"var(--ast-global-color-5)","background-image":"","background-repeat":"repeat","background-position":"center center","background-size":"auto","background-attachment":"scroll","background-type":"","background-media":"","overlay-type":"","overlay-color":"","overlay-opacity":"","overlay-gradient":""},"mobile":{"background-color":"var(--ast-global-color-5)","background-image":"","background-repeat":"repeat","background-position":"center center","background-size":"auto","background-attachment":"scroll","background-type":"","background-media":"","overlay-type":"","overlay-color":"","overlay-opacity":"","overlay-gradient":""}},"_price":"200","_stock":null,"_tribe_ticket_header":"","_tribe_default_ticket_provider":"","_tribe_ticket_capacity":"0","_ticket_start_date":"","_ticket_end_date":"","_tribe_ticket_show_description":"","_tribe_ticket_show_not_going":false,"_tribe_ticket_use_global_stock":"","_tribe_ticket_global_stock_level":"","_global_stock_mode":"","_global_stock_cap":"","_tribe_rsvp_for_event":"","_tribe_ticket_going_count":"","_tribe_ticket_not_going_count":"","_tribe_tickets_list":"[]","_tribe_ticket_has_attendee_info_fields":false,"_themeisle_gutenberg_block_has_review":false},"product_brand":[],"product_cat":[44],"product_tag":[],"class_list":{"0":"post-24679","1":"product","2":"type-product","3":"status-publish","4":"has-post-thumbnail","6":"product_cat-nada-sitandi-a-stoli","7":"desktop-align-center","8":"tablet-align-left","9":"mobile-align-left","11":"first","12":"instock","13":"taxable","14":"shipping-taxable","15":"product-type-external"},"aioseo_notices":[],"post_mailing_queue_ids":[],"_links":{"self":[{"href":"https:\/\/statera.fo\/index.php?rest_route=\/wp\/v2\/product\/24679","targetHints":{"allow":["GET"]}}],"collection":[{"href":"https:\/\/statera.fo\/index.php?rest_route=\/wp\/v2\/product"}],"about":[{"href":"https:\/\/statera.fo\/index.php?rest_route=\/wp\/v2\/types\/product"}],"replies":[{"embeddable":true,"href":"https:\/\/statera.fo\/index.php?rest_route=%2Fwp%2Fv2%2Fcomments&post=24679"}],"wp:featuredmedia":[{"embeddable":true,"href":"https:\/\/statera.fo\/index.php?rest_route=\/wp\/v2\/media\/26247"}],"wp:attachment":[{"href":"https:\/\/statera.fo\/index.php?rest_route=%2Fwp%2Fv2%2Fmedia&parent=24679"}],"wp:term":[{"taxonomy":"product_brand","embeddable":true,"href":"https:\/\/statera.fo\/index.php?rest_route=%2Fwp%2Fv2%2Fproduct_brand&post=24679"},{"taxonomy":"product_cat","embeddable":true,"href":"https:\/\/statera.fo\/index.php?rest_route=%2Fwp%2Fv2%2Fproduct_cat&post=24679"},{"taxonomy":"product_tag","embeddable":true,"href":"https:\/\/statera.fo\/index.php?rest_route=%2Fwp%2Fv2%2Fproduct_tag&post=24679"}],"curies":[{"name":"wp","href":"https:\/\/api.w.org\/{rel}","templated":true}]}}