{"id":24682,"date":"2023-11-29T12:28:29","date_gmt":"2023-11-29T12:28:29","guid":{"rendered":"https:\/\/statera.fo\/?post_type=product&#038;p=24682"},"modified":"2026-01-25T22:13:36","modified_gmt":"2026-01-25T22:13:36","slug":"fyrsta-vidgerd-vid-akupunkturi","status":"publish","type":"product","link":"https:\/\/statera.fo\/?product=fyrsta-vidgerd-vid-akupunkturi","title":{"rendered":"Fyrsta vi\u00f0ger\u00f0 vi\u00f0 akupunkturi"},"content":{"rendered":"<p><span style=\"font-weight: 400;\">Vi\u00f0ger\u00f0 vi\u00f0 akupunkturi linnar um kropslig og s\u00e1larlig \u00e1rin.<\/span><\/p>\n<p><span style=\"font-weight: 400;\">Hettar er ein holistiskur vi\u00f0ger\u00f0arh\u00e1ttur, i\u00f0 fevnir um ta\u00f0 heila menniskja, har kroppur og s\u00e1l eru ein eind.<\/span><\/p>\n<p><span style=\"font-weight: 400;\">\u00cd vi\u00f0ger\u00f0ini br\u00faka vit n\u00e1lir, cupping, moxa, massagu, umframt r\u00e1\u00f0 um l\u00edvst\u00edl, sum er ein alney\u00f0ugur partur fyri at f\u00e1a g\u00f3\u00f0 og var\u00f0andi \u00farslit.<\/span><\/p>\n<p>&nbsp;<\/p>\n<p><span style=\"font-weight: 400;\">Til fyrstu vi\u00f0ger\u00f0 vi\u00f0 akupunkturi, pr\u00e1ta vit um, hvat ta\u00f0 er, sum t\u00fa ynskir hj\u00e1lp fyri. Vi\u00f0ger\u00f0in ver\u00f0ur s\u00ed\u00f0ani l\u00f8gd til r\u00e6ttis, \u00ed mun til j\u00fast t\u00edn.<\/span><\/p>\n<p>Fyrsta vi\u00f0ger\u00f0in er \u00ed 1 t\u00edma go 30 minuttir.<\/p>\n","protected":false},"excerpt":{"rendered":"<h4><span style=\"color: #8aa73f;\"><strong><a style=\"color: #8aa73f;\" href=\"https:\/\/statera.app4.geckobooking.dk\/site\/index.php?icCode=32a9a32b79208511f2f18e97de5d571cb9157&amp;dTpl=1\">B\u00edlegg t\u00edna vi\u00f0ger\u00f0 her<\/a><\/strong><\/span><\/h4>\n","protected":false},"featured_media":24497,"comment_status":"open","ping_status":"closed","template":"","meta":{"_uf_show_specific_survey":0,"_uf_disable_surveys":false,"site-sidebar-layout":"default","site-content-layout":"","ast-site-content-layout":"default","site-content-style":"default","site-sidebar-style":"default","ast-global-header-display":"","ast-banner-title-visibility":"","ast-main-header-display":"","ast-hfb-above-header-display":"","ast-hfb-below-header-display":"","ast-hfb-mobile-header-display":"","site-post-title":"","ast-breadcrumbs-content":"","ast-featured-img":"","footer-sml-layout":"","ast-disable-related-posts":"","theme-transparent-header-meta":"default","adv-header-id-meta":"","stick-header-meta":"","header-above-stick-meta":"","header-main-stick-meta":"","header-below-stick-meta":"","astra-migrate-meta-layouts":"set","ast-page-background-enabled":"default","ast-page-background-meta":{"desktop":{"background-color":"","background-image":"","background-repeat":"repeat","background-position":"center center","background-size":"auto","background-attachment":"scroll","background-type":"","background-media":"","overlay-type":"","overlay-color":"","overlay-opacity":"","overlay-gradient":""},"tablet":{"background-color":"","background-image":"","background-repeat":"repeat","background-position":"center center","background-size":"auto","background-attachment":"scroll","background-type":"","background-media":"","overlay-type":"","overlay-color":"","overlay-opacity":"","overlay-gradient":""},"mobile":{"background-color":"","background-image":"","background-repeat":"repeat","background-position":"center center","background-size":"auto","background-attachment":"scroll","background-type":"","background-media":"","overlay-type":"","overlay-color":"","overlay-opacity":"","overlay-gradient":""}},"ast-content-background-meta":{"desktop":{"background-color":"var(--ast-global-color-5)","background-image":"","background-repeat":"repeat","background-position":"center center","background-size":"auto","background-attachment":"scroll","background-type":"","background-media":"","overlay-type":"","overlay-color":"","overlay-opacity":"","overlay-gradient":""},"tablet":{"background-color":"var(--ast-global-color-5)","background-image":"","background-repeat":"repeat","background-position":"center center","background-size":"auto","background-attachment":"scroll","background-type":"","background-media":"","overlay-type":"","overlay-color":"","overlay-opacity":"","overlay-gradient":""},"mobile":{"background-color":"var(--ast-global-color-5)","background-image":"","background-repeat":"repeat","background-position":"center center","background-size":"auto","background-attachment":"scroll","background-type":"","background-media":"","overlay-type":"","overlay-color":"","overlay-opacity":"","overlay-gradient":""}},"_price":"800","_stock":null,"_tribe_ticket_header":"","_tribe_default_ticket_provider":"","_tribe_ticket_capacity":"0","_ticket_start_date":"","_ticket_end_date":"","_tribe_ticket_show_description":"","_tribe_ticket_show_not_going":false,"_tribe_ticket_use_global_stock":"","_tribe_ticket_global_stock_level":"","_global_stock_mode":"","_global_stock_cap":"","_tribe_rsvp_for_event":"","_tribe_ticket_going_count":"","_tribe_ticket_not_going_count":"","_tribe_tickets_list":"[]","_tribe_ticket_has_attendee_info_fields":false,"_themeisle_gutenberg_block_has_review":false},"product_brand":[],"product_cat":[52],"product_tag":[],"class_list":{"0":"post-24682","1":"product","2":"type-product","3":"status-publish","4":"has-post-thumbnail","6":"product_cat-fyrsta-vidgerd-vid-akupunkturi","7":"desktop-align-center","8":"tablet-align-left","9":"mobile-align-left","11":"first","12":"instock","13":"taxable","14":"shipping-taxable","15":"product-type-external"},"aioseo_notices":[],"post_mailing_queue_ids":[],"_links":{"self":[{"href":"https:\/\/statera.fo\/index.php?rest_route=\/wp\/v2\/product\/24682","targetHints":{"allow":["GET"]}}],"collection":[{"href":"https:\/\/statera.fo\/index.php?rest_route=\/wp\/v2\/product"}],"about":[{"href":"https:\/\/statera.fo\/index.php?rest_route=\/wp\/v2\/types\/product"}],"replies":[{"embeddable":true,"href":"https:\/\/statera.fo\/index.php?rest_route=%2Fwp%2Fv2%2Fcomments&post=24682"}],"wp:featuredmedia":[{"embeddable":true,"href":"https:\/\/statera.fo\/index.php?rest_route=\/wp\/v2\/media\/24497"}],"wp:attachment":[{"href":"https:\/\/statera.fo\/index.php?rest_route=%2Fwp%2Fv2%2Fmedia&parent=24682"}],"wp:term":[{"taxonomy":"product_brand","embeddable":true,"href":"https:\/\/statera.fo\/index.php?rest_route=%2Fwp%2Fv2%2Fproduct_brand&post=24682"},{"taxonomy":"product_cat","embeddable":true,"href":"https:\/\/statera.fo\/index.php?rest_route=%2Fwp%2Fv2%2Fproduct_cat&post=24682"},{"taxonomy":"product_tag","embeddable":true,"href":"https:\/\/statera.fo\/index.php?rest_route=%2Fwp%2Fv2%2Fproduct_tag&post=24682"}],"curies":[{"name":"wp","href":"https:\/\/api.w.org\/{rel}","templated":true}]}}