{"id":24957,"date":"2023-12-05T14:57:03","date_gmt":"2023-12-05T14:57:03","guid":{"rendered":"https:\/\/statera.fo\/?post_type=product&#038;p=24957"},"modified":"2024-02-11T14:27:43","modified_gmt":"2024-02-11T14:27:43","slug":"angelica","status":"publish","type":"product","link":"https:\/\/statera.fo\/?product=angelica","title":{"rendered":"Angelica, 5 ml"},"content":{"rendered":"<p>Sera g\u00f3\u00f0 olja, at br\u00faka, t.d. \u00ed smb vi\u00f0<\/p>\n<p>&#8211; andadr\u00e1ttavenjingar<br \/>\n&#8211; at halda fokus<br \/>\n&#8211; at minnast gla\u00f0ar l\u00f8tur<br \/>\n&#8211; at skapa fri\u00f0fullan sv\u00f8vn<\/p>\n<p>&nbsp;<\/p>\n<p>N\u00fdtslulei\u00f0beining:<\/p>\n<ul>\n<li><strong>Innanda: <\/strong>Finn t\u00edtt r\u00f3liga r\u00fam, og anda angan dj\u00fap inn. Hetta hj\u00e1lpir t\u00e6r, at finna fram t\u00edna bestu \u00fatg\u00e1vu.<\/li>\n<li><strong>\u00cd ba\u00f0ivatni\u00f0: <\/strong>Koyr f\u00e1ar dropar \u00ed vatni\u00f0 og lat einglarnar gera teirra arbei\u00f0i.<\/li>\n<li><strong>M\u00fdking: <\/strong>Sera v\u00e6l egna\u00f0 olja, at blanda \u00ed massaguolju. Serliga til sissandi m\u00fdkingar.<\/li>\n<\/ul>\n<p>&nbsp;<\/p>\n<p>Inniheldur:<\/p>\n<p><em>Angelica archangelica*<\/em> (Angelica) r\u00f3t olju.<\/p>\n<p>Kann innihalda: Benzyl benzoate**, Citral**, Citronellol**, Geraniol**, Limonene**, Linalool**<\/p>\n<p>*100% pure essential oil<\/p>\n<p>**Natural constituents of essential oils<\/p>\n","protected":false},"excerpt":{"rendered":"<p>Einglanna olja av hvonnum, vi\u00f0 sera sissandi anga.<\/p>\n","protected":false},"featured_media":24958,"comment_status":"open","ping_status":"closed","template":"","meta":{"_uf_show_specific_survey":0,"_uf_disable_surveys":false,"site-sidebar-layout":"default","site-content-layout":"","ast-site-content-layout":"default","site-content-style":"default","site-sidebar-style":"default","ast-global-header-display":"","ast-banner-title-visibility":"","ast-main-header-display":"","ast-hfb-above-header-display":"","ast-hfb-below-header-display":"","ast-hfb-mobile-header-display":"","site-post-title":"","ast-breadcrumbs-content":"","ast-featured-img":"","footer-sml-layout":"","ast-disable-related-posts":"","theme-transparent-header-meta":"default","adv-header-id-meta":"","stick-header-meta":"","header-above-stick-meta":"","header-main-stick-meta":"","header-below-stick-meta":"","astra-migrate-meta-layouts":"set","ast-page-background-enabled":"default","ast-page-background-meta":{"desktop":{"background-color":"","background-image":"","background-repeat":"repeat","background-position":"center center","background-size":"auto","background-attachment":"scroll","background-type":"","background-media":"","overlay-type":"","overlay-color":"","overlay-opacity":"","overlay-gradient":""},"tablet":{"background-color":"","background-image":"","background-repeat":"repeat","background-position":"center center","background-size":"auto","background-attachment":"scroll","background-type":"","background-media":"","overlay-type":"","overlay-color":"","overlay-opacity":"","overlay-gradient":""},"mobile":{"background-color":"","background-image":"","background-repeat":"repeat","background-position":"center center","background-size":"auto","background-attachment":"scroll","background-type":"","background-media":"","overlay-type":"","overlay-color":"","overlay-opacity":"","overlay-gradient":""}},"ast-content-background-meta":{"desktop":{"background-color":"var(--ast-global-color-5)","background-image":"","background-repeat":"repeat","background-position":"center center","background-size":"auto","background-attachment":"scroll","background-type":"","background-media":"","overlay-type":"","overlay-color":"","overlay-opacity":"","overlay-gradient":""},"tablet":{"background-color":"var(--ast-global-color-5)","background-image":"","background-repeat":"repeat","background-position":"center center","background-size":"auto","background-attachment":"scroll","background-type":"","background-media":"","overlay-type":"","overlay-color":"","overlay-opacity":"","overlay-gradient":""},"mobile":{"background-color":"var(--ast-global-color-5)","background-image":"","background-repeat":"repeat","background-position":"center center","background-size":"auto","background-attachment":"scroll","background-type":"","background-media":"","overlay-type":"","overlay-color":"","overlay-opacity":"","overlay-gradient":""}},"_price":"675","_stock":"2","_tribe_ticket_header":"","_tribe_default_ticket_provider":"","_tribe_ticket_capacity":"2","_ticket_start_date":"","_ticket_end_date":"","_tribe_ticket_show_description":"","_tribe_ticket_show_not_going":false,"_tribe_ticket_use_global_stock":"","_tribe_ticket_global_stock_level":"","_global_stock_mode":"","_global_stock_cap":"","_tribe_rsvp_for_event":"","_tribe_ticket_going_count":"","_tribe_ticket_not_going_count":"","_tribe_tickets_list":"[]","_tribe_ticket_has_attendee_info_fields":false,"_themeisle_gutenberg_block_has_review":false},"product_brand":[],"product_cat":[60],"product_tag":[],"class_list":{"0":"post-24957","1":"product","2":"type-product","3":"status-publish","4":"has-post-thumbnail","6":"product_cat-oljur","7":"desktop-align-center","8":"tablet-align-left","9":"mobile-align-left","11":"first","12":"instock","13":"taxable","14":"shipping-taxable","15":"purchasable","16":"product-type-simple"},"aioseo_notices":[],"post_mailing_queue_ids":[],"_links":{"self":[{"href":"https:\/\/statera.fo\/index.php?rest_route=\/wp\/v2\/product\/24957","targetHints":{"allow":["GET"]}}],"collection":[{"href":"https:\/\/statera.fo\/index.php?rest_route=\/wp\/v2\/product"}],"about":[{"href":"https:\/\/statera.fo\/index.php?rest_route=\/wp\/v2\/types\/product"}],"replies":[{"embeddable":true,"href":"https:\/\/statera.fo\/index.php?rest_route=%2Fwp%2Fv2%2Fcomments&post=24957"}],"wp:featuredmedia":[{"embeddable":true,"href":"https:\/\/statera.fo\/index.php?rest_route=\/wp\/v2\/media\/24958"}],"wp:attachment":[{"href":"https:\/\/statera.fo\/index.php?rest_route=%2Fwp%2Fv2%2Fmedia&parent=24957"}],"wp:term":[{"taxonomy":"product_brand","embeddable":true,"href":"https:\/\/statera.fo\/index.php?rest_route=%2Fwp%2Fv2%2Fproduct_brand&post=24957"},{"taxonomy":"product_cat","embeddable":true,"href":"https:\/\/statera.fo\/index.php?rest_route=%2Fwp%2Fv2%2Fproduct_cat&post=24957"},{"taxonomy":"product_tag","embeddable":true,"href":"https:\/\/statera.fo\/index.php?rest_route=%2Fwp%2Fv2%2Fproduct_tag&post=24957"}],"curies":[{"name":"wp","href":"https:\/\/api.w.org\/{rel}","templated":true}]}}