{"id":24959,"date":"2023-12-05T14:58:11","date_gmt":"2023-12-05T14:58:11","guid":{"rendered":"https:\/\/statera.fo\/?post_type=product&#038;p=24959"},"modified":"2024-02-10T16:42:03","modified_gmt":"2024-02-10T16:42:03","slug":"aroma-siez","status":"publish","type":"product","link":"https:\/\/statera.fo\/?product=aroma-siez","title":{"rendered":"Aroma Siez, 15 ml"},"content":{"rendered":"<p>Tak oljuna vi\u00f0 \u00ed taksuna og anda dj\u00fapt, t\u00e1 i\u00f0 t\u00e6r t\u00f8rvar.<br \/>\nKann eisini br\u00fakast sum kropsspray &#8211; oljan er t\u00e1 sera uppfr\u00edskandi fyri h\u00fa\u00f0ina. Blanda t\u00e1 nakrar dropar \u00ed vatn, og koyr \u00ed spraydunk.<\/p>\n<p>&nbsp;<\/p>\n<p>N\u00fdtslulei\u00f0beining:<\/p>\n<ul>\n<li><strong>Inhale:<\/strong> Gently breathe in the energising scent.<\/li>\n<li><strong>Beauty:<\/strong> Add a few drops to body wash for an exotic infusion.<\/li>\n<li><strong>Bathing:<\/strong> Add 6-8 drops into a hot bath for a luxurious treat.<\/li>\n<li><strong>Massage:<\/strong> Add a few drops into your carrier oil for a relaxing massage.<\/li>\n<li><strong>Perfume:<\/strong> Blends well with Frankincense, Jasmine or Myrrh.<\/li>\n<\/ul>\n<p>&nbsp;<\/p>\n<p>Inniheldur:<\/p>\n<p>Basil (<i>Ocimum basilicum<\/i>)* oil, Marjoram (<i>Origanum majorana<\/i>)* leaf oil, Lavender (<i>Lavandula angustifolia<\/i>)* oil, Peppermint (<i>Mentha piperita<\/i>)* oil, Cypress (<i>Cupressus sempervirens<\/i>)* leaf\/nut\/stem oil.<\/p>\n<p>May contain: Citral**, Coumarin**, Eugenol**, Geraniol**, Limonene**, Linalool**.<\/p>\n<p>*100% pure essential oil.<br \/>\n**Natural constituents of essential oil.<\/p>\n","protected":false},"excerpt":{"rendered":"<p>Blandingsolja, i\u00f0 stimbrar n\u00e1tt\u00farliga andadr\u00e1ttinum og fr\u00edskar h\u00fa\u00f0ina.<\/p>\n","protected":false},"featured_media":24960,"comment_status":"open","ping_status":"closed","template":"","meta":{"_uf_show_specific_survey":0,"_uf_disable_surveys":false,"site-sidebar-layout":"default","site-content-layout":"","ast-site-content-layout":"default","site-content-style":"default","site-sidebar-style":"default","ast-global-header-display":"","ast-banner-title-visibility":"","ast-main-header-display":"","ast-hfb-above-header-display":"","ast-hfb-below-header-display":"","ast-hfb-mobile-header-display":"","site-post-title":"","ast-breadcrumbs-content":"","ast-featured-img":"","footer-sml-layout":"","ast-disable-related-posts":"","theme-transparent-header-meta":"default","adv-header-id-meta":"","stick-header-meta":"","header-above-stick-meta":"","header-main-stick-meta":"","header-below-stick-meta":"","astra-migrate-meta-layouts":"set","ast-page-background-enabled":"default","ast-page-background-meta":{"desktop":{"background-color":"","background-image":"","background-repeat":"repeat","background-position":"center center","background-size":"auto","background-attachment":"scroll","background-type":"","background-media":"","overlay-type":"","overlay-color":"","overlay-opacity":"","overlay-gradient":""},"tablet":{"background-color":"","background-image":"","background-repeat":"repeat","background-position":"center center","background-size":"auto","background-attachment":"scroll","background-type":"","background-media":"","overlay-type":"","overlay-color":"","overlay-opacity":"","overlay-gradient":""},"mobile":{"background-color":"","background-image":"","background-repeat":"repeat","background-position":"center center","background-size":"auto","background-attachment":"scroll","background-type":"","background-media":"","overlay-type":"","overlay-color":"","overlay-opacity":"","overlay-gradient":""}},"ast-content-background-meta":{"desktop":{"background-color":"var(--ast-global-color-5)","background-image":"","background-repeat":"repeat","background-position":"center center","background-size":"auto","background-attachment":"scroll","background-type":"","background-media":"","overlay-type":"","overlay-color":"","overlay-opacity":"","overlay-gradient":""},"tablet":{"background-color":"var(--ast-global-color-5)","background-image":"","background-repeat":"repeat","background-position":"center center","background-size":"auto","background-attachment":"scroll","background-type":"","background-media":"","overlay-type":"","overlay-color":"","overlay-opacity":"","overlay-gradient":""},"mobile":{"background-color":"var(--ast-global-color-5)","background-image":"","background-repeat":"repeat","background-position":"center center","background-size":"auto","background-attachment":"scroll","background-type":"","background-media":"","overlay-type":"","overlay-color":"","overlay-opacity":"","overlay-gradient":""}},"_price":"599","_stock":"2","_tribe_ticket_header":"","_tribe_default_ticket_provider":"","_tribe_ticket_capacity":"","_ticket_start_date":"","_ticket_end_date":"","_tribe_ticket_show_description":"","_tribe_ticket_show_not_going":false,"_tribe_ticket_use_global_stock":"","_tribe_ticket_global_stock_level":"","_global_stock_mode":"","_global_stock_cap":"","_tribe_rsvp_for_event":"","_tribe_ticket_going_count":"","_tribe_ticket_not_going_count":"","_tribe_tickets_list":"[]","_tribe_ticket_has_attendee_info_fields":false,"_themeisle_gutenberg_block_has_review":false},"product_brand":[],"product_cat":[60],"product_tag":[],"class_list":{"0":"post-24959","1":"product","2":"type-product","3":"status-publish","4":"has-post-thumbnail","6":"product_cat-oljur","7":"desktop-align-center","8":"tablet-align-left","9":"mobile-align-left","11":"first","12":"instock","13":"taxable","14":"shipping-taxable","15":"purchasable","16":"product-type-simple"},"aioseo_notices":[],"post_mailing_queue_ids":[],"_links":{"self":[{"href":"https:\/\/statera.fo\/index.php?rest_route=\/wp\/v2\/product\/24959","targetHints":{"allow":["GET"]}}],"collection":[{"href":"https:\/\/statera.fo\/index.php?rest_route=\/wp\/v2\/product"}],"about":[{"href":"https:\/\/statera.fo\/index.php?rest_route=\/wp\/v2\/types\/product"}],"replies":[{"embeddable":true,"href":"https:\/\/statera.fo\/index.php?rest_route=%2Fwp%2Fv2%2Fcomments&post=24959"}],"wp:featuredmedia":[{"embeddable":true,"href":"https:\/\/statera.fo\/index.php?rest_route=\/wp\/v2\/media\/24960"}],"wp:attachment":[{"href":"https:\/\/statera.fo\/index.php?rest_route=%2Fwp%2Fv2%2Fmedia&parent=24959"}],"wp:term":[{"taxonomy":"product_brand","embeddable":true,"href":"https:\/\/statera.fo\/index.php?rest_route=%2Fwp%2Fv2%2Fproduct_brand&post=24959"},{"taxonomy":"product_cat","embeddable":true,"href":"https:\/\/statera.fo\/index.php?rest_route=%2Fwp%2Fv2%2Fproduct_cat&post=24959"},{"taxonomy":"product_tag","embeddable":true,"href":"https:\/\/statera.fo\/index.php?rest_route=%2Fwp%2Fv2%2Fproduct_tag&post=24959"}],"curies":[{"name":"wp","href":"https:\/\/api.w.org\/{rel}","templated":true}]}}