{"id":25175,"date":"2024-01-13T13:27:03","date_gmt":"2024-01-13T13:27:03","guid":{"rendered":"https:\/\/statera.fo\/?post_type=product&#038;p=25175"},"modified":"2024-12-04T16:33:55","modified_gmt":"2024-12-04T16:33:55","slug":"basil","status":"publish","type":"product","link":"https:\/\/statera.fo\/?product=basil","title":{"rendered":"Basil+, 5 ml"},"content":{"rendered":"<div>Basilium er kend sum gomul l\u00e6knaurt &#8211; nevnd &#8216;tann kongaliga l\u00e6knaplantan&#8217;.<\/div>\n<div><\/div>\n<div>Sum essentiel olja, hevur basilikum m.a. hesar eginleikar:<\/div>\n<ul>\n<li>antiinflammatorisk og kann minka hevilsir \u00ed li\u00f0um (ta\u00f0 er \u00ed terapeutiskum mongdum)<\/li>\n<li>stimbrar matarlystin<\/li>\n<li>sissandi<\/li>\n<li>linnar um h\u00f8vup\u00ednu<\/li>\n<li>g\u00f3\u00f0 fyri insektbit, vegna antiinflammatorisku og antibakteriellu eginleikarnar.<\/li>\n<li>sera g\u00f3\u00f0 og bleytgerandi fyri h\u00fa\u00f0ina. Ta\u00f0 er alt\u00ed\u00f0 blanda\u00f0 \u00ed t\u00ednum dagkremi ella neutralari olju.<\/li>\n<\/ul>\n<p>Basil+ hevur ein s\u00f8tan og heitan anga og smakk og er kl\u00e1r at br\u00faka \u00ed t\u00ednum yndis r\u00e6tti, vi\u00f0 basilikum sum tilhoyri. T.d. pastar\u00e6ttir, salatir ella s\u00fapanir.<\/p>\n<p>&nbsp;<\/p>\n<p>Br\u00faksveglei\u00f0ing:<\/p>\n<ul>\n<li><strong>Inhalation:<\/strong> Looking for a quick pick-me-up? Opt for this peppery scent.<\/li>\n<li><strong>Beauty:<\/strong> Add a few drops into your favourite lotion, for a moisturising burst of freshness.<\/li>\n<li><strong>Home:<\/strong> Add to cotton balls and place inside closets, drawers, or inside garbage bins for a burst of freshness.<\/li>\n<li><strong>Perfume:<\/strong> Dab onto the neckline, pulse points and chest for a reinvigorating experience.<\/li>\n<\/ul>\n<p>&nbsp;<\/p>\n<p>Innihald:<\/p>\n<div class=\"product-content c50 child-spacing\">\n<div class=\"text-block c82\">\n<div class=\"text c82\">\n<p>Basil (Ocimum basilicum)* leaf oil<\/p>\n<p>*100% pure essential oil<\/p>\n<\/div>\n<\/div>\n<\/div>\n<p>&nbsp;<\/p>\n<p>&nbsp;<\/p>\n","protected":false},"excerpt":{"rendered":"<p>Sissandi fyri sinni\u00f0. Stimbrar orkust\u00f8\u00f0i\u00f0. Antiinflammatorisk. Antibakteriel.<br \/>\nGott krydd \u00ed t\u00ednar yndisr\u00e6ttir. Sum h\u00fa\u00f0r\u00f8kt ella luktilsi.<\/p>\n","protected":false},"featured_media":25176,"comment_status":"open","ping_status":"closed","template":"","meta":{"_uf_show_specific_survey":0,"_uf_disable_surveys":false,"site-sidebar-layout":"default","site-content-layout":"","ast-site-content-layout":"default","site-content-style":"default","site-sidebar-style":"default","ast-global-header-display":"","ast-banner-title-visibility":"","ast-main-header-display":"","ast-hfb-above-header-display":"","ast-hfb-below-header-display":"","ast-hfb-mobile-header-display":"","site-post-title":"","ast-breadcrumbs-content":"","ast-featured-img":"","footer-sml-layout":"","ast-disable-related-posts":"","theme-transparent-header-meta":"default","adv-header-id-meta":"","stick-header-meta":"","header-above-stick-meta":"","header-main-stick-meta":"","header-below-stick-meta":"","astra-migrate-meta-layouts":"set","ast-page-background-enabled":"default","ast-page-background-meta":{"desktop":{"background-color":"","background-image":"","background-repeat":"repeat","background-position":"center center","background-size":"auto","background-attachment":"scroll","background-type":"","background-media":"","overlay-type":"","overlay-color":"","overlay-opacity":"","overlay-gradient":""},"tablet":{"background-color":"","background-image":"","background-repeat":"repeat","background-position":"center center","background-size":"auto","background-attachment":"scroll","background-type":"","background-media":"","overlay-type":"","overlay-color":"","overlay-opacity":"","overlay-gradient":""},"mobile":{"background-color":"","background-image":"","background-repeat":"repeat","background-position":"center center","background-size":"auto","background-attachment":"scroll","background-type":"","background-media":"","overlay-type":"","overlay-color":"","overlay-opacity":"","overlay-gradient":""}},"ast-content-background-meta":{"desktop":{"background-color":"var(--ast-global-color-5)","background-image":"","background-repeat":"repeat","background-position":"center center","background-size":"auto","background-attachment":"scroll","background-type":"","background-media":"","overlay-type":"","overlay-color":"","overlay-opacity":"","overlay-gradient":""},"tablet":{"background-color":"var(--ast-global-color-5)","background-image":"","background-repeat":"repeat","background-position":"center center","background-size":"auto","background-attachment":"scroll","background-type":"","background-media":"","overlay-type":"","overlay-color":"","overlay-opacity":"","overlay-gradient":""},"mobile":{"background-color":"var(--ast-global-color-5)","background-image":"","background-repeat":"repeat","background-position":"center center","background-size":"auto","background-attachment":"scroll","background-type":"","background-media":"","overlay-type":"","overlay-color":"","overlay-opacity":"","overlay-gradient":""}},"_price":"240","_stock":"4","_tribe_ticket_header":"","_tribe_default_ticket_provider":"","_tribe_ticket_capacity":"4","_ticket_start_date":"","_ticket_end_date":"","_tribe_ticket_show_description":"","_tribe_ticket_show_not_going":false,"_tribe_ticket_use_global_stock":"","_tribe_ticket_global_stock_level":"","_global_stock_mode":"","_global_stock_cap":"","_tribe_rsvp_for_event":"","_tribe_ticket_going_count":"","_tribe_ticket_not_going_count":"","_tribe_tickets_list":"[]","_tribe_ticket_has_attendee_info_fields":false,"_themeisle_gutenberg_block_has_review":false},"product_brand":[],"product_cat":[60],"product_tag":[],"class_list":{"0":"post-25175","1":"product","2":"type-product","3":"status-publish","4":"has-post-thumbnail","6":"product_cat-oljur","7":"desktop-align-center","8":"tablet-align-left","9":"mobile-align-left","11":"first","12":"instock","13":"taxable","14":"shipping-taxable","15":"purchasable","16":"product-type-simple"},"aioseo_notices":[],"post_mailing_queue_ids":[],"_links":{"self":[{"href":"https:\/\/statera.fo\/index.php?rest_route=\/wp\/v2\/product\/25175","targetHints":{"allow":["GET"]}}],"collection":[{"href":"https:\/\/statera.fo\/index.php?rest_route=\/wp\/v2\/product"}],"about":[{"href":"https:\/\/statera.fo\/index.php?rest_route=\/wp\/v2\/types\/product"}],"replies":[{"embeddable":true,"href":"https:\/\/statera.fo\/index.php?rest_route=%2Fwp%2Fv2%2Fcomments&post=25175"}],"wp:featuredmedia":[{"embeddable":true,"href":"https:\/\/statera.fo\/index.php?rest_route=\/wp\/v2\/media\/25176"}],"wp:attachment":[{"href":"https:\/\/statera.fo\/index.php?rest_route=%2Fwp%2Fv2%2Fmedia&parent=25175"}],"wp:term":[{"taxonomy":"product_brand","embeddable":true,"href":"https:\/\/statera.fo\/index.php?rest_route=%2Fwp%2Fv2%2Fproduct_brand&post=25175"},{"taxonomy":"product_cat","embeddable":true,"href":"https:\/\/statera.fo\/index.php?rest_route=%2Fwp%2Fv2%2Fproduct_cat&post=25175"},{"taxonomy":"product_tag","embeddable":true,"href":"https:\/\/statera.fo\/index.php?rest_route=%2Fwp%2Fv2%2Fproduct_tag&post=25175"}],"curies":[{"name":"wp","href":"https:\/\/api.w.org\/{rel}","templated":true}]}}