{"id":25183,"date":"2024-01-13T16:46:49","date_gmt":"2024-01-13T16:46:49","guid":{"rendered":"https:\/\/statera.fo\/?product=cinnamon-bark"},"modified":"2024-02-14T11:40:31","modified_gmt":"2024-02-14T11:40:31","slug":"cinnamon-bark","status":"publish","type":"product","link":"https:\/\/statera.fo\/?product=cinnamon-bark","title":{"rendered":"Cinnamon Bark, 5 ml"},"content":{"rendered":"<p>Olja fr\u00e1 innara barkinum av tropiskum eikitr\u00f8um, i\u00f0 hevur ein heitan og uggandi anga.<\/p>\n<p>Simply add a few drops of this purifying wonder oil to your favourite lotion for a nourishing addition. Or you may like to add to coconut oil, spreading from top to toe for buttery soft skin. Blends beautifully with Orange, Tea Tree and Frankincense.<\/p>\n<p>&nbsp;<\/p>\n<nav id=\"pageNavigation\" class=\"page-sidebar\">\n<div class=\"sidebar\">\n<div id=\"productsMenuGroup\" class=\"content-group c1 menu-item with-content\">\n<div class=\"menu-content two-column\"><\/div>\n<\/div>\n<\/div>\n<\/nav>\n<div id=\"pageBodyContent\">\n<div class=\"product-content-tabs\"><\/div>\n<div id=\"howToUseContent\" class=\"product-content content-block\">\n<h2>How To Use<\/h2>\n<div class=\"content\">\n<ul>\n<li><strong>Inhalation:<\/strong> Pop in your gym bag and inhale directly from the bottle for a spicy kick.<\/li>\n<li><strong>Beauty:<\/strong> Add a few drops into your favourite lotion, shower gel or carrier oil for soft skin.<\/li>\n<li><strong>Bathing:<\/strong> Run a warm bath, adding 6-8 drops, letting yourself take in the rich and comforting notes.<\/li>\n<li><strong>Massage:<\/strong> Dilute a few drops into 10 ml of Young Living V-6\u00ae Enhanced Vegetable Oil Complex, rubbing into tired muscles for an energising massage.<\/li>\n<li><strong>Perfume:<\/strong> Blend with Orange, Tea Tree or Frankincense for a sweet and spicy custom scent.<\/li>\n<\/ul>\n<\/div>\n<\/div>\n<div id=\"ingredientsContent\" class=\"product-content content-block\">\n<h2>Ingredients<\/h2>\n<div class=\"content\">\n<p>Cinnamon bark (<i>Cinnamomum zeylanicum<\/i>)* oil.<\/p>\n<p>*100% pure essential oil.<\/p>\n<\/div>\n<\/div>\n<\/div>\n","protected":false},"excerpt":{"rendered":"<p>Sissa t\u00ednar sansir vi\u00f0 krydda\u00f0u oljuni av kanelbarkanum.<\/p>\n","protected":false},"featured_media":25182,"comment_status":"open","ping_status":"closed","template":"","meta":{"_uf_show_specific_survey":0,"_uf_disable_surveys":false,"site-sidebar-layout":"default","site-content-layout":"default","ast-site-content-layout":"default","site-content-style":"default","site-sidebar-style":"default","ast-global-header-display":"","ast-banner-title-visibility":"","ast-main-header-display":"","ast-hfb-above-header-display":"","ast-hfb-below-header-display":"","ast-hfb-mobile-header-display":"","site-post-title":"","ast-breadcrumbs-content":"","ast-featured-img":"","footer-sml-layout":"","ast-disable-related-posts":"","theme-transparent-header-meta":"default","adv-header-id-meta":"","stick-header-meta":"","header-above-stick-meta":"","header-main-stick-meta":"","header-below-stick-meta":"","astra-migrate-meta-layouts":"set","ast-page-background-enabled":"default","ast-page-background-meta":{"desktop":{"background-color":"","background-image":"","background-repeat":"repeat","background-position":"center center","background-size":"auto","background-attachment":"scroll","background-type":"","background-media":"","overlay-type":"","overlay-color":"","overlay-opacity":"","overlay-gradient":""},"tablet":{"background-color":"","background-image":"","background-repeat":"repeat","background-position":"center center","background-size":"auto","background-attachment":"scroll","background-type":"","background-media":"","overlay-type":"","overlay-color":"","overlay-opacity":"","overlay-gradient":""},"mobile":{"background-color":"","background-image":"","background-repeat":"repeat","background-position":"center center","background-size":"auto","background-attachment":"scroll","background-type":"","background-media":"","overlay-type":"","overlay-color":"","overlay-opacity":"","overlay-gradient":""}},"ast-content-background-meta":{"desktop":{"background-color":"var(--ast-global-color-5)","background-image":"","background-repeat":"repeat","background-position":"center center","background-size":"auto","background-attachment":"scroll","background-type":"","background-media":"","overlay-type":"","overlay-color":"","overlay-opacity":"","overlay-gradient":""},"tablet":{"background-color":"var(--ast-global-color-5)","background-image":"","background-repeat":"repeat","background-position":"center center","background-size":"auto","background-attachment":"scroll","background-type":"","background-media":"","overlay-type":"","overlay-color":"","overlay-opacity":"","overlay-gradient":""},"mobile":{"background-color":"var(--ast-global-color-5)","background-image":"","background-repeat":"repeat","background-position":"center center","background-size":"auto","background-attachment":"scroll","background-type":"","background-media":"","overlay-type":"","overlay-color":"","overlay-opacity":"","overlay-gradient":""}},"_price":"450","_stock":"1.000000","_tribe_ticket_header":"","_tribe_default_ticket_provider":"","_tribe_ticket_capacity":"","_ticket_start_date":"","_ticket_end_date":"","_tribe_ticket_show_description":"","_tribe_ticket_show_not_going":false,"_tribe_ticket_use_global_stock":"","_tribe_ticket_global_stock_level":"","_global_stock_mode":"","_global_stock_cap":"","_tribe_rsvp_for_event":"","_tribe_ticket_going_count":"","_tribe_ticket_not_going_count":"","_tribe_tickets_list":"[]","_tribe_ticket_has_attendee_info_fields":false,"_themeisle_gutenberg_block_has_review":false},"product_brand":[],"product_cat":[60],"product_tag":[],"class_list":{"0":"post-25183","1":"product","2":"type-product","3":"status-publish","4":"has-post-thumbnail","6":"product_cat-oljur","7":"desktop-align-center","8":"tablet-align-left","9":"mobile-align-left","11":"first","12":"instock","13":"taxable","14":"shipping-taxable","15":"purchasable","16":"product-type-simple"},"aioseo_notices":[],"post_mailing_queue_ids":[],"_links":{"self":[{"href":"https:\/\/statera.fo\/index.php?rest_route=\/wp\/v2\/product\/25183","targetHints":{"allow":["GET"]}}],"collection":[{"href":"https:\/\/statera.fo\/index.php?rest_route=\/wp\/v2\/product"}],"about":[{"href":"https:\/\/statera.fo\/index.php?rest_route=\/wp\/v2\/types\/product"}],"replies":[{"embeddable":true,"href":"https:\/\/statera.fo\/index.php?rest_route=%2Fwp%2Fv2%2Fcomments&post=25183"}],"wp:featuredmedia":[{"embeddable":true,"href":"https:\/\/statera.fo\/index.php?rest_route=\/wp\/v2\/media\/25182"}],"wp:attachment":[{"href":"https:\/\/statera.fo\/index.php?rest_route=%2Fwp%2Fv2%2Fmedia&parent=25183"}],"wp:term":[{"taxonomy":"product_brand","embeddable":true,"href":"https:\/\/statera.fo\/index.php?rest_route=%2Fwp%2Fv2%2Fproduct_brand&post=25183"},{"taxonomy":"product_cat","embeddable":true,"href":"https:\/\/statera.fo\/index.php?rest_route=%2Fwp%2Fv2%2Fproduct_cat&post=25183"},{"taxonomy":"product_tag","embeddable":true,"href":"https:\/\/statera.fo\/index.php?rest_route=%2Fwp%2Fv2%2Fproduct_tag&post=25183"}],"curies":[{"name":"wp","href":"https:\/\/api.w.org\/{rel}","templated":true}]}}