{"id":25191,"date":"2024-01-13T16:46:51","date_gmt":"2024-01-13T16:46:51","guid":{"rendered":"https:\/\/statera.fo\/?product=cypress"},"modified":"2024-02-14T10:50:00","modified_gmt":"2024-02-14T10:50:00","slug":"cypress","status":"publish","type":"product","link":"https:\/\/statera.fo\/?product=cypress","title":{"rendered":"Cypress, 5 ml"},"content":{"rendered":"<p>Eteriska oljan Sypris fremur bjartskygni og r\u00f3 vi\u00f0 at sn\u00fasa einfer\u00f0 av reina luktinum av sk\u00f3gi.<\/p>\n<p>Syprisolja inniheldur eina r\u00fagvu av alfa-pinen og eigur avgj\u00f8rt at ver\u00f0a \u00ed t\u00edni oljusamling.<br \/>\nHon er veruliga br\u00fakbar og kann ver\u00f0a n\u00fdtt saman vi\u00f0 \u00f8\u00f0rum Young Living oljum til massagu og meditati\u00f3n, umframt ver\u00f0a latin \u00ed heimagj\u00f8rt h\u00fa\u00f0krem ella loti\u00f3n.<\/p>\n<p>Eginleikar:<br \/>\n&#8211; upplyftandi<br \/>\n&#8211; fri\u00f0full<br \/>\n&#8211; fremur tryggurleika<\/p>\n<p>Passar v\u00e6l sum:<br \/>\n&#8211; ein heilsug\u00f3\u00f0 h\u00e1rvi\u00f0ger\u00f0<br \/>\n&#8211; \u00ed h\u00fa\u00f0r\u00f8ktarproduktum til andliti\u00f0<br \/>\n&#8211; sum angi sum fremur kenslu av g\u00f3\u00f0kenning, tryggleika og fr\u00edskleika<\/p>\n<p>G\u00f3\u00f0 at br\u00faka saman vi\u00f0:<br \/>\n&#8211; Frankincense og Cedarwood fyri at skapa ein meditativan stemning<br \/>\n&#8211; Meriam og Copaiba til m\u00fdking<br \/>\n&#8211; Aroma Siez og Frankincense \u00ed \u00fardr\u00e1ttum til h\u00fa\u00f0r\u00f8kt.<\/p>\n<p>&nbsp;<\/p>\n<p>Innihald:<\/p>\n<p>Cypress (<em>Cupressus sempervirens<\/em>)* leaf\/nut\/stem oil.<\/p>\n<div>\n<div class=\"item c55\">May contain: Citral**, Limonene**, Linalool**.<\/div>\n<div class=\"item c55\">*100% pure essential oil.<\/div>\n<div class=\"item c55\">**Natural constituents of essential oils.<\/div>\n<\/div>\n","protected":false},"excerpt":{"rendered":"<p>Fremur r\u00f3, bjartskygni og jar\u00f0bundni.<br \/>\nKann vi\u00f0m\u00e6last sum h\u00fa\u00f0r\u00f8kt, \u00ed ba\u00f0ivatni\u00f0 ella sum eitt v\u00e6ld\u00e1mt unisexluktilsi.<\/p>\n","protected":false},"featured_media":25828,"comment_status":"open","ping_status":"closed","template":"","meta":{"_uf_show_specific_survey":0,"_uf_disable_surveys":false,"site-sidebar-layout":"default","site-content-layout":"default","ast-site-content-layout":"default","site-content-style":"default","site-sidebar-style":"default","ast-global-header-display":"","ast-banner-title-visibility":"","ast-main-header-display":"","ast-hfb-above-header-display":"","ast-hfb-below-header-display":"","ast-hfb-mobile-header-display":"","site-post-title":"","ast-breadcrumbs-content":"","ast-featured-img":"","footer-sml-layout":"","ast-disable-related-posts":"","theme-transparent-header-meta":"default","adv-header-id-meta":"","stick-header-meta":"","header-above-stick-meta":"","header-main-stick-meta":"","header-below-stick-meta":"","astra-migrate-meta-layouts":"set","ast-page-background-enabled":"default","ast-page-background-meta":{"desktop":{"background-color":"","background-image":"","background-repeat":"repeat","background-position":"center center","background-size":"auto","background-attachment":"scroll","background-type":"","background-media":"","overlay-type":"","overlay-color":"","overlay-opacity":"","overlay-gradient":""},"tablet":{"background-color":"","background-image":"","background-repeat":"repeat","background-position":"center center","background-size":"auto","background-attachment":"scroll","background-type":"","background-media":"","overlay-type":"","overlay-color":"","overlay-opacity":"","overlay-gradient":""},"mobile":{"background-color":"","background-image":"","background-repeat":"repeat","background-position":"center center","background-size":"auto","background-attachment":"scroll","background-type":"","background-media":"","overlay-type":"","overlay-color":"","overlay-opacity":"","overlay-gradient":""}},"ast-content-background-meta":{"desktop":{"background-color":"var(--ast-global-color-5)","background-image":"","background-repeat":"repeat","background-position":"center center","background-size":"auto","background-attachment":"scroll","background-type":"","background-media":"","overlay-type":"","overlay-color":"","overlay-opacity":"","overlay-gradient":""},"tablet":{"background-color":"var(--ast-global-color-5)","background-image":"","background-repeat":"repeat","background-position":"center center","background-size":"auto","background-attachment":"scroll","background-type":"","background-media":"","overlay-type":"","overlay-color":"","overlay-opacity":"","overlay-gradient":""},"mobile":{"background-color":"var(--ast-global-color-5)","background-image":"","background-repeat":"repeat","background-position":"center center","background-size":"auto","background-attachment":"scroll","background-type":"","background-media":"","overlay-type":"","overlay-color":"","overlay-opacity":"","overlay-gradient":""}},"_price":"250","_stock":"1.000000","_tribe_ticket_header":"","_tribe_default_ticket_provider":"","_tribe_ticket_capacity":"1","_ticket_start_date":"","_ticket_end_date":"","_tribe_ticket_show_description":"","_tribe_ticket_show_not_going":false,"_tribe_ticket_use_global_stock":"","_tribe_ticket_global_stock_level":"","_global_stock_mode":"","_global_stock_cap":"","_tribe_rsvp_for_event":"","_tribe_ticket_going_count":"","_tribe_ticket_not_going_count":"","_tribe_tickets_list":"[]","_tribe_ticket_has_attendee_info_fields":false,"_themeisle_gutenberg_block_has_review":false},"product_brand":[],"product_cat":[60],"product_tag":[],"class_list":{"0":"post-25191","1":"product","2":"type-product","3":"status-publish","4":"has-post-thumbnail","6":"product_cat-oljur","7":"desktop-align-center","8":"tablet-align-left","9":"mobile-align-left","11":"first","12":"instock","13":"taxable","14":"shipping-taxable","15":"purchasable","16":"product-type-simple"},"aioseo_notices":[],"post_mailing_queue_ids":[],"_links":{"self":[{"href":"https:\/\/statera.fo\/index.php?rest_route=\/wp\/v2\/product\/25191","targetHints":{"allow":["GET"]}}],"collection":[{"href":"https:\/\/statera.fo\/index.php?rest_route=\/wp\/v2\/product"}],"about":[{"href":"https:\/\/statera.fo\/index.php?rest_route=\/wp\/v2\/types\/product"}],"replies":[{"embeddable":true,"href":"https:\/\/statera.fo\/index.php?rest_route=%2Fwp%2Fv2%2Fcomments&post=25191"}],"wp:featuredmedia":[{"embeddable":true,"href":"https:\/\/statera.fo\/index.php?rest_route=\/wp\/v2\/media\/25828"}],"wp:attachment":[{"href":"https:\/\/statera.fo\/index.php?rest_route=%2Fwp%2Fv2%2Fmedia&parent=25191"}],"wp:term":[{"taxonomy":"product_brand","embeddable":true,"href":"https:\/\/statera.fo\/index.php?rest_route=%2Fwp%2Fv2%2Fproduct_brand&post=25191"},{"taxonomy":"product_cat","embeddable":true,"href":"https:\/\/statera.fo\/index.php?rest_route=%2Fwp%2Fv2%2Fproduct_cat&post=25191"},{"taxonomy":"product_tag","embeddable":true,"href":"https:\/\/statera.fo\/index.php?rest_route=%2Fwp%2Fv2%2Fproduct_tag&post=25191"}],"curies":[{"name":"wp","href":"https:\/\/api.w.org\/{rel}","templated":true}]}}