{"id":25308,"date":"2024-01-14T02:33:38","date_gmt":"2024-01-14T02:33:38","guid":{"rendered":"https:\/\/statera.fo\/?post_type=product&#038;p=25308"},"modified":"2026-02-04T19:36:43","modified_gmt":"2026-02-04T19:36:43","slug":"waterfall","status":"publish","type":"product","link":"https:\/\/statera.fo\/?product=waterfall","title":{"rendered":"Waterfall, 225 ml"},"content":{"rendered":"<p>Beskrivelse:<\/p>\n<p>Creamy Soft Cleanser.<br \/>\nKan bruges til krop, h\u00e6nder, ansigt og h\u00e5r.<\/p>\n<p>Frisk og naturlig duft, komponeret af rosmarin, bergamot og cedertr\u00e6.<br \/>\nCreamy Soft Cleanser indeholder regenererende l\u00e6geurter samt aloe vera og solsikkeolie for ekstra n\u00e6rende og fugt til huden.<\/p>\n<p>Anvendelse:<\/p>\n<p>Anvend Creamy Soft Cleanser til ansigtsrens, vask af h\u00e6nder og i bruseren til hele kroppen.<\/p>\n<p>Fugt huden, Cremen skummer op n\u00e5r den kommer i kontakt med vand.<br \/>\nMass\u00e9r blidt i cirkul\u00e6re bev\u00e6gelser.<br \/>\nSkyl af med vand.<\/p>\n<p>Renser n\u00e6nsomt huden for snavs og urenheder og efterlader huden bl\u00f8d.<br \/>\nModvirker t\u00f8rhed og forebygger udvikling af kl\u00f8e.<\/p>\n<p>Aktive ingredienser:<\/p>\n<p>Aloe Vera, Bergamot, Cedertr\u00e6, Kamille, Morgenfrue, Padderokke, Rosmarin, Solsikkeolie<\/p>\n<p>Certificering:<\/p>\n<p>Cosmos Organic<br \/>\nVegan Trademark<\/p>\n<p>INCI:<\/p>\n<p>Aloe Barbadensis Leaf Extract*, Aqua\/Water, Helianthus Annuus (Sunflower) Seed Oil*, Glyceryl Caprylate\/Caprate, Sodium Coco-Sulfate, Coco-Glucoside, Glycerin**, Anthemis Nobilis (Chamomile) Flower Water*, Calendula Officinalis Flower Water*, Cocamidopropyl Betaine, Guar Hydroxypropyltrimonium Chloride, Rosmarinus Officinalis (Rosemary) Leaf Oil*, Equisetum Arvense (Horsetail) Extract*, Cedrus Atlantica (Cedar) Bark Oil*, Citrus Aurantium Bergamia Peel (Bergamot) Oil*, Limonene\u00b0, Linalool\u00b0, Citric Acid, Potassium Sorbate, Sodium Benzoate<\/p>\n<p>*Ingredients from organic farming<\/p>\n<p>**Made using organic ingredients<\/p>\n<p>\u00b0From natural essential oils<\/p>\n<p>98% natural origin of total<\/p>\n<p>57% of the total ingredients are from organic farming<\/p>\n","protected":false},"excerpt":{"rendered":"<p>Mj\u00fak og kremut s\u00e1pa til andlit, kropp, hendur og h\u00e1r.<\/p>\n","protected":false},"featured_media":25309,"comment_status":"open","ping_status":"closed","template":"","meta":{"_uf_show_specific_survey":0,"_uf_disable_surveys":false,"site-sidebar-layout":"default","site-content-layout":"","ast-site-content-layout":"default","site-content-style":"default","site-sidebar-style":"default","ast-global-header-display":"","ast-banner-title-visibility":"","ast-main-header-display":"","ast-hfb-above-header-display":"","ast-hfb-below-header-display":"","ast-hfb-mobile-header-display":"","site-post-title":"","ast-breadcrumbs-content":"","ast-featured-img":"","footer-sml-layout":"","ast-disable-related-posts":"","theme-transparent-header-meta":"default","adv-header-id-meta":"","stick-header-meta":"","header-above-stick-meta":"","header-main-stick-meta":"","header-below-stick-meta":"","astra-migrate-meta-layouts":"set","ast-page-background-enabled":"default","ast-page-background-meta":{"desktop":{"background-color":"","background-image":"","background-repeat":"repeat","background-position":"center center","background-size":"auto","background-attachment":"scroll","background-type":"","background-media":"","overlay-type":"","overlay-color":"","overlay-opacity":"","overlay-gradient":""},"tablet":{"background-color":"","background-image":"","background-repeat":"repeat","background-position":"center center","background-size":"auto","background-attachment":"scroll","background-type":"","background-media":"","overlay-type":"","overlay-color":"","overlay-opacity":"","overlay-gradient":""},"mobile":{"background-color":"","background-image":"","background-repeat":"repeat","background-position":"center center","background-size":"auto","background-attachment":"scroll","background-type":"","background-media":"","overlay-type":"","overlay-color":"","overlay-opacity":"","overlay-gradient":""}},"ast-content-background-meta":{"desktop":{"background-color":"var(--ast-global-color-5)","background-image":"","background-repeat":"repeat","background-position":"center center","background-size":"auto","background-attachment":"scroll","background-type":"","background-media":"","overlay-type":"","overlay-color":"","overlay-opacity":"","overlay-gradient":""},"tablet":{"background-color":"var(--ast-global-color-5)","background-image":"","background-repeat":"repeat","background-position":"center center","background-size":"auto","background-attachment":"scroll","background-type":"","background-media":"","overlay-type":"","overlay-color":"","overlay-opacity":"","overlay-gradient":""},"mobile":{"background-color":"var(--ast-global-color-5)","background-image":"","background-repeat":"repeat","background-position":"center center","background-size":"auto","background-attachment":"scroll","background-type":"","background-media":"","overlay-type":"","overlay-color":"","overlay-opacity":"","overlay-gradient":""}},"_price":"225","_stock":"1","_tribe_ticket_header":"","_tribe_default_ticket_provider":"","_tribe_ticket_capacity":"","_ticket_start_date":"","_ticket_end_date":"","_tribe_ticket_show_description":"","_tribe_ticket_show_not_going":false,"_tribe_ticket_use_global_stock":"","_tribe_ticket_global_stock_level":"","_global_stock_mode":"","_global_stock_cap":"","_tribe_rsvp_for_event":"","_tribe_ticket_going_count":"","_tribe_ticket_not_going_count":"","_tribe_tickets_list":"[]","_tribe_ticket_has_attendee_info_fields":false,"_themeisle_gutenberg_block_has_review":false},"product_brand":[103],"product_cat":[39,66,70],"product_tag":[],"class_list":{"0":"post-25308","1":"product","2":"type-product","3":"status-publish","4":"has-post-thumbnail","6":"product_brand-lucia-care","7":"product_cat-fridkandi-akupunkturur","8":"product_cat-luciacare","9":"product_cat-vardveit-titt-vakra-andlit","10":"desktop-align-center","11":"tablet-align-left","12":"mobile-align-left","14":"first","15":"instock","16":"taxable","17":"shipping-taxable","18":"purchasable","19":"product-type-simple"},"aioseo_notices":[],"post_mailing_queue_ids":[],"_links":{"self":[{"href":"https:\/\/statera.fo\/index.php?rest_route=\/wp\/v2\/product\/25308","targetHints":{"allow":["GET"]}}],"collection":[{"href":"https:\/\/statera.fo\/index.php?rest_route=\/wp\/v2\/product"}],"about":[{"href":"https:\/\/statera.fo\/index.php?rest_route=\/wp\/v2\/types\/product"}],"replies":[{"embeddable":true,"href":"https:\/\/statera.fo\/index.php?rest_route=%2Fwp%2Fv2%2Fcomments&post=25308"}],"wp:featuredmedia":[{"embeddable":true,"href":"https:\/\/statera.fo\/index.php?rest_route=\/wp\/v2\/media\/25309"}],"wp:attachment":[{"href":"https:\/\/statera.fo\/index.php?rest_route=%2Fwp%2Fv2%2Fmedia&parent=25308"}],"wp:term":[{"taxonomy":"product_brand","embeddable":true,"href":"https:\/\/statera.fo\/index.php?rest_route=%2Fwp%2Fv2%2Fproduct_brand&post=25308"},{"taxonomy":"product_cat","embeddable":true,"href":"https:\/\/statera.fo\/index.php?rest_route=%2Fwp%2Fv2%2Fproduct_cat&post=25308"},{"taxonomy":"product_tag","embeddable":true,"href":"https:\/\/statera.fo\/index.php?rest_route=%2Fwp%2Fv2%2Fproduct_tag&post=25308"}],"curies":[{"name":"wp","href":"https:\/\/api.w.org\/{rel}","templated":true}]}}