{"id":25310,"date":"2024-01-14T02:34:52","date_gmt":"2024-01-14T02:34:52","guid":{"rendered":"https:\/\/statera.fo\/?post_type=product&#038;p=25310"},"modified":"2026-02-04T19:32:00","modified_gmt":"2026-02-04T19:32:00","slug":"morning-dewdrops","status":"publish","type":"product","link":"https:\/\/statera.fo\/?product=morning-dewdrops","title":{"rendered":"Morning Dewdrops, 100 ml"},"content":{"rendered":"<p>Beskrivelse:<\/p>\n<p>Deep Hydration Mist and Light Serum til ansigt<\/p>\n<p>Genopfrisker \u00f8jeblikkeligt din hud og forsegler fugt i huden.<\/p>\n<p>Indeholder antiinflammatorisk morgenfrue, fugtbevarende aloe vera samt hyaluronsyre som binder fugt dybt i huden.<\/p>\n<p>Perfekt n\u00e5r du har brug for et boost af fugt eller energi.<\/p>\n<p>Anvendelse:<\/p>\n<p>Brug misten morgen og aften, og gerne i l\u00f8bet af dagen, hvis du har brug for opfriskning.<\/p>\n<p>Mild fugtgiver p\u00e5 ren hud. Brug f\u00f8r din ansigtscreme eller olie.<\/p>\n<p>Aktive ingredienser:<\/p>\n<p>Aloe Vera, Bergamot, Cedertr\u00e6, Hyaluronsyre, Kamille, Morgenfrue, Rosmarin<\/p>\n<p>Certificering:<\/p>\n<p>Vegan Trademark<\/p>\n<p>INCI:<\/p>\n<p>Aloe Barbadensis Leaf Extract*, Aqua\/Water, Anthemis Nobilis (Chamomile) Flower Water*, Calendula Officinalis Flower Water*, Pentylene glycol, Glycerin**, Sodium PCA, PEG-40 Hydrogenated Castor Oil, Sodium Hyaluronate, Rosmarinus Officinalis (Rosemary) Leaf Oil*, Cedrus Atlantica (Cedar) Bark Oil*, Citrus Aurantium Bergamia (Bergamot) Peel Oil*, Limonene\u00b0, Linalool\u00b0, Citric Acid, Sodium Benzoate, Potassium Sorbate<\/p>\n<p>*Ingredients from organic farming<\/p>\n<p>**Made using organic ingredients<\/p>\n<p>\u00b0from natural essential oils<\/p>\n<p>99% natural origin of total<\/p>\n<p>68% of the total ingredients are from organic farming<\/p>\n","protected":false},"excerpt":{"rendered":"<p>Mist, sum fr\u00edskar andlitsh\u00fa\u00f0ina alt fyri eitt<\/p>\n","protected":false},"featured_media":25311,"comment_status":"open","ping_status":"closed","template":"","meta":{"_uf_show_specific_survey":0,"_uf_disable_surveys":false,"site-sidebar-layout":"default","site-content-layout":"","ast-site-content-layout":"default","site-content-style":"default","site-sidebar-style":"default","ast-global-header-display":"","ast-banner-title-visibility":"","ast-main-header-display":"","ast-hfb-above-header-display":"","ast-hfb-below-header-display":"","ast-hfb-mobile-header-display":"","site-post-title":"","ast-breadcrumbs-content":"","ast-featured-img":"","footer-sml-layout":"","ast-disable-related-posts":"","theme-transparent-header-meta":"default","adv-header-id-meta":"","stick-header-meta":"","header-above-stick-meta":"","header-main-stick-meta":"","header-below-stick-meta":"","astra-migrate-meta-layouts":"set","ast-page-background-enabled":"default","ast-page-background-meta":{"desktop":{"background-color":"","background-image":"","background-repeat":"repeat","background-position":"center center","background-size":"auto","background-attachment":"scroll","background-type":"","background-media":"","overlay-type":"","overlay-color":"","overlay-opacity":"","overlay-gradient":""},"tablet":{"background-color":"","background-image":"","background-repeat":"repeat","background-position":"center center","background-size":"auto","background-attachment":"scroll","background-type":"","background-media":"","overlay-type":"","overlay-color":"","overlay-opacity":"","overlay-gradient":""},"mobile":{"background-color":"","background-image":"","background-repeat":"repeat","background-position":"center center","background-size":"auto","background-attachment":"scroll","background-type":"","background-media":"","overlay-type":"","overlay-color":"","overlay-opacity":"","overlay-gradient":""}},"ast-content-background-meta":{"desktop":{"background-color":"var(--ast-global-color-5)","background-image":"","background-repeat":"repeat","background-position":"center center","background-size":"auto","background-attachment":"scroll","background-type":"","background-media":"","overlay-type":"","overlay-color":"","overlay-opacity":"","overlay-gradient":""},"tablet":{"background-color":"var(--ast-global-color-5)","background-image":"","background-repeat":"repeat","background-position":"center center","background-size":"auto","background-attachment":"scroll","background-type":"","background-media":"","overlay-type":"","overlay-color":"","overlay-opacity":"","overlay-gradient":""},"mobile":{"background-color":"var(--ast-global-color-5)","background-image":"","background-repeat":"repeat","background-position":"center center","background-size":"auto","background-attachment":"scroll","background-type":"","background-media":"","overlay-type":"","overlay-color":"","overlay-opacity":"","overlay-gradient":""}},"_price":"360","_stock":"0","_tribe_ticket_header":"","_tribe_default_ticket_provider":"","_tribe_ticket_capacity":"4","_ticket_start_date":"","_ticket_end_date":"","_tribe_ticket_show_description":"","_tribe_ticket_show_not_going":false,"_tribe_ticket_use_global_stock":"","_tribe_ticket_global_stock_level":"","_global_stock_mode":"","_global_stock_cap":"","_tribe_rsvp_for_event":"","_tribe_ticket_going_count":"","_tribe_ticket_not_going_count":"","_tribe_tickets_list":"[]","_tribe_ticket_has_attendee_info_fields":false,"_themeisle_gutenberg_block_has_review":false},"product_brand":[103],"product_cat":[39,66],"product_tag":[],"class_list":{"0":"post-25310","1":"product","2":"type-product","3":"status-publish","4":"has-post-thumbnail","6":"product_brand-lucia-care","7":"product_cat-fridkandi-akupunkturur","8":"product_cat-luciacare","9":"desktop-align-center","10":"tablet-align-left","11":"mobile-align-left","13":"first","14":"onbackorder","15":"taxable","16":"shipping-taxable","17":"purchasable","18":"product-type-simple"},"aioseo_notices":[],"post_mailing_queue_ids":[],"_links":{"self":[{"href":"https:\/\/statera.fo\/index.php?rest_route=\/wp\/v2\/product\/25310","targetHints":{"allow":["GET"]}}],"collection":[{"href":"https:\/\/statera.fo\/index.php?rest_route=\/wp\/v2\/product"}],"about":[{"href":"https:\/\/statera.fo\/index.php?rest_route=\/wp\/v2\/types\/product"}],"replies":[{"embeddable":true,"href":"https:\/\/statera.fo\/index.php?rest_route=%2Fwp%2Fv2%2Fcomments&post=25310"}],"wp:featuredmedia":[{"embeddable":true,"href":"https:\/\/statera.fo\/index.php?rest_route=\/wp\/v2\/media\/25311"}],"wp:attachment":[{"href":"https:\/\/statera.fo\/index.php?rest_route=%2Fwp%2Fv2%2Fmedia&parent=25310"}],"wp:term":[{"taxonomy":"product_brand","embeddable":true,"href":"https:\/\/statera.fo\/index.php?rest_route=%2Fwp%2Fv2%2Fproduct_brand&post=25310"},{"taxonomy":"product_cat","embeddable":true,"href":"https:\/\/statera.fo\/index.php?rest_route=%2Fwp%2Fv2%2Fproduct_cat&post=25310"},{"taxonomy":"product_tag","embeddable":true,"href":"https:\/\/statera.fo\/index.php?rest_route=%2Fwp%2Fv2%2Fproduct_tag&post=25310"}],"curies":[{"name":"wp","href":"https:\/\/api.w.org\/{rel}","templated":true}]}}