{"id":25316,"date":"2024-01-14T02:37:33","date_gmt":"2024-01-14T02:37:33","guid":{"rendered":"https:\/\/statera.fo\/?post_type=product&#038;p=25316"},"modified":"2026-02-11T17:38:45","modified_gmt":"2026-02-11T17:38:45","slug":"serenity-now","status":"publish","type":"product","link":"https:\/\/statera.fo\/?product=serenity-now","title":{"rendered":"Serenity Now, 75 ml og 200 ml"},"content":{"rendered":"<p>Beskrivelse:<\/p>\n<p>Rich Rescue Cream til ansigt, h\u00e6nder, f\u00f8dder og beskadiget hud.<\/p>\n<p>N\u00e6rende, plejende og fugtgivende creme udviklet specielt til t\u00f8r hud der har brug for intensiv fugtpleje.<\/p>\n<p>Rich Rescue Cream regenererer hudens beskyttende barriere. Cremen absorberes med det samme og efterlader huden bl\u00f8d og m\u00e6ttet af fugt.<\/p>\n<p>Anvendelse:<\/p>\n<p>Kan anvendes i ansigtet og overalt p\u00e5 kroppen.<\/p>\n<p>Brug cremen p\u00e5 t\u00f8r hud, vinterkinder, solskoldning, h\u00e6nder, albuer og sprukne f\u00f8dder. Mass\u00e9r cremen ind p\u00e5 anvendte omr\u00e5der.<\/p>\n<p>Cremen kan benyttes morgen og aften og gerne flere gange dagligt.<\/p>\n<p>Tip<\/p>\n<p>Anvend som fugtgivende ansigtsmaske, anbefales natten over, s\u00e5 huden f\u00e5r ro til at tage imod de virksomme ingredienser.<\/p>\n<p>Cremen kan give r\u00f8dme og en f\u00f8lelse af varme p\u00e5 sart og f\u00f8lsom ansigtshud. Det er helt normalt og g\u00e5r v\u00e6k igen.<br \/>\nR\u00f8dmen er et tegn p\u00e5, at cremens mange aktive ingredienser virker i dybden p\u00e5 huden.<\/p>\n<p>Aktive ingredienser:<\/p>\n<p>Aloe Vera, Bergamot, Cedertr\u00e6, E-Vitamin, Hyaluronsyre, Kamille, Morgenfrue, Olivenolie, Padderokke, Rosmarin, Sheasm\u00f8r, Solsikkeolie<\/p>\n<p>Certificering:<\/p>\n<p>Vegan Trademark<\/p>\n<p>Cosmos Organic<\/p>\n<p>INCI:<br \/>\nAloe Barbadensis Leaf Extract*, Helianthus Annuus (Sunflower) Seed Oil*, Olea Europaea (Olive) Fruit Oil*, Cetearyl Alcohol, Butyrospermum Parkii (Shea) Butter*, Cetearyl Glucoside, Aqua\/Water, Anthemis Nobilis Flower (Chamomile) Water*, Calendula Officinalis Flower Water*, Glycerin**, Glyceryl Stearate, Equisetum Arvense (Horsetail) Extract*, Sodium Stearoyl Glutamate, Rosmarinus Officinalis (Rosemary) Leaf Oil*, Tocopherol, Cedrus Atlantica (Cedar) Bark Oil*, Sodium Hyaluronate, Glycine Soja (Soybean) Oil, Citrus Aurantium Bergamia (Bergamot) Peel Oil*, Limonene\u00b0, Linalool\u00b0, Citric Acid, Sodium Benzoate, Potassium Sorbate<\/p>\n<p>*Ingredients from organic farming<\/p>\n<p>**Made using organic ingredients<\/p>\n<p>\u00b0from natural essential oils<\/p>\n<p>99% natural origin of total<\/p>\n<p>85% of the total ingredients are from organic farming<\/p>\n","protected":false},"excerpt":{"rendered":"<p>Fleirvirkandi alfevnt krem til hendur, andlit, f\u00f8tur og allan kroppin.<\/p>\n","protected":false},"featured_media":25317,"comment_status":"open","ping_status":"closed","template":"","meta":{"_uf_show_specific_survey":0,"_uf_disable_surveys":false,"site-sidebar-layout":"default","site-content-layout":"","ast-site-content-layout":"default","site-content-style":"default","site-sidebar-style":"default","ast-global-header-display":"","ast-banner-title-visibility":"","ast-main-header-display":"","ast-hfb-above-header-display":"","ast-hfb-below-header-display":"","ast-hfb-mobile-header-display":"","site-post-title":"","ast-breadcrumbs-content":"","ast-featured-img":"","footer-sml-layout":"","ast-disable-related-posts":"","theme-transparent-header-meta":"default","adv-header-id-meta":"","stick-header-meta":"","header-above-stick-meta":"","header-main-stick-meta":"","header-below-stick-meta":"","astra-migrate-meta-layouts":"set","ast-page-background-enabled":"default","ast-page-background-meta":{"desktop":{"background-color":"","background-image":"","background-repeat":"repeat","background-position":"center center","background-size":"auto","background-attachment":"scroll","background-type":"","background-media":"","overlay-type":"","overlay-color":"","overlay-opacity":"","overlay-gradient":""},"tablet":{"background-color":"","background-image":"","background-repeat":"repeat","background-position":"center center","background-size":"auto","background-attachment":"scroll","background-type":"","background-media":"","overlay-type":"","overlay-color":"","overlay-opacity":"","overlay-gradient":""},"mobile":{"background-color":"","background-image":"","background-repeat":"repeat","background-position":"center center","background-size":"auto","background-attachment":"scroll","background-type":"","background-media":"","overlay-type":"","overlay-color":"","overlay-opacity":"","overlay-gradient":""}},"ast-content-background-meta":{"desktop":{"background-color":"var(--ast-global-color-5)","background-image":"","background-repeat":"repeat","background-position":"center center","background-size":"auto","background-attachment":"scroll","background-type":"","background-media":"","overlay-type":"","overlay-color":"","overlay-opacity":"","overlay-gradient":""},"tablet":{"background-color":"var(--ast-global-color-5)","background-image":"","background-repeat":"repeat","background-position":"center center","background-size":"auto","background-attachment":"scroll","background-type":"","background-media":"","overlay-type":"","overlay-color":"","overlay-opacity":"","overlay-gradient":""},"mobile":{"background-color":"var(--ast-global-color-5)","background-image":"","background-repeat":"repeat","background-position":"center center","background-size":"auto","background-attachment":"scroll","background-type":"","background-media":"","overlay-type":"","overlay-color":"","overlay-opacity":"","overlay-gradient":""}},"_price":"220","_stock":"2","_tribe_ticket_header":"","_tribe_default_ticket_provider":"","_tribe_ticket_capacity":"8","_ticket_start_date":"","_ticket_end_date":"","_tribe_ticket_show_description":"","_tribe_ticket_show_not_going":false,"_tribe_ticket_use_global_stock":"","_tribe_ticket_global_stock_level":"","_global_stock_mode":"","_global_stock_cap":"","_tribe_rsvp_for_event":"","_tribe_ticket_going_count":"","_tribe_ticket_not_going_count":"","_tribe_tickets_list":"[]","_tribe_ticket_has_attendee_info_fields":false,"_themeisle_gutenberg_block_has_review":false},"product_brand":[103],"product_cat":[66],"product_tag":[],"class_list":{"0":"post-25316","1":"product","2":"type-product","3":"status-publish","4":"has-post-thumbnail","6":"product_brand-lucia-care","7":"product_cat-luciacare","8":"desktop-align-center","9":"tablet-align-left","10":"mobile-align-left","12":"first","13":"instock","14":"taxable","15":"shipping-taxable","16":"purchasable","17":"product-type-variable"},"aioseo_notices":[],"post_mailing_queue_ids":[],"_links":{"self":[{"href":"https:\/\/statera.fo\/index.php?rest_route=\/wp\/v2\/product\/25316","targetHints":{"allow":["GET"]}}],"collection":[{"href":"https:\/\/statera.fo\/index.php?rest_route=\/wp\/v2\/product"}],"about":[{"href":"https:\/\/statera.fo\/index.php?rest_route=\/wp\/v2\/types\/product"}],"replies":[{"embeddable":true,"href":"https:\/\/statera.fo\/index.php?rest_route=%2Fwp%2Fv2%2Fcomments&post=25316"}],"wp:featuredmedia":[{"embeddable":true,"href":"https:\/\/statera.fo\/index.php?rest_route=\/wp\/v2\/media\/25317"}],"wp:attachment":[{"href":"https:\/\/statera.fo\/index.php?rest_route=%2Fwp%2Fv2%2Fmedia&parent=25316"}],"wp:term":[{"taxonomy":"product_brand","embeddable":true,"href":"https:\/\/statera.fo\/index.php?rest_route=%2Fwp%2Fv2%2Fproduct_brand&post=25316"},{"taxonomy":"product_cat","embeddable":true,"href":"https:\/\/statera.fo\/index.php?rest_route=%2Fwp%2Fv2%2Fproduct_cat&post=25316"},{"taxonomy":"product_tag","embeddable":true,"href":"https:\/\/statera.fo\/index.php?rest_route=%2Fwp%2Fv2%2Fproduct_tag&post=25316"}],"curies":[{"name":"wp","href":"https:\/\/api.w.org\/{rel}","templated":true}]}}