{"id":25320,"date":"2024-01-14T02:39:12","date_gmt":"2024-01-14T02:39:12","guid":{"rendered":"https:\/\/statera.fo\/?post_type=product&#038;p=25320"},"modified":"2026-02-04T19:34:46","modified_gmt":"2026-02-04T19:34:46","slug":"peaceful-moment","status":"publish","type":"product","link":"https:\/\/statera.fo\/?product=peaceful-moment","title":{"rendered":"Peaceful Moment, 100 ml"},"content":{"rendered":"<p>Beskrivelse:<\/p>\n<p>Revitalising Oil er en multifunktionel olie til ansigt og krop.<\/p>\n<p>Brug olien i ansigtet, p\u00e5 kroppen, i badet og til massage<\/p>\n<p>Revitalising Oil er opbygget af \u00f8kologiske planteolier og indeholder padderokke, rosmarin, mandelolie, E- vitamin og er rig p\u00e5 antioxidanter.<br \/>\nDenne s\u00e6rlige sammens\u00e6tning styrker og \u00f8ger sp\u00e6ndstigheden i huden.<\/p>\n<p>Olien absorberes hurtigt og tilf\u00f8rer fugt, n\u00e6ring og elasticitet til huden.<\/p>\n<p>&nbsp;<\/p>\n<p><strong>Anvendelse<\/strong>:<\/p>\n<p>&nbsp;<\/p>\n<p><em>Ansigt<\/em><\/p>\n<p>Rens ansigtet og tilf\u00f8r fugt til huden med Deep Hydrating Mist and Light Serum.<\/p>\n<p>Masser n\u00e6nsomt olien ind i huden i ansigtet og p\u00e5 halsen.<\/p>\n<p>Den kan anvendes over DeStress Day Lotion eller Rich Regenerative Face Cream for ekstra n\u00e6rende pleje.<\/p>\n<p>&nbsp;<\/p>\n<p><em>Krop<\/em><\/p>\n<p>P\u00e5f\u00f8res p\u00e5 ren hud over hele kroppen, gerne n\u00e5r huden stadig er fugtig.<br \/>\nOlien hj\u00e6lper med at tr\u00e6kke fugten ind i huden.<\/p>\n<p>Olien er dr\u00f8j i brug \u2013 3-4 pump er nok til hele kroppen.<\/p>\n<p>&nbsp;<\/p>\n<p><em>Bad<\/em><\/p>\n<p>Olien kan anvendes i et varmt karbad, i h\u00e5ndbad eller i fodbad.<\/p>\n<p>Giver afsp\u00e6nding, ro og varme. N\u00e6rer og vitaliserer krop, sind og \u00e5nd.<\/p>\n<p>&nbsp;<\/p>\n<p><em>Massage<\/em><\/p>\n<p>L\u00e6geurternes lindrende og varmende egenskaber g\u00f8r olien ideel til massage.<\/p>\n<p>&nbsp;<\/p>\n<p><em>Aktive ingredienser<\/em>:<\/p>\n<p>Bergamot, Cedertr\u00e6, E-Vitamin, Mandelolie, Padderokke, Rosmarin, Solsikkeolie<\/p>\n<p>&nbsp;<\/p>\n<p><em>Certificering<\/em>:<\/p>\n<p>Vegan Trademark<\/p>\n<p>Cosmos Organic<\/p>\n<p>&nbsp;<\/p>\n<p>INCI:<\/p>\n<p>Helianthus Annuus (Sunflower) Seed Oil*, Olus (Vegetable) Oil, Caprylic\/Capric Triglyceride, Prunus Amygdalus Dulcis (Sweet Almond) Oil*, Undecane, Tridecane, Equisetum Arvense (Horsetail) Extract*, Tocopherol, Rosmarinus Officinalis (Rosemary) Leaf Oil*, Cedrus Atlantica (Cedar) Bark Oil*, Glycine Soja (Soybean) Oil, Citrus Aurantium Bergamia (Bergamot) Peel Oil*, Citric Acid, Limonene\u00b0, Linalool\u00b0<\/p>\n<p>&nbsp;<\/p>\n<p>*Ingredients from organic farming<\/p>\n<p>\u00b0From natural essential oils<\/p>\n<p>100% natural origin of total<\/p>\n<p>39% of the total ingredients are from organic farming<\/p>\n","protected":false},"excerpt":{"rendered":"<p>Avstreingjandi og yngjandi \u2013 til andlit og kropp.<\/p>\n","protected":false},"featured_media":25321,"comment_status":"open","ping_status":"closed","template":"","meta":{"_uf_show_specific_survey":0,"_uf_disable_surveys":false,"site-sidebar-layout":"default","site-content-layout":"","ast-site-content-layout":"default","site-content-style":"default","site-sidebar-style":"default","ast-global-header-display":"","ast-banner-title-visibility":"","ast-main-header-display":"","ast-hfb-above-header-display":"","ast-hfb-below-header-display":"","ast-hfb-mobile-header-display":"","site-post-title":"","ast-breadcrumbs-content":"","ast-featured-img":"","footer-sml-layout":"","ast-disable-related-posts":"","theme-transparent-header-meta":"default","adv-header-id-meta":"","stick-header-meta":"","header-above-stick-meta":"","header-main-stick-meta":"","header-below-stick-meta":"","astra-migrate-meta-layouts":"set","ast-page-background-enabled":"default","ast-page-background-meta":{"desktop":{"background-color":"","background-image":"","background-repeat":"repeat","background-position":"center center","background-size":"auto","background-attachment":"scroll","background-type":"","background-media":"","overlay-type":"","overlay-color":"","overlay-opacity":"","overlay-gradient":""},"tablet":{"background-color":"","background-image":"","background-repeat":"repeat","background-position":"center center","background-size":"auto","background-attachment":"scroll","background-type":"","background-media":"","overlay-type":"","overlay-color":"","overlay-opacity":"","overlay-gradient":""},"mobile":{"background-color":"","background-image":"","background-repeat":"repeat","background-position":"center center","background-size":"auto","background-attachment":"scroll","background-type":"","background-media":"","overlay-type":"","overlay-color":"","overlay-opacity":"","overlay-gradient":""}},"ast-content-background-meta":{"desktop":{"background-color":"var(--ast-global-color-5)","background-image":"","background-repeat":"repeat","background-position":"center center","background-size":"auto","background-attachment":"scroll","background-type":"","background-media":"","overlay-type":"","overlay-color":"","overlay-opacity":"","overlay-gradient":""},"tablet":{"background-color":"var(--ast-global-color-5)","background-image":"","background-repeat":"repeat","background-position":"center center","background-size":"auto","background-attachment":"scroll","background-type":"","background-media":"","overlay-type":"","overlay-color":"","overlay-opacity":"","overlay-gradient":""},"mobile":{"background-color":"var(--ast-global-color-5)","background-image":"","background-repeat":"repeat","background-position":"center center","background-size":"auto","background-attachment":"scroll","background-type":"","background-media":"","overlay-type":"","overlay-color":"","overlay-opacity":"","overlay-gradient":""}},"_price":"395","_stock":"3","_tribe_ticket_header":"","_tribe_default_ticket_provider":"","_tribe_ticket_capacity":"5","_ticket_start_date":"","_ticket_end_date":"","_tribe_ticket_show_description":"","_tribe_ticket_show_not_going":false,"_tribe_ticket_use_global_stock":"","_tribe_ticket_global_stock_level":"","_global_stock_mode":"","_global_stock_cap":"","_tribe_rsvp_for_event":"","_tribe_ticket_going_count":"","_tribe_ticket_not_going_count":"","_tribe_tickets_list":"[]","_tribe_ticket_has_attendee_info_fields":false,"_themeisle_gutenberg_block_has_review":false},"product_brand":[103],"product_cat":[34,73,39,66,70],"product_tag":[],"class_list":{"0":"post-25320","1":"product","2":"type-product","3":"status-publish","4":"has-post-thumbnail","6":"product_brand-lucia-care","7":"product_cat-cupping-myking","8":"product_cat-cupping","9":"product_cat-fridkandi-akupunkturur","10":"product_cat-luciacare","11":"product_cat-vardveit-titt-vakra-andlit","12":"desktop-align-center","13":"tablet-align-left","14":"mobile-align-left","16":"first","17":"instock","18":"taxable","19":"shipping-taxable","20":"purchasable","21":"product-type-simple"},"aioseo_notices":[],"post_mailing_queue_ids":[],"_links":{"self":[{"href":"https:\/\/statera.fo\/index.php?rest_route=\/wp\/v2\/product\/25320","targetHints":{"allow":["GET"]}}],"collection":[{"href":"https:\/\/statera.fo\/index.php?rest_route=\/wp\/v2\/product"}],"about":[{"href":"https:\/\/statera.fo\/index.php?rest_route=\/wp\/v2\/types\/product"}],"replies":[{"embeddable":true,"href":"https:\/\/statera.fo\/index.php?rest_route=%2Fwp%2Fv2%2Fcomments&post=25320"}],"wp:featuredmedia":[{"embeddable":true,"href":"https:\/\/statera.fo\/index.php?rest_route=\/wp\/v2\/media\/25321"}],"wp:attachment":[{"href":"https:\/\/statera.fo\/index.php?rest_route=%2Fwp%2Fv2%2Fmedia&parent=25320"}],"wp:term":[{"taxonomy":"product_brand","embeddable":true,"href":"https:\/\/statera.fo\/index.php?rest_route=%2Fwp%2Fv2%2Fproduct_brand&post=25320"},{"taxonomy":"product_cat","embeddable":true,"href":"https:\/\/statera.fo\/index.php?rest_route=%2Fwp%2Fv2%2Fproduct_cat&post=25320"},{"taxonomy":"product_tag","embeddable":true,"href":"https:\/\/statera.fo\/index.php?rest_route=%2Fwp%2Fv2%2Fproduct_tag&post=25320"}],"curies":[{"name":"wp","href":"https:\/\/api.w.org\/{rel}","templated":true}]}}