{"id":25545,"date":"2024-01-19T12:47:11","date_gmt":"2024-01-19T12:47:11","guid":{"rendered":"https:\/\/statera.fo\/?post_type=product&#038;p=25545"},"modified":"2026-02-04T19:34:06","modified_gmt":"2026-02-04T19:34:06","slug":"ocean-dive","status":"publish","type":"product","link":"https:\/\/statera.fo\/?product=ocean-dive","title":{"rendered":"Ocean Dive, 200 ml"},"content":{"rendered":"<p><strong>Beskrivelse:<\/strong><\/p>\n<p>Nourishing Salt Scrub til krop, h\u00e6nder og f\u00f8dder.<\/p>\n<p>Anvend Nourishing Salt Scrub i badet, til vinterbadning og i et h\u00e5nd- eller fodbad.<\/p>\n<p>Olien tilf\u00f8rer fugt, n\u00e6ring, elasticitet og gl\u00f8d til huden. Havsaltet renser i dybden, eksfolierer og fjerner d\u00f8de hudceller.<\/p>\n<p>Efterlader huden silkebl\u00f8d og glat med en sund gl\u00f8d.<\/p>\n<p>Havsalt og den kiselholdige padderokke er med til at h\u00e6mme den for\u00f8gede deling og v\u00e6kst af hudceller der kan opst\u00e5 ved t\u00f8r og sk\u00e6llende hud.<\/p>\n<p><strong>Anvendelse:<\/strong><\/p>\n<p>Afrens huden med en n\u00e6rende s\u00e6be som <a href=\"https:\/\/shop.beautycentercosmetics.dk\/shop\/670-produkter\/3447-lucia-care-waterfall-creamy-soft-cleanser-225ml\/\"><u>Creamy Soft Cleanser.<\/u><\/a><\/p>\n<p>\u00c5ben krukken og r\u00f8r rundt med spatelen til salt og olie er blandet godt sammen.<\/p>\n<p>P\u00e5f\u00f8res huden og masseres n\u00e6nsomt ind i cirkul\u00e6re bev\u00e6gelser.<br \/>\nLad gerne scrubben og olierne arbejde p\u00e5 din hud et par minutter, skyl af med vand.<\/p>\n<p>Afslut med at tilf\u00f8re fugt til huden med <a href=\"https:\/\/shop.beautycentercosmetics.dk\/shop\/670-produkter\/3457-lucia-care-peaceful-moment-revitalising-oil-100ml\/\"><u>Revitalising Oil<\/u><\/a> eller <a href=\"https:\/\/shop.beautycentercosmetics.dk\/shop\/670-produkter\/3458-lucia-care-morning-bliss-destress-day-lotion--225ml\/\"><u>DeStress Day Lotion<\/u><\/a><\/p>\n<p>&nbsp;<\/p>\n<p><u><\/u><strong>Aktive ingredienser:<\/strong><\/p>\n<p>Bergamot, Cedertr\u00e6, E-Vitamin, Olivenolie, Padderokke, Rosmarin, Solsikkeolie<\/p>\n<p><strong>Certificering:\u00a0<\/strong><\/p>\n<p>Vegan Trademark<\/p>\n<p>Cosmos Organic<\/p>\n<p><strong>INCI:<\/strong><\/p>\n<p>Maris Sal (Sea Salt), Helianthus Annuus (Sunflower) Seed Oil*, Olea Europaea (Olive) Fruit Oil*, Tocopherol, Equisetum Arvense (Horsetail) Extract*, Rosmarinus Officinalis (Rosemary) Leaf Oil*, Cedrus Atlantica (Cedar) Bark Oil*, Glycine Soja (Soybean) Oil, Citrus Aurantium Bergamia (Bergamot) Peel Oil*, Limonene\u00b0, Linalool\u00b0<\/p>\n<p>*Ingredients from organic farming<\/p>\n<p>\u00b0from natural essential oils<\/p>\n<p>100% natural origin of total<\/p>\n<p>32% of the total ingredients are from organic farming<\/p>\n","protected":false},"excerpt":{"rendered":"<p>Salt skrubb til andlit og kropp.<\/p>\n","protected":false},"featured_media":25546,"comment_status":"open","ping_status":"closed","template":"","meta":{"_uf_show_specific_survey":0,"_uf_disable_surveys":false,"site-sidebar-layout":"default","site-content-layout":"","ast-site-content-layout":"default","site-content-style":"default","site-sidebar-style":"default","ast-global-header-display":"","ast-banner-title-visibility":"","ast-main-header-display":"","ast-hfb-above-header-display":"","ast-hfb-below-header-display":"","ast-hfb-mobile-header-display":"","site-post-title":"","ast-breadcrumbs-content":"","ast-featured-img":"","footer-sml-layout":"","ast-disable-related-posts":"","theme-transparent-header-meta":"default","adv-header-id-meta":"","stick-header-meta":"","header-above-stick-meta":"","header-main-stick-meta":"","header-below-stick-meta":"","astra-migrate-meta-layouts":"set","ast-page-background-enabled":"default","ast-page-background-meta":{"desktop":{"background-color":"","background-image":"","background-repeat":"repeat","background-position":"center center","background-size":"auto","background-attachment":"scroll","background-type":"","background-media":"","overlay-type":"","overlay-color":"","overlay-opacity":"","overlay-gradient":""},"tablet":{"background-color":"","background-image":"","background-repeat":"repeat","background-position":"center center","background-size":"auto","background-attachment":"scroll","background-type":"","background-media":"","overlay-type":"","overlay-color":"","overlay-opacity":"","overlay-gradient":""},"mobile":{"background-color":"","background-image":"","background-repeat":"repeat","background-position":"center center","background-size":"auto","background-attachment":"scroll","background-type":"","background-media":"","overlay-type":"","overlay-color":"","overlay-opacity":"","overlay-gradient":""}},"ast-content-background-meta":{"desktop":{"background-color":"var(--ast-global-color-5)","background-image":"","background-repeat":"repeat","background-position":"center center","background-size":"auto","background-attachment":"scroll","background-type":"","background-media":"","overlay-type":"","overlay-color":"","overlay-opacity":"","overlay-gradient":""},"tablet":{"background-color":"var(--ast-global-color-5)","background-image":"","background-repeat":"repeat","background-position":"center center","background-size":"auto","background-attachment":"scroll","background-type":"","background-media":"","overlay-type":"","overlay-color":"","overlay-opacity":"","overlay-gradient":""},"mobile":{"background-color":"var(--ast-global-color-5)","background-image":"","background-repeat":"repeat","background-position":"center center","background-size":"auto","background-attachment":"scroll","background-type":"","background-media":"","overlay-type":"","overlay-color":"","overlay-opacity":"","overlay-gradient":""}},"_price":"295","_stock":"2","_tribe_ticket_header":"","_tribe_default_ticket_provider":"","_tribe_ticket_capacity":"4","_ticket_start_date":"","_ticket_end_date":"","_tribe_ticket_show_description":"","_tribe_ticket_show_not_going":false,"_tribe_ticket_use_global_stock":"","_tribe_ticket_global_stock_level":"","_global_stock_mode":"","_global_stock_cap":"","_tribe_rsvp_for_event":"","_tribe_ticket_going_count":"","_tribe_ticket_not_going_count":"","_tribe_tickets_list":"[]","_tribe_ticket_has_attendee_info_fields":false,"_themeisle_gutenberg_block_has_review":false},"product_brand":[103],"product_cat":[66],"product_tag":[],"class_list":{"0":"post-25545","1":"product","2":"type-product","3":"status-publish","4":"has-post-thumbnail","6":"product_brand-lucia-care","7":"product_cat-luciacare","8":"desktop-align-center","9":"tablet-align-left","10":"mobile-align-left","12":"first","13":"instock","14":"taxable","15":"shipping-taxable","16":"purchasable","17":"product-type-simple"},"aioseo_notices":[],"post_mailing_queue_ids":[],"_links":{"self":[{"href":"https:\/\/statera.fo\/index.php?rest_route=\/wp\/v2\/product\/25545","targetHints":{"allow":["GET"]}}],"collection":[{"href":"https:\/\/statera.fo\/index.php?rest_route=\/wp\/v2\/product"}],"about":[{"href":"https:\/\/statera.fo\/index.php?rest_route=\/wp\/v2\/types\/product"}],"replies":[{"embeddable":true,"href":"https:\/\/statera.fo\/index.php?rest_route=%2Fwp%2Fv2%2Fcomments&post=25545"}],"wp:featuredmedia":[{"embeddable":true,"href":"https:\/\/statera.fo\/index.php?rest_route=\/wp\/v2\/media\/25546"}],"wp:attachment":[{"href":"https:\/\/statera.fo\/index.php?rest_route=%2Fwp%2Fv2%2Fmedia&parent=25545"}],"wp:term":[{"taxonomy":"product_brand","embeddable":true,"href":"https:\/\/statera.fo\/index.php?rest_route=%2Fwp%2Fv2%2Fproduct_brand&post=25545"},{"taxonomy":"product_cat","embeddable":true,"href":"https:\/\/statera.fo\/index.php?rest_route=%2Fwp%2Fv2%2Fproduct_cat&post=25545"},{"taxonomy":"product_tag","embeddable":true,"href":"https:\/\/statera.fo\/index.php?rest_route=%2Fwp%2Fv2%2Fproduct_tag&post=25545"}],"curies":[{"name":"wp","href":"https:\/\/api.w.org\/{rel}","templated":true}]}}