{"id":25554,"date":"2024-01-21T17:24:11","date_gmt":"2024-01-21T17:24:11","guid":{"rendered":"https:\/\/statera.fo\/?post_type=product&#038;p=25554"},"modified":"2024-12-12T00:25:33","modified_gmt":"2024-12-12T00:25:33","slug":"thai-vaelveru-fotamyking","status":"publish","type":"product","link":"https:\/\/statera.fo\/?product=thai-vaelveru-fotamyking","title":{"rendered":"Thai V\u00e6lveru F\u00f3tam\u00fdking"},"content":{"rendered":"<div class=\"x11i5rnm xat24cr x1mh8g0r x1vvkbs xtlvy1s x126k92a\">\n<div dir=\"auto\">THAI V\u00c6LVERU F\u00d3TAM\u00ddKING er ein vi\u00f0ger\u00f0, sum samantvinnar akupressur (trykk), strekk og m\u00fdking \u2013 alt fyri at styrkja kensluna av hv\u00edld, loysa fyri kn\u00fdtingum og eymleika og stimbra sirkulati\u00f3n.<\/div>\n<\/div>\n<div dir=\"auto\"><\/div>\n<div dir=\"auto\"><\/div>\n<div class=\"x11i5rnm xat24cr x1mh8g0r x1vvkbs xtlvy1s x126k92a\">\n<div dir=\"auto\">Vi\u00f0ger\u00f0in er \u00e6tla\u00f0 sera hv\u00edlandi og sissar nervaskipanina. Harafturat gevur hon eina uppliving av linna \u00ed kropsligum symptomum og stimbran av kensluni av innara r\u00f3 og fri\u00f0semi.<\/div>\n<\/div>\n<div dir=\"auto\"><\/div>\n<div dir=\"auto\"><\/div>\n<div dir=\"auto\"><\/div>\n<div class=\"x11i5rnm xat24cr x1mh8g0r x1vvkbs xtlvy1s x126k92a\">\n<div dir=\"auto\">Vi\u00f0ger\u00f0in stendur av :<\/div>\n<\/div>\n<div class=\"x11i5rnm xat24cr x1mh8g0r x1vvkbs xtlvy1s x126k92a\">\n<div dir=\"auto\">&#8211; F\u00f3taba\u00f0<\/div>\n<div dir=\"auto\">&#8211; Einum Ayurveda temunni<\/div>\n<div dir=\"auto\">&#8211; Avslappandi og avstressandi produktum fr\u00e1 LuciaCare, i\u00f0 stendur av \u00f8kologiskum l\u00e6knaurtum og hevur ein einastandandi og reinan anga<\/div>\n<div dir=\"auto\">&#8211; M\u00fdking, trykk og strekk.<\/div>\n<\/div>\n<div dir=\"auto\"><\/div>\n<div dir=\"auto\"><\/div>\n<div dir=\"auto\"><\/div>\n<div class=\"x11i5rnm xat24cr x1mh8g0r x1vvkbs xtlvy1s x126k92a\">\n<div dir=\"auto\">Fyrimunir, i\u00f0 kunnu ver\u00f0a vi\u00f0 THAI V\u00c6LVERU F\u00d3TAM\u00ddKING<\/div>\n<\/div>\n<div class=\"x11i5rnm xat24cr x1mh8g0r x1vvkbs xtlvy1s x126k92a\">\n<div dir=\"auto\">1) Minkar um kensluna av strongd og \u00f8kir um kensluna av hv\u00edld<\/div>\n<div dir=\"auto\">2) Stimbrar sirkulati\u00f3n og lymfusirkulati\u00f3n<\/div>\n<div dir=\"auto\">3) Minkar um p\u00ednu og eymleika<\/div>\n<div dir=\"auto\">4) \u00d8kir um orkust\u00f8\u00f0i\u00f0<\/div>\n<div dir=\"auto\">5) Stimbrar n\u00e1tturliga leking<\/div>\n<div dir=\"auto\">6) Betrar um sv\u00f8vnlagi\u00f0<\/div>\n<\/div>\n<div dir=\"auto\"><\/div>\n<div dir=\"auto\"><\/div>\n<div class=\"x11i5rnm xat24cr x1mh8g0r x1vvkbs xtlvy1s x126k92a\">\n<div dir=\"auto\">Hesir fyrimunir kunna upplivast, eftir regluligar vi\u00f0ger\u00f0ir vi\u00f0 f\u00f3tam\u00fdking og er sj\u00e1lvsagt ymiskt, hvussu hv\u00f8r einstakur upplivir fyrimunirnar.<\/div>\n<\/div>\n","protected":false},"excerpt":{"rendered":"<p>V\u00e6lveru vi\u00f0ger\u00f0<\/p>\n<p>&nbsp;<\/p>\n<h4><span style=\"color: #8aa73f;\"><strong><a style=\"color: #8aa73f;\" href=\"https:\/\/statera.app4.geckobooking.dk\/site\/index.php?icCode=d82b0339e43341712f0cd1ea2bb5500eb9157&amp;dTpl=1\">B\u00f3ka t\u00edna vi\u00f0ger\u00f0 her<\/a><\/strong><\/span><\/h4>\n","protected":false},"featured_media":25556,"comment_status":"open","ping_status":"closed","template":"","meta":{"_uf_show_specific_survey":0,"_uf_disable_surveys":false,"site-sidebar-layout":"default","site-content-layout":"","ast-site-content-layout":"default","site-content-style":"default","site-sidebar-style":"default","ast-global-header-display":"","ast-banner-title-visibility":"","ast-main-header-display":"","ast-hfb-above-header-display":"","ast-hfb-below-header-display":"","ast-hfb-mobile-header-display":"","site-post-title":"","ast-breadcrumbs-content":"","ast-featured-img":"","footer-sml-layout":"","ast-disable-related-posts":"","theme-transparent-header-meta":"default","adv-header-id-meta":"","stick-header-meta":"","header-above-stick-meta":"","header-main-stick-meta":"","header-below-stick-meta":"","astra-migrate-meta-layouts":"set","ast-page-background-enabled":"default","ast-page-background-meta":{"desktop":{"background-color":"","background-image":"","background-repeat":"repeat","background-position":"center center","background-size":"auto","background-attachment":"scroll","background-type":"","background-media":"","overlay-type":"","overlay-color":"","overlay-opacity":"","overlay-gradient":""},"tablet":{"background-color":"","background-image":"","background-repeat":"repeat","background-position":"center center","background-size":"auto","background-attachment":"scroll","background-type":"","background-media":"","overlay-type":"","overlay-color":"","overlay-opacity":"","overlay-gradient":""},"mobile":{"background-color":"","background-image":"","background-repeat":"repeat","background-position":"center center","background-size":"auto","background-attachment":"scroll","background-type":"","background-media":"","overlay-type":"","overlay-color":"","overlay-opacity":"","overlay-gradient":""}},"ast-content-background-meta":{"desktop":{"background-color":"var(--ast-global-color-5)","background-image":"","background-repeat":"repeat","background-position":"center center","background-size":"auto","background-attachment":"scroll","background-type":"","background-media":"","overlay-type":"","overlay-color":"","overlay-opacity":"","overlay-gradient":""},"tablet":{"background-color":"var(--ast-global-color-5)","background-image":"","background-repeat":"repeat","background-position":"center center","background-size":"auto","background-attachment":"scroll","background-type":"","background-media":"","overlay-type":"","overlay-color":"","overlay-opacity":"","overlay-gradient":""},"mobile":{"background-color":"var(--ast-global-color-5)","background-image":"","background-repeat":"repeat","background-position":"center center","background-size":"auto","background-attachment":"scroll","background-type":"","background-media":"","overlay-type":"","overlay-color":"","overlay-opacity":"","overlay-gradient":""}},"_price":"800","_stock":null,"_tribe_ticket_header":"","_tribe_default_ticket_provider":"","_tribe_ticket_capacity":"0","_ticket_start_date":"","_ticket_end_date":"","_tribe_ticket_show_description":"","_tribe_ticket_show_not_going":false,"_tribe_ticket_use_global_stock":"","_tribe_ticket_global_stock_level":"","_global_stock_mode":"","_global_stock_cap":"","_tribe_rsvp_for_event":"","_tribe_ticket_going_count":"","_tribe_ticket_not_going_count":"","_tribe_tickets_list":"[]","_tribe_ticket_has_attendee_info_fields":false,"_themeisle_gutenberg_block_has_review":false},"product_brand":[],"product_cat":[34],"product_tag":[],"class_list":{"0":"post-25554","1":"product","2":"type-product","3":"status-publish","4":"has-post-thumbnail","6":"product_cat-cupping-myking","7":"desktop-align-center","8":"tablet-align-left","9":"mobile-align-left","11":"first","12":"instock","13":"taxable","14":"shipping-taxable","15":"product-type-external"},"aioseo_notices":[],"post_mailing_queue_ids":[],"_links":{"self":[{"href":"https:\/\/statera.fo\/index.php?rest_route=\/wp\/v2\/product\/25554","targetHints":{"allow":["GET"]}}],"collection":[{"href":"https:\/\/statera.fo\/index.php?rest_route=\/wp\/v2\/product"}],"about":[{"href":"https:\/\/statera.fo\/index.php?rest_route=\/wp\/v2\/types\/product"}],"replies":[{"embeddable":true,"href":"https:\/\/statera.fo\/index.php?rest_route=%2Fwp%2Fv2%2Fcomments&post=25554"}],"wp:featuredmedia":[{"embeddable":true,"href":"https:\/\/statera.fo\/index.php?rest_route=\/wp\/v2\/media\/25556"}],"wp:attachment":[{"href":"https:\/\/statera.fo\/index.php?rest_route=%2Fwp%2Fv2%2Fmedia&parent=25554"}],"wp:term":[{"taxonomy":"product_brand","embeddable":true,"href":"https:\/\/statera.fo\/index.php?rest_route=%2Fwp%2Fv2%2Fproduct_brand&post=25554"},{"taxonomy":"product_cat","embeddable":true,"href":"https:\/\/statera.fo\/index.php?rest_route=%2Fwp%2Fv2%2Fproduct_cat&post=25554"},{"taxonomy":"product_tag","embeddable":true,"href":"https:\/\/statera.fo\/index.php?rest_route=%2Fwp%2Fv2%2Fproduct_tag&post=25554"}],"curies":[{"name":"wp","href":"https:\/\/api.w.org\/{rel}","templated":true}]}}