{"id":25647,"date":"2024-02-02T17:22:51","date_gmt":"2024-02-02T17:22:51","guid":{"rendered":"https:\/\/statera.fo\/?post_type=product&#038;p=25647"},"modified":"2025-09-12T12:37:24","modified_gmt":"2025-09-12T11:37:24","slug":"spirulina-andlitsmaska-50-ml","status":"publish","type":"product","link":"https:\/\/statera.fo\/?product=spirulina-andlitsmaska-50-ml","title":{"rendered":"Spirulina andlitsmaska, 50 ml"},"content":{"rendered":"<p>Spirulina er ein av rikastu keldum til vitaminirnar C, E, B1, B5 og B6 og inniheldur n\u00f3gv Zink, Mangan, Kopar, Methionin og Beta-Caroten.<br \/>\nHarafturat inniheldur Spirulina gamma-linolensyru, sum er vi\u00f0 til at verja h\u00fa\u00f0kyknur og muskulatur, vi\u00f0 ta\u00f0, at hon er partur av n\u00fdger\u00f0ini ay n\u00fdggjum h\u00fa\u00f0kyknum.<\/p>\n<p>\u00cd Statera br\u00faka vit Spirulina \u00ed okkara fr\u00ed\u00f0kandi andlitsvi\u00f0ger\u00f0um.<\/p>\n<p><img decoding=\"async\" class=\"alignnone size-medium wp-image-25648\" src=\"http:\/\/statera.fo\/wp-content\/uploads\/2024\/02\/IMG_1253-152x300.jpeg\" alt=\"\" width=\"152\" height=\"300\" srcset=\"https:\/\/statera.fo\/wp-content\/uploads\/2024\/02\/IMG_1253-152x300.jpeg 152w, https:\/\/statera.fo\/wp-content\/uploads\/2024\/02\/IMG_1253-600x1183.jpeg 600w, https:\/\/statera.fo\/wp-content\/uploads\/2024\/02\/IMG_1253-519x1024.jpeg 519w, https:\/\/statera.fo\/wp-content\/uploads\/2024\/02\/IMG_1253-768x1514.jpeg 768w, https:\/\/statera.fo\/wp-content\/uploads\/2024\/02\/IMG_1253.jpeg 770w\" sizes=\"(max-width: 152px) 100vw, 152px\" \/><\/p>\n<p>N\u00fdtslulei\u00f0beining:<\/p>\n<p>Blanda pulvuri\u00f0 vi\u00f0 vatni.<br \/>\nR\u00f8r til ta\u00f0 verdur passandi at smyrja \u00e1 h\u00fa\u00f0ina.<br \/>\nLat maskuna sita \u00e1, til hon er turr. T\u00f3 ikki meira enn 10 min.<br \/>\nVaska av vi\u00f0 fl\u00f3gvum vatni.<br \/>\nSmyr s\u00ed\u00f0ani andliti\u00f0 vi\u00f0 t\u00ednum kremi ella oliu.<\/p>\n<p>Vit kunna vi\u00f0m\u00e6la okkara Hj\u00fapukjarnuolju, ella oliu og andlitskrem fr\u00e1 Lucia Care.<\/p>\n","protected":false},"excerpt":{"rendered":"<p>Andlitsmaska at r\u00f8ra upp til uml. 8-10 maskur.<\/p>\n","protected":false},"featured_media":25650,"comment_status":"open","ping_status":"closed","template":"","meta":{"_uf_show_specific_survey":0,"_uf_disable_surveys":false,"site-sidebar-layout":"default","site-content-layout":"","ast-site-content-layout":"default","site-content-style":"default","site-sidebar-style":"default","ast-global-header-display":"","ast-banner-title-visibility":"","ast-main-header-display":"","ast-hfb-above-header-display":"","ast-hfb-below-header-display":"","ast-hfb-mobile-header-display":"","site-post-title":"","ast-breadcrumbs-content":"","ast-featured-img":"","footer-sml-layout":"","ast-disable-related-posts":"","theme-transparent-header-meta":"default","adv-header-id-meta":"","stick-header-meta":"","header-above-stick-meta":"","header-main-stick-meta":"","header-below-stick-meta":"","astra-migrate-meta-layouts":"set","ast-page-background-enabled":"default","ast-page-background-meta":{"desktop":{"background-color":"","background-image":"","background-repeat":"repeat","background-position":"center center","background-size":"auto","background-attachment":"scroll","background-type":"","background-media":"","overlay-type":"","overlay-color":"","overlay-opacity":"","overlay-gradient":""},"tablet":{"background-color":"","background-image":"","background-repeat":"repeat","background-position":"center center","background-size":"auto","background-attachment":"scroll","background-type":"","background-media":"","overlay-type":"","overlay-color":"","overlay-opacity":"","overlay-gradient":""},"mobile":{"background-color":"","background-image":"","background-repeat":"repeat","background-position":"center center","background-size":"auto","background-attachment":"scroll","background-type":"","background-media":"","overlay-type":"","overlay-color":"","overlay-opacity":"","overlay-gradient":""}},"ast-content-background-meta":{"desktop":{"background-color":"var(--ast-global-color-5)","background-image":"","background-repeat":"repeat","background-position":"center center","background-size":"auto","background-attachment":"scroll","background-type":"","background-media":"","overlay-type":"","overlay-color":"","overlay-opacity":"","overlay-gradient":""},"tablet":{"background-color":"var(--ast-global-color-5)","background-image":"","background-repeat":"repeat","background-position":"center center","background-size":"auto","background-attachment":"scroll","background-type":"","background-media":"","overlay-type":"","overlay-color":"","overlay-opacity":"","overlay-gradient":""},"mobile":{"background-color":"var(--ast-global-color-5)","background-image":"","background-repeat":"repeat","background-position":"center center","background-size":"auto","background-attachment":"scroll","background-type":"","background-media":"","overlay-type":"","overlay-color":"","overlay-opacity":"","overlay-gradient":""}},"_price":"160","_stock":"8","_tribe_ticket_header":"","_tribe_default_ticket_provider":"","_tribe_ticket_capacity":"12","_ticket_start_date":"","_ticket_end_date":"","_tribe_ticket_show_description":"","_tribe_ticket_show_not_going":false,"_tribe_ticket_use_global_stock":"","_tribe_ticket_global_stock_level":"","_global_stock_mode":"","_global_stock_cap":"","_tribe_rsvp_for_event":"","_tribe_ticket_going_count":"","_tribe_ticket_not_going_count":"","_tribe_tickets_list":"[]","_tribe_ticket_has_attendee_info_fields":false,"_themeisle_gutenberg_block_has_review":false},"product_brand":[],"product_cat":[39,70],"product_tag":[],"class_list":{"0":"post-25647","1":"product","2":"type-product","3":"status-publish","4":"has-post-thumbnail","6":"product_cat-fridkandi-akupunkturur","7":"product_cat-vardveit-titt-vakra-andlit","8":"desktop-align-center","9":"tablet-align-left","10":"mobile-align-left","12":"first","13":"instock","14":"taxable","15":"shipping-taxable","16":"purchasable","17":"product-type-simple"},"aioseo_notices":[],"post_mailing_queue_ids":[],"_links":{"self":[{"href":"https:\/\/statera.fo\/index.php?rest_route=\/wp\/v2\/product\/25647","targetHints":{"allow":["GET"]}}],"collection":[{"href":"https:\/\/statera.fo\/index.php?rest_route=\/wp\/v2\/product"}],"about":[{"href":"https:\/\/statera.fo\/index.php?rest_route=\/wp\/v2\/types\/product"}],"replies":[{"embeddable":true,"href":"https:\/\/statera.fo\/index.php?rest_route=%2Fwp%2Fv2%2Fcomments&post=25647"}],"wp:featuredmedia":[{"embeddable":true,"href":"https:\/\/statera.fo\/index.php?rest_route=\/wp\/v2\/media\/25650"}],"wp:attachment":[{"href":"https:\/\/statera.fo\/index.php?rest_route=%2Fwp%2Fv2%2Fmedia&parent=25647"}],"wp:term":[{"taxonomy":"product_brand","embeddable":true,"href":"https:\/\/statera.fo\/index.php?rest_route=%2Fwp%2Fv2%2Fproduct_brand&post=25647"},{"taxonomy":"product_cat","embeddable":true,"href":"https:\/\/statera.fo\/index.php?rest_route=%2Fwp%2Fv2%2Fproduct_cat&post=25647"},{"taxonomy":"product_tag","embeddable":true,"href":"https:\/\/statera.fo\/index.php?rest_route=%2Fwp%2Fv2%2Fproduct_tag&post=25647"}],"curies":[{"name":"wp","href":"https:\/\/api.w.org\/{rel}","templated":true}]}}