{"id":25686,"date":"2024-02-03T21:05:12","date_gmt":"2024-02-03T21:05:12","guid":{"rendered":"https:\/\/statera.fo\/?post_type=product&#038;p=25686"},"modified":"2025-05-01T13:40:44","modified_gmt":"2025-05-01T12:40:44","slug":"himmalaya-saltkula","status":"publish","type":"product","link":"https:\/\/statera.fo\/?product=himmalaya-saltkula","title":{"rendered":"Himmalaya Saltk\u00fala"},"content":{"rendered":"<p>Himmalaya salt inniheldur 84 mineralir, sum \u00f8ll eru g\u00f3\u00f0 fyri okkara kropp.<br \/>\nT\u00e1 i\u00f0 saltk\u00falan kemur \u00ed samband vid h\u00fa\u00f0ina, ver\u00f0a tey mineralini leysgivin, sum h\u00fa\u00f0in t\u00f8rvar.<br \/>\nEisini dregur salti\u00f0 v\u00e6tu \u00fat \u00ed h\u00fa\u00f0ina, solei\u00f0isi at hon kemur at s\u00fdnast meira vital og foyrur og rukkur s\u00fdnast minni.<br \/>\nSolei\u00f0is ver\u00f0ur eisini mikrosirkulati\u00f3n \u00ed h\u00fa\u00f0ini stimbra\u00f0.<\/p>\n<p>Himalayasalt er serliga munagott til \u00f3reina h\u00fa\u00f0 og stimbrar s\u00e1rleking.<br \/>\n\u00cd Statera br\u00faka vit Himmalaya Saltk\u00falur \u00ed okkara fr\u00ed\u00f0kandi andlitsvi\u00f0ger\u00f0um.<\/p>\n<p><strong>Br\u00faksveglei\u00f0ing<\/strong>:<br \/>\nTrilla saltk\u00faluna \u00ed andliti\u00f0 \u00d7 1 um dagin.<br \/>\nT\u00fa n\u00fdtist ikki at br\u00faka vatn ella olju undir.<br \/>\nVer varin vi\u00f0 at trilla \u00ed eygna\u00f8ki\u00f0.<br \/>\nSaltk\u00falan er sj\u00e1lvreinsandi, so t\u00fa n\u00fdtist ikki at vaska hana eftir hv\u00f8rt br\u00fak.<\/p>\n","protected":false},"excerpt":{"rendered":"<p>Saltk\u00fala til m\u00fdking<\/p>\n","protected":false},"featured_media":25688,"comment_status":"open","ping_status":"closed","template":"","meta":{"_uf_show_specific_survey":0,"_uf_disable_surveys":false,"site-sidebar-layout":"default","site-content-layout":"","ast-site-content-layout":"default","site-content-style":"default","site-sidebar-style":"default","ast-global-header-display":"","ast-banner-title-visibility":"","ast-main-header-display":"","ast-hfb-above-header-display":"","ast-hfb-below-header-display":"","ast-hfb-mobile-header-display":"","site-post-title":"","ast-breadcrumbs-content":"","ast-featured-img":"","footer-sml-layout":"","ast-disable-related-posts":"","theme-transparent-header-meta":"default","adv-header-id-meta":"","stick-header-meta":"","header-above-stick-meta":"","header-main-stick-meta":"","header-below-stick-meta":"","astra-migrate-meta-layouts":"set","ast-page-background-enabled":"default","ast-page-background-meta":{"desktop":{"background-color":"","background-image":"","background-repeat":"repeat","background-position":"center center","background-size":"auto","background-attachment":"scroll","background-type":"","background-media":"","overlay-type":"","overlay-color":"","overlay-opacity":"","overlay-gradient":""},"tablet":{"background-color":"","background-image":"","background-repeat":"repeat","background-position":"center center","background-size":"auto","background-attachment":"scroll","background-type":"","background-media":"","overlay-type":"","overlay-color":"","overlay-opacity":"","overlay-gradient":""},"mobile":{"background-color":"","background-image":"","background-repeat":"repeat","background-position":"center center","background-size":"auto","background-attachment":"scroll","background-type":"","background-media":"","overlay-type":"","overlay-color":"","overlay-opacity":"","overlay-gradient":""}},"ast-content-background-meta":{"desktop":{"background-color":"var(--ast-global-color-5)","background-image":"","background-repeat":"repeat","background-position":"center center","background-size":"auto","background-attachment":"scroll","background-type":"","background-media":"","overlay-type":"","overlay-color":"","overlay-opacity":"","overlay-gradient":""},"tablet":{"background-color":"var(--ast-global-color-5)","background-image":"","background-repeat":"repeat","background-position":"center center","background-size":"auto","background-attachment":"scroll","background-type":"","background-media":"","overlay-type":"","overlay-color":"","overlay-opacity":"","overlay-gradient":""},"mobile":{"background-color":"var(--ast-global-color-5)","background-image":"","background-repeat":"repeat","background-position":"center center","background-size":"auto","background-attachment":"scroll","background-type":"","background-media":"","overlay-type":"","overlay-color":"","overlay-opacity":"","overlay-gradient":""}},"_price":"99","_stock":"3","_tribe_ticket_header":"","_tribe_default_ticket_provider":"","_tribe_ticket_capacity":"8","_ticket_start_date":"","_ticket_end_date":"","_tribe_ticket_show_description":"","_tribe_ticket_show_not_going":false,"_tribe_ticket_use_global_stock":"","_tribe_ticket_global_stock_level":"","_global_stock_mode":"","_global_stock_cap":"","_tribe_rsvp_for_event":"","_tribe_ticket_going_count":"","_tribe_ticket_not_going_count":"","_tribe_tickets_list":"[]","_tribe_ticket_has_attendee_info_fields":false,"_themeisle_gutenberg_block_has_review":false},"product_brand":[],"product_cat":[39,70],"product_tag":[],"class_list":{"0":"post-25686","1":"product","2":"type-product","3":"status-publish","4":"has-post-thumbnail","6":"product_cat-fridkandi-akupunkturur","7":"product_cat-vardveit-titt-vakra-andlit","8":"desktop-align-center","9":"tablet-align-left","10":"mobile-align-left","12":"first","13":"instock","14":"taxable","15":"shipping-taxable","16":"purchasable","17":"product-type-simple"},"aioseo_notices":[],"post_mailing_queue_ids":[],"_links":{"self":[{"href":"https:\/\/statera.fo\/index.php?rest_route=\/wp\/v2\/product\/25686","targetHints":{"allow":["GET"]}}],"collection":[{"href":"https:\/\/statera.fo\/index.php?rest_route=\/wp\/v2\/product"}],"about":[{"href":"https:\/\/statera.fo\/index.php?rest_route=\/wp\/v2\/types\/product"}],"replies":[{"embeddable":true,"href":"https:\/\/statera.fo\/index.php?rest_route=%2Fwp%2Fv2%2Fcomments&post=25686"}],"wp:featuredmedia":[{"embeddable":true,"href":"https:\/\/statera.fo\/index.php?rest_route=\/wp\/v2\/media\/25688"}],"wp:attachment":[{"href":"https:\/\/statera.fo\/index.php?rest_route=%2Fwp%2Fv2%2Fmedia&parent=25686"}],"wp:term":[{"taxonomy":"product_brand","embeddable":true,"href":"https:\/\/statera.fo\/index.php?rest_route=%2Fwp%2Fv2%2Fproduct_brand&post=25686"},{"taxonomy":"product_cat","embeddable":true,"href":"https:\/\/statera.fo\/index.php?rest_route=%2Fwp%2Fv2%2Fproduct_cat&post=25686"},{"taxonomy":"product_tag","embeddable":true,"href":"https:\/\/statera.fo\/index.php?rest_route=%2Fwp%2Fv2%2Fproduct_tag&post=25686"}],"curies":[{"name":"wp","href":"https:\/\/api.w.org\/{rel}","templated":true}]}}