{"id":25897,"date":"2024-02-16T15:21:28","date_gmt":"2024-02-16T15:21:28","guid":{"rendered":"https:\/\/statera.fo\/?post_type=product&#038;p=25897"},"modified":"2025-08-11T22:35:32","modified_gmt":"2025-08-11T21:35:32","slug":"v-6-enhanced-vegetable-oil-complex-236-ml-neutralan-anga","status":"publish","type":"product","link":"https:\/\/statera.fo\/?product=v-6-enhanced-vegetable-oil-complex-236-ml-neutralan-anga","title":{"rendered":"V-6\u00ae plantuolja 236 ml \u2013 neutral og fj\u00f8lt\u00e1tta\u00f0"},"content":{"rendered":"<p data-start=\"280\" data-end=\"343\"><strong data-start=\"280\" data-end=\"341\">Young Living V-6\u00ae Plantuolja &#8211; Enhanced Vegetable Oil Complex \u2013 236 ml<\/strong><\/p>\n<p data-start=\"345\" data-end=\"671\">V-6\u00ae er ein sergj\u00f8rd blanding av n\u00f8krum av bestu plantuoljunumm \u00far n\u00e1tt\u00faruni: kokosolju, sesamolju, dr\u00favukjarnuolju, aprikoskjarnuolju, hveitikimsolju og olju \u00far solbl\u00f3mu.<br \/>\nSamansetingin ger oljuna fulla av plantufeitti, vitaminum og n\u00e1tt\u00farligum antioxidantum.<br \/>\nHetta n\u00f8rir og verjir h\u00fa\u00f0ina og hj\u00e1lpir henni at var\u00f0veita fukt og mj\u00fakleika.<\/p>\n<p data-start=\"673\" data-end=\"930\">Oljan er <strong data-start=\"682\" data-end=\"703\">neutral \u00ed anganum<\/strong>, hevur <strong data-start=\"711\" data-end=\"724\">ongan lit<\/strong> og er <strong data-start=\"731\" data-end=\"747\">ikki-feittut<\/strong>, so hon fer ikki at seta spor \u00ed kl\u00e6\u00f0ini.<br \/>\nHon trekkir skj\u00f3tt inn \u00ed h\u00fa\u00f0ina, men heldur longri enn flestu oljur, so t\u00fa f\u00e6rt meira gle\u00f0i og virkna av oljuni.<\/p>\n<h3 data-start=\"932\" data-end=\"957\"><strong data-start=\"936\" data-end=\"955\">Hv\u00ed velja V-6\u00ae plantuolju?<\/strong><\/h3>\n<ul data-start=\"958\" data-end=\"1275\">\n<li data-start=\"958\" data-end=\"1045\">\n<p data-start=\"960\" data-end=\"1045\"><strong data-start=\"960\" data-end=\"979\">Fj\u00f8lt\u00e1tta\u00f0 br\u00fak<\/strong> \u2013 fr\u00e1 avslappandi m\u00fdking til DIY h\u00fa\u00f0r\u00f8ktarblandingar<\/p>\n<\/li>\n<li data-start=\"1046\" data-end=\"1140\">\n<p data-start=\"1048\" data-end=\"1140\"><strong data-start=\"1048\" data-end=\"1091\">Maksimerar virkna av essentiellu oljunum<\/strong> \u2013 tryggjar eina javna tynning av essentiellu oljunum og f\u00e6r t\u00e6r at\u00a0 virka longri<\/p>\n<\/li>\n<li data-start=\"1141\" data-end=\"1210\">\n<p data-start=\"1143\" data-end=\"1210\"><strong data-start=\"1143\" data-end=\"1166\">Mild og h\u00fa\u00f0vinarlig<\/strong> \u2013 h\u00f3skar eisini til vi\u00f0brekna h\u00fa\u00f0 og til b\u00f8rn<\/p>\n<\/li>\n<li data-start=\"1211\" data-end=\"1275\">\n<p data-start=\"1213\" data-end=\"1275\"><strong data-start=\"1213\" data-end=\"1239\">R\u00edk upp\u00e1 n\u00e1tt\u00farlig f\u00f8\u00f0sluevni<\/strong>\u00a0\u2013 stu\u00f0lar sunnari og sterkari h\u00fa\u00f0<\/p>\n<\/li>\n<\/ul>\n<h3 data-start=\"1277\" data-end=\"1291\"><strong data-start=\"1281\" data-end=\"1289\">Br\u00fak<\/strong><\/h3>\n<ul data-start=\"1292\" data-end=\"1591\">\n<li data-start=\"1292\" data-end=\"1352\">\n<p data-start=\"1294\" data-end=\"1352\">Sum <strong data-start=\"1298\" data-end=\"1313\">massaguolja<\/strong> til dj\u00fapa avslapping og bleytari h\u00fa\u00f0<\/p>\n<\/li>\n<li data-start=\"1353\" data-end=\"1413\">\n<p data-start=\"1355\" data-end=\"1413\">Sum <strong data-start=\"1359\" data-end=\"1372\">basisolja<\/strong> til t\u00edna yndis essentiellu olju, t.d. <a href=\"https:\/\/statera.fo\/?product=lavendel\">lavendel<\/a><\/p>\n<\/li>\n<li data-start=\"1414\" data-end=\"1495\">\n<p data-start=\"1416\" data-end=\"1495\">Til <strong data-start=\"1420\" data-end=\"1431\">tynning<\/strong> av sterkari oljum, so t\u00e6r kunnu br\u00fakast trygt \u00e1 vi\u00f0brekna h\u00fa\u00f0<\/p>\n<\/li>\n<li data-start=\"1496\" data-end=\"1591\">\n<p data-start=\"1498\" data-end=\"1591\">Til <strong data-start=\"1502\" data-end=\"1555\">heimagj\u00f8rdar h\u00fa\u00f0r\u00f8ktar- og aromaterapiuppskriftir<\/strong> \u2013 t.d. skrubb, lotion ella balsam<\/p>\n<\/li>\n<\/ul>\n<h3 data-start=\"1593\" data-end=\"1615\"><strong data-start=\"1597\" data-end=\"1613\">Gott at vita um <\/strong><strong data-start=\"936\" data-end=\"955\">V-6\u00ae plantuoljuna<\/strong><\/h3>\n<ul data-start=\"1616\" data-end=\"1831\">\n<li data-start=\"1616\" data-end=\"1662\">\n<p data-start=\"1618\" data-end=\"1662\">Heldur leingi og hevur st\u00f8\u00f0uga samanseting<\/p>\n<\/li>\n<li data-start=\"1663\" data-end=\"1728\">\n<p data-start=\"1665\" data-end=\"1728\">Ongi tilevna\u00f0 \u00edlatingarevni, litevni ella angi<\/p>\n<\/li>\n<li data-start=\"1729\" data-end=\"1777\">\n<p data-start=\"1731\" data-end=\"1777\">H\u00f3skar til gerandis br\u00fak fyri alla familjuna<\/p>\n<\/li>\n<li data-start=\"1778\" data-end=\"1831\">\n<p data-start=\"1780\" data-end=\"1831\">Framleidd vi\u00f0 h\u00f8gum dygdarkr\u00f8vum fr\u00e1 <a href=\"https:\/\/www.youngliving.com\/en_eu?countryIsoCode=DK\">Young Living<\/a><\/p>\n<\/li>\n<\/ul>\n<p data-start=\"1833\" data-end=\"2039\">Vi\u00f0 <strong data-start=\"1837\" data-end=\"1858\">Young Living V-6\u00ae plantuolju, <\/strong>f\u00e6rt t\u00fa eina fj\u00f8lt\u00e1tta\u00f0a og h\u00fa\u00f0vinarliga olju, sum kann vera fastur partur av t\u00ednari h\u00fa\u00f0r\u00f8ktar- og aromaterapi mannagongd \u2013 eitt trygt og nat\u00farligt val, sum gevur \u00farslit.<\/p>\n<p>&nbsp;<\/p>\n<p>&nbsp;<\/p>\n<p><img fetchpriority=\"high\" decoding=\"async\" class=\"alignnone size-medium wp-image-26894\" src=\"http:\/\/statera.fo\/wp-content\/uploads\/2024\/02\/V63-225x300.jpg\" alt=\"\" width=\"225\" height=\"300\" srcset=\"https:\/\/statera.fo\/wp-content\/uploads\/2024\/02\/V63-225x300.jpg 225w, https:\/\/statera.fo\/wp-content\/uploads\/2024\/02\/V63-600x801.jpg 600w, https:\/\/statera.fo\/wp-content\/uploads\/2024\/02\/V63-767x1024.jpg 767w, https:\/\/statera.fo\/wp-content\/uploads\/2024\/02\/V63-768x1025.jpg 768w, https:\/\/statera.fo\/wp-content\/uploads\/2024\/02\/V63.jpg 809w\" sizes=\"(max-width: 225px) 100vw, 225px\" \/> <img decoding=\"async\" class=\"alignnone size-medium wp-image-26895\" src=\"http:\/\/statera.fo\/wp-content\/uploads\/2024\/02\/V62-300x300.jpg\" alt=\"\" width=\"300\" height=\"300\" srcset=\"https:\/\/statera.fo\/wp-content\/uploads\/2024\/02\/V62-300x300.jpg 300w, https:\/\/statera.fo\/wp-content\/uploads\/2024\/02\/V62-100x100.jpg 100w, https:\/\/statera.fo\/wp-content\/uploads\/2024\/02\/V62-600x600.jpg 600w, https:\/\/statera.fo\/wp-content\/uploads\/2024\/02\/V62-150x150.jpg 150w, https:\/\/statera.fo\/wp-content\/uploads\/2024\/02\/V62-768x768.jpg 768w, https:\/\/statera.fo\/wp-content\/uploads\/2024\/02\/V62.jpg 1000w\" sizes=\"(max-width: 300px) 100vw, 300px\" \/> <img decoding=\"async\" class=\"alignnone size-medium wp-image-26896\" src=\"http:\/\/statera.fo\/wp-content\/uploads\/2024\/02\/V61-300x300.jpg\" alt=\"\" width=\"300\" height=\"300\" srcset=\"https:\/\/statera.fo\/wp-content\/uploads\/2024\/02\/V61-300x300.jpg 300w, https:\/\/statera.fo\/wp-content\/uploads\/2024\/02\/V61-100x100.jpg 100w, https:\/\/statera.fo\/wp-content\/uploads\/2024\/02\/V61-150x150.jpg 150w, https:\/\/statera.fo\/wp-content\/uploads\/2024\/02\/V61.jpg 350w\" sizes=\"(max-width: 300px) 100vw, 300px\" \/><\/p>\n","protected":false},"excerpt":{"rendered":"<p>Young Living V-6\u00ae plantuolja er ein l\u00f8tt, ikki-feittut plantuolja, fullkomin sum massaguolja, basisolja ella til DIY-uppskriftir vi\u00f0 essentiellum oljum.<\/p>\n","protected":false},"featured_media":25899,"comment_status":"open","ping_status":"closed","template":"","meta":{"_uf_show_specific_survey":0,"_uf_disable_surveys":false,"site-sidebar-layout":"default","site-content-layout":"","ast-site-content-layout":"default","site-content-style":"default","site-sidebar-style":"default","ast-global-header-display":"","ast-banner-title-visibility":"","ast-main-header-display":"","ast-hfb-above-header-display":"","ast-hfb-below-header-display":"","ast-hfb-mobile-header-display":"","site-post-title":"","ast-breadcrumbs-content":"","ast-featured-img":"","footer-sml-layout":"","ast-disable-related-posts":"","theme-transparent-header-meta":"default","adv-header-id-meta":"","stick-header-meta":"","header-above-stick-meta":"","header-main-stick-meta":"","header-below-stick-meta":"","astra-migrate-meta-layouts":"set","ast-page-background-enabled":"default","ast-page-background-meta":{"desktop":{"background-color":"","background-image":"","background-repeat":"repeat","background-position":"center center","background-size":"auto","background-attachment":"scroll","background-type":"","background-media":"","overlay-type":"","overlay-color":"","overlay-opacity":"","overlay-gradient":""},"tablet":{"background-color":"","background-image":"","background-repeat":"repeat","background-position":"center center","background-size":"auto","background-attachment":"scroll","background-type":"","background-media":"","overlay-type":"","overlay-color":"","overlay-opacity":"","overlay-gradient":""},"mobile":{"background-color":"","background-image":"","background-repeat":"repeat","background-position":"center center","background-size":"auto","background-attachment":"scroll","background-type":"","background-media":"","overlay-type":"","overlay-color":"","overlay-opacity":"","overlay-gradient":""}},"ast-content-background-meta":{"desktop":{"background-color":"var(--ast-global-color-5)","background-image":"","background-repeat":"repeat","background-position":"center center","background-size":"auto","background-attachment":"scroll","background-type":"","background-media":"","overlay-type":"","overlay-color":"","overlay-opacity":"","overlay-gradient":""},"tablet":{"background-color":"var(--ast-global-color-5)","background-image":"","background-repeat":"repeat","background-position":"center center","background-size":"auto","background-attachment":"scroll","background-type":"","background-media":"","overlay-type":"","overlay-color":"","overlay-opacity":"","overlay-gradient":""},"mobile":{"background-color":"var(--ast-global-color-5)","background-image":"","background-repeat":"repeat","background-position":"center center","background-size":"auto","background-attachment":"scroll","background-type":"","background-media":"","overlay-type":"","overlay-color":"","overlay-opacity":"","overlay-gradient":""}},"_price":"429","_stock":"0","_tribe_ticket_header":"","_tribe_default_ticket_provider":"","_tribe_ticket_capacity":"1","_ticket_start_date":"","_ticket_end_date":"","_tribe_ticket_show_description":"","_tribe_ticket_show_not_going":false,"_tribe_ticket_use_global_stock":"","_tribe_ticket_global_stock_level":"","_global_stock_mode":"","_global_stock_cap":"","_tribe_rsvp_for_event":"","_tribe_ticket_going_count":"","_tribe_ticket_not_going_count":"","_tribe_tickets_list":"[]","_tribe_ticket_has_attendee_info_fields":false,"_themeisle_gutenberg_block_has_review":false},"product_brand":[104],"product_cat":[73,60],"product_tag":[],"class_list":{"0":"post-25897","1":"product","2":"type-product","3":"status-publish","4":"has-post-thumbnail","6":"product_brand-young-living","7":"product_cat-cupping","8":"product_cat-oljur","9":"desktop-align-center","10":"tablet-align-left","11":"mobile-align-left","13":"first","14":"onbackorder","15":"taxable","16":"shipping-taxable","17":"purchasable","18":"product-type-simple"},"aioseo_notices":[],"post_mailing_queue_ids":[],"_links":{"self":[{"href":"https:\/\/statera.fo\/index.php?rest_route=\/wp\/v2\/product\/25897","targetHints":{"allow":["GET"]}}],"collection":[{"href":"https:\/\/statera.fo\/index.php?rest_route=\/wp\/v2\/product"}],"about":[{"href":"https:\/\/statera.fo\/index.php?rest_route=\/wp\/v2\/types\/product"}],"replies":[{"embeddable":true,"href":"https:\/\/statera.fo\/index.php?rest_route=%2Fwp%2Fv2%2Fcomments&post=25897"}],"wp:featuredmedia":[{"embeddable":true,"href":"https:\/\/statera.fo\/index.php?rest_route=\/wp\/v2\/media\/25899"}],"wp:attachment":[{"href":"https:\/\/statera.fo\/index.php?rest_route=%2Fwp%2Fv2%2Fmedia&parent=25897"}],"wp:term":[{"taxonomy":"product_brand","embeddable":true,"href":"https:\/\/statera.fo\/index.php?rest_route=%2Fwp%2Fv2%2Fproduct_brand&post=25897"},{"taxonomy":"product_cat","embeddable":true,"href":"https:\/\/statera.fo\/index.php?rest_route=%2Fwp%2Fv2%2Fproduct_cat&post=25897"},{"taxonomy":"product_tag","embeddable":true,"href":"https:\/\/statera.fo\/index.php?rest_route=%2Fwp%2Fv2%2Fproduct_tag&post=25897"}],"curies":[{"name":"wp","href":"https:\/\/api.w.org\/{rel}","templated":true}]}}