{"id":26254,"date":"2024-05-14T17:03:12","date_gmt":"2024-05-14T16:03:12","guid":{"rendered":"https:\/\/statera.fo\/?post_type=product&#038;p=26254"},"modified":"2026-02-11T17:37:34","modified_gmt":"2026-02-11T17:37:34","slug":"lucia-care-complete","status":"publish","type":"product","link":"https:\/\/statera.fo\/?product=lucia-care-complete","title":{"rendered":"Lucia Care Complete"},"content":{"rendered":"<div class=\"elementor-element elementor-element-4933bc1d elementor-widget elementor-widget-heading\" data-id=\"4933bc1d\" data-element_type=\"widget\" data-widget_type=\"heading.default\">\n<div class=\"elementor-widget-container\">\n<h2 class=\"elementor-heading-title elementor-size-default\">Lucia Care Complete<\/h2>\n<\/div>\n<\/div>\n<div class=\"elementor-element elementor-element-266b384e elementor-widget elementor-widget-spacer\" data-id=\"266b384e\" data-element_type=\"widget\" data-widget_type=\"spacer.default\">\n<div class=\"elementor-widget-container\">\n<div class=\"elementor-spacer\">\n<div class=\"elementor-spacer-inner\"><\/div>\n<\/div>\n<\/div>\n<\/div>\n<div class=\"elementor-element elementor-element-61a93c95 elementor-widget elementor-widget-text-editor\" data-id=\"61a93c95\" data-element_type=\"widget\" data-widget_type=\"text-editor.default\">\n<div class=\"elementor-widget-container\">\n<p>Tilbo\u00f0i\u00f0 inniheldur hesi produktir:<\/p>\n<p><a href=\"https:\/\/statera.fo\/?product=waterfall\">Creamy Soft Cleanser<\/a> til krop, h\u00e6nder, ansigt og h\u00e5r\u00a0er en bl\u00f8d cremet s\u00e6be beriget med regenererende l\u00e6geurter og solsikkeolie for ekstra n\u00e6rende og fugtbevarende pleje af din hud og h\u00e5r.<\/p>\n<p><a href=\"https:\/\/statera.fo\/?product=ocean-dive\">Nourishing Salt Scrub<\/a> til krop, h\u00e6nder og f\u00f8dder\u00a0er en n\u00e6rende scrub opbygget af bl\u00f8dg\u00f8rende \u00f8kologiske planteolier, dybderensende havsalt og vitaliserende l\u00e6geurter som tilsammen skaber en ny balance i huden.<\/p>\n<p><a href=\"https:\/\/statera.fo\/?product=morning-dewdrops\">Deep Hydrating Mist and Light Serum<\/a> til ansigt\u00a0er en mild fugtgiver med antiinflammatorisk morgenfrue, aloe vera samt hyaluronsyre, der genopfrisker din hud p\u00e5 et \u00f8jeblik og binder fugt dybt i huden.<\/p>\n<p><a href=\"https:\/\/statera.fo\/?product=sunset-breeze\">Rich Regenerative Face Cream<\/a> til ansigt\u00a0er en intensiv n\u00e6rende anti-age ansigtscreme med innovativ A-vitamin formel, hyaluronsyre og collagen stimulerende l\u00e6geurter til potent anti-age pleje b\u00e5de dag og nat.<\/p>\n<p><a href=\"https:\/\/statera.fo\/?product=morning-blizz\">DeStress Day Lotion<\/a> til ansigt og krop er en hurtigt absorberende og langtidsn\u00e6rende lotion til b\u00e5de ansigt og krop fyldt med naturlige og aktive ingredienser af h\u00f8jeste kvalitet.<\/p>\n<p><a href=\"https:\/\/statera.fo\/?product=serenity-now\">Rich Rescue Cream<\/a> til h\u00e6nder, ansigt, f\u00f8dder og beskadiget hud\u00a0er en n\u00e6rende, plejende og fugtgivende creme specielt udviklet til t\u00f8r hud der har brug for intensiv fugtpleje.<\/p>\n<p><a href=\"https:\/\/statera.fo\/?product=peaceful-moment\">Revitalising Oil<\/a> til ansigt, krop, bad og massage\u00a0er en n\u00e6rende og rig olie med fugtgivende mandelolie og beroligende l\u00e6geurter, som styrker og \u00f8ger sp\u00e6ndstigheden i huden.<\/p>\n<\/div>\n<\/div>\n<div><\/div>\n<div>\u00d8ll produktini eru merkt vi\u00f0 Vegan Trademark sum merkir, at produktini ikki innihalda animalskar ingrediensir og eisini, at ta\u00f0 ikki eru gj\u00f8rdar testir \u00e1 dj\u00f3r.<\/div>\n<div><a href=\"http:\/\/statera.fo\/wp-content\/uploads\/2024\/05\/VeganTM_Lucia-Care-green.svg\"><img fetchpriority=\"high\" decoding=\"async\" class=\"alignnone size-full wp-image-26256\" src=\"http:\/\/statera.fo\/wp-content\/uploads\/2024\/05\/VeganTM_Lucia-Care-green.svg\" alt=\"\" width=\"529\" height=\"426\" \/><\/a><\/div>\n","protected":false},"excerpt":{"rendered":"<p>\u00d8ll serian av h\u00fa\u00f0produktunum fr\u00e1 Lucia Care.<\/p>\n","protected":false},"featured_media":26255,"comment_status":"open","ping_status":"closed","template":"","meta":{"_uf_show_specific_survey":0,"_uf_disable_surveys":false,"site-sidebar-layout":"default","site-content-layout":"","ast-site-content-layout":"default","site-content-style":"default","site-sidebar-style":"default","ast-global-header-display":"","ast-banner-title-visibility":"","ast-main-header-display":"","ast-hfb-above-header-display":"","ast-hfb-below-header-display":"","ast-hfb-mobile-header-display":"","site-post-title":"","ast-breadcrumbs-content":"","ast-featured-img":"","footer-sml-layout":"","ast-disable-related-posts":"","theme-transparent-header-meta":"default","adv-header-id-meta":"","stick-header-meta":"","header-above-stick-meta":"","header-main-stick-meta":"","header-below-stick-meta":"","astra-migrate-meta-layouts":"set","ast-page-background-enabled":"default","ast-page-background-meta":{"desktop":{"background-color":"","background-image":"","background-repeat":"repeat","background-position":"center center","background-size":"auto","background-attachment":"scroll","background-type":"","background-media":"","overlay-type":"","overlay-color":"","overlay-opacity":"","overlay-gradient":""},"tablet":{"background-color":"","background-image":"","background-repeat":"repeat","background-position":"center center","background-size":"auto","background-attachment":"scroll","background-type":"","background-media":"","overlay-type":"","overlay-color":"","overlay-opacity":"","overlay-gradient":""},"mobile":{"background-color":"","background-image":"","background-repeat":"repeat","background-position":"center center","background-size":"auto","background-attachment":"scroll","background-type":"","background-media":"","overlay-type":"","overlay-color":"","overlay-opacity":"","overlay-gradient":""}},"ast-content-background-meta":{"desktop":{"background-color":"var(--ast-global-color-5)","background-image":"","background-repeat":"repeat","background-position":"center center","background-size":"auto","background-attachment":"scroll","background-type":"","background-media":"","overlay-type":"","overlay-color":"","overlay-opacity":"","overlay-gradient":""},"tablet":{"background-color":"var(--ast-global-color-5)","background-image":"","background-repeat":"repeat","background-position":"center center","background-size":"auto","background-attachment":"scroll","background-type":"","background-media":"","overlay-type":"","overlay-color":"","overlay-opacity":"","overlay-gradient":""},"mobile":{"background-color":"var(--ast-global-color-5)","background-image":"","background-repeat":"repeat","background-position":"center center","background-size":"auto","background-attachment":"scroll","background-type":"","background-media":"","overlay-type":"","overlay-color":"","overlay-opacity":"","overlay-gradient":""}},"_price":"2000","_stock":"1","_tribe_ticket_header":"","_tribe_default_ticket_provider":"","_tribe_ticket_capacity":"4","_ticket_start_date":"","_ticket_end_date":"","_tribe_ticket_show_description":"","_tribe_ticket_show_not_going":false,"_tribe_ticket_use_global_stock":"","_tribe_ticket_global_stock_level":"","_global_stock_mode":"","_global_stock_cap":"","_tribe_rsvp_for_event":"","_tribe_ticket_going_count":"","_tribe_ticket_not_going_count":"","_tribe_tickets_list":"[]","_tribe_ticket_has_attendee_info_fields":false,"_themeisle_gutenberg_block_has_review":false},"product_brand":[103],"product_cat":[66,77],"product_tag":[],"class_list":{"0":"post-26254","1":"product","2":"type-product","3":"status-publish","4":"has-post-thumbnail","6":"product_brand-lucia-care","7":"product_cat-luciacare","8":"product_cat-tilbod","9":"desktop-align-center","10":"tablet-align-left","11":"mobile-align-left","13":"first","14":"instock","15":"sale","16":"taxable","17":"shipping-taxable","18":"purchasable","19":"product-type-simple"},"aioseo_notices":[],"post_mailing_queue_ids":[],"_links":{"self":[{"href":"https:\/\/statera.fo\/index.php?rest_route=\/wp\/v2\/product\/26254","targetHints":{"allow":["GET"]}}],"collection":[{"href":"https:\/\/statera.fo\/index.php?rest_route=\/wp\/v2\/product"}],"about":[{"href":"https:\/\/statera.fo\/index.php?rest_route=\/wp\/v2\/types\/product"}],"replies":[{"embeddable":true,"href":"https:\/\/statera.fo\/index.php?rest_route=%2Fwp%2Fv2%2Fcomments&post=26254"}],"wp:featuredmedia":[{"embeddable":true,"href":"https:\/\/statera.fo\/index.php?rest_route=\/wp\/v2\/media\/26255"}],"wp:attachment":[{"href":"https:\/\/statera.fo\/index.php?rest_route=%2Fwp%2Fv2%2Fmedia&parent=26254"}],"wp:term":[{"taxonomy":"product_brand","embeddable":true,"href":"https:\/\/statera.fo\/index.php?rest_route=%2Fwp%2Fv2%2Fproduct_brand&post=26254"},{"taxonomy":"product_cat","embeddable":true,"href":"https:\/\/statera.fo\/index.php?rest_route=%2Fwp%2Fv2%2Fproduct_cat&post=26254"},{"taxonomy":"product_tag","embeddable":true,"href":"https:\/\/statera.fo\/index.php?rest_route=%2Fwp%2Fv2%2Fproduct_tag&post=26254"}],"curies":[{"name":"wp","href":"https:\/\/api.w.org\/{rel}","templated":true}]}}