{"id":26262,"date":"2024-06-03T09:54:09","date_gmt":"2024-06-03T08:54:09","guid":{"rendered":"https:\/\/statera.fo\/?post_type=product&#038;p=26262"},"modified":"2026-01-27T12:31:57","modified_gmt":"2026-01-27T12:31:57","slug":"sunlit-glow-sun-oil-spf-50-145-ml","status":"publish","type":"product","link":"https:\/\/statera.fo\/?product=sunlit-glow-sun-oil-spf-50-145-ml","title":{"rendered":"Sunlit Glow &#8211; Sun Oil SPF 50 &#8211; 145 ml"},"content":{"rendered":"<p class=\"p3\">Munag\u00f3\u00f0 s\u00f3lverja og stimbrandi h\u00fa\u00f0r\u00f8kt, sum smeltar inn \u00ed h\u00fa\u00f0ina og gevur eitt flott d\u00e6mi &#8211; alt \u00ed einum \ud83d\ude42<\/p>\n<p class=\"p3\">Sunlit Glow &#8211; Sun Oil &#8211; SPF 50, er fylt vi\u00f0 h\u00fa\u00f0stimbrandi fyrimunum :<\/p>\n<div>\n<ul>\n<li>Ein luksus s\u00f3lolja, sum er stimbrandi fyri h\u00fa\u00f0ina og gevur munag\u00f3\u00f0a verju m\u00f3ti UVA- og UVB-str\u00e1lum.<\/li>\n<li>H\u00fa\u00f0stimbrandi vistfr\u00f8\u00f0iligar plantuoljur, sum styrkja og stimbra elastisitetin og smidleikan \u00ed h\u00fa\u00f0ini.<\/li>\n<li>Bleyta oljan er l\u00f8tt at smyrja \u00fat og smeltar skj\u00f3tt inn \u00ed h\u00fa\u00f0ina, uttan at feitta.<\/li>\n<li>Oljan gevur beinanveg eitt flott og s\u00f3lkyst d\u00e6mi.<\/li>\n<li>Oljan er serliga g\u00f3\u00f0 til turra h\u00fa\u00f0, t\u00e1 i\u00f0 r\u00edku plantuoljurnar geva eyka fukt og f\u00f8\u00f0slu til h\u00fa\u00f0ina.<\/li>\n<li>Inniheldur kollagenstimbrandi l\u00e6knaurtir, eins og Morgunfr\u00faa og Kannubj\u00f8lla stimbra n\u00e1tt\u00farligu produkti\u00f3nini av kollagen.<br \/>\nHetta gevur eina f\u00f8rari og sl\u00e6ttari h\u00fa\u00f0.<br \/>\nAnti-ageOljurnar innihalda n\u00f3gvar kraftigar antiaxidantar, sum ni\u00f0urberja &#8216;fr\u00ed radikalir&#8217;, sum kunnu geva h\u00fa\u00f0ini s\u00f3lska\u00f0ar.<\/li>\n<li>Svanamerkt (<a href=\"https:\/\/www.svanemaerket.dk\/forbruger\/hvad-er-svanemaerket\">Les meira her<\/a>)<\/li>\n<li>Uttan luktilsi<\/li>\n<li>Certifisera\u00f0 koralvinalig = EcoSun Pass (<a href=\"https:\/\/www.personal-care.basf.com\/ecosunpass\">les meira her<\/a>)<\/li>\n<li>Dermatologiskt testa\u00f0 \u00e1 vi\u00f0kv\u00e6mari h\u00fa\u00f0<\/li>\n<li>Vatnfast<\/li>\n<li>Til andlit og kropp\n<div class=\"elementor-widget-container\">\n<div class=\"woocommerce-product-details__short-description\">\n<p>&nbsp;<\/p>\n<\/div>\n<\/div>\n<div><\/div>\n<div>\n<div><\/div>\n<div><strong>Br\u00fak:<\/strong><\/div>\n<div>Smyr t.d. oljuna \u00fatyvir t\u00edtt andlitskrem, \u00e1\u00f0renn t\u00fa fer \u00fat \u00ed s\u00f3lina.<\/div>\n<div>Br\u00faka uml eina hond av olju, til allan kroppin.<\/div>\n<div>Sj\u00e1lvt um oljan er vatnf\u00f8st, er alt\u00ed\u00f0 skilagott, at smyrja umaftur, t\u00e1 i\u00f0 h\u00fa\u00f0in aftur er blivin turr.<\/div>\n<\/div>\n<div><\/div>\n<div>Ta\u00f0 er serliga \u00ed s\u00f3lini, mitt \u00e1 degi, at t\u00f8rvur er \u00e1 at verja h\u00fa\u00f0ina.<\/div>\n<div>Ella t\u00e1 i\u00f0 UV-index er yvir 3.<\/div>\n<div>\n<div>\n<p>&nbsp;<\/p>\n<p>&nbsp;<\/p>\n<p class=\"p3\"><strong>Inniheldur:<\/strong><\/p>\n<p>Dibutyl Adipate, Brassica Campestris Seed (Rapeseed) Oil*, Brassica Napus Seed (Rapeseed) Oil*, Diethylamino Hydroxybenzoyl Hexyl Benzoate (Sun Filter), Ethylhexyl Triazone (Sun Filter), Helianthus Annuus (Sunflower) Seed Oil*, Diethylhexyl Butamido Triazone (Sun Filter), Bis-Ethylhexyloxyphenol Methoxyphenyl Triazine (Sun Filter), Diheptyl Succinate, Triticum Vulgare (Wheat) Germ Oil, Hydrogenated Dimer Dilinoleyl\/Dimethylcarbonate Copolymer, Equisetum Arvense (Horsetail) Extract*, Calendula Officinalis Flower Extract*, Tocopherol, Glycine Soja (Soybean) Oil*, Capryloyl Glycerin\/Sebacic Acid Copolymer<\/p>\n<p>*Ingredients from organic farming<\/p>\n<p>32% natural origin of total<br \/>\n25% of the total ingredients are from organic farming<\/p>\n<\/div>\n<\/div>\n<table role=\"presentation\" border=\"0\" width=\"100%\" cellspacing=\"0\" cellpadding=\"0\">\n<tbody>\n<tr>\n<td>\n<div><\/div>\n<div>\n<div>\n<p>&nbsp;<\/p>\n<div>\n<div>\n<div class=\"kl-split-subblock bottom\">\n<table role=\"presentation\" border=\"0\" width=\"100%\" cellspacing=\"0\" cellpadding=\"0\">\n<tbody>\n<tr>\n<td class=\"spacer\">\n<table style=\"height: 13px;\" role=\"presentation\" border=\"0\" width=\"1038\" cellspacing=\"0\" cellpadding=\"0\">\n<tbody>\n<tr>\n<td><\/td>\n<\/tr>\n<\/tbody>\n<\/table>\n<\/td>\n<\/tr>\n<\/tbody>\n<\/table>\n<\/div>\n<\/div>\n<\/div>\n<\/div>\n<\/div>\n<\/td>\n<\/tr>\n<\/tbody>\n<\/table>\n<\/li>\n<\/ul>\n<\/div>\n","protected":false},"excerpt":{"rendered":"<p>Anti age s\u00f3lverja til vi\u00f0kv\u00e6ma h\u00fa\u00f0. Vatnf\u00f8st, Svanamerkt og koralvinarlig. Kollagenstimbrandi.<\/p>\n","protected":false},"featured_media":26263,"comment_status":"open","ping_status":"closed","template":"","meta":{"_uf_show_specific_survey":0,"_uf_disable_surveys":false,"site-sidebar-layout":"default","site-content-layout":"","ast-site-content-layout":"default","site-content-style":"default","site-sidebar-style":"default","ast-global-header-display":"","ast-banner-title-visibility":"","ast-main-header-display":"","ast-hfb-above-header-display":"","ast-hfb-below-header-display":"","ast-hfb-mobile-header-display":"","site-post-title":"","ast-breadcrumbs-content":"","ast-featured-img":"","footer-sml-layout":"","ast-disable-related-posts":"","theme-transparent-header-meta":"default","adv-header-id-meta":"","stick-header-meta":"","header-above-stick-meta":"","header-main-stick-meta":"","header-below-stick-meta":"","astra-migrate-meta-layouts":"set","ast-page-background-enabled":"default","ast-page-background-meta":{"desktop":{"background-color":"","background-image":"","background-repeat":"repeat","background-position":"center center","background-size":"auto","background-attachment":"scroll","background-type":"","background-media":"","overlay-type":"","overlay-color":"","overlay-opacity":"","overlay-gradient":""},"tablet":{"background-color":"","background-image":"","background-repeat":"repeat","background-position":"center center","background-size":"auto","background-attachment":"scroll","background-type":"","background-media":"","overlay-type":"","overlay-color":"","overlay-opacity":"","overlay-gradient":""},"mobile":{"background-color":"","background-image":"","background-repeat":"repeat","background-position":"center center","background-size":"auto","background-attachment":"scroll","background-type":"","background-media":"","overlay-type":"","overlay-color":"","overlay-opacity":"","overlay-gradient":""}},"ast-content-background-meta":{"desktop":{"background-color":"var(--ast-global-color-5)","background-image":"","background-repeat":"repeat","background-position":"center center","background-size":"auto","background-attachment":"scroll","background-type":"","background-media":"","overlay-type":"","overlay-color":"","overlay-opacity":"","overlay-gradient":""},"tablet":{"background-color":"var(--ast-global-color-5)","background-image":"","background-repeat":"repeat","background-position":"center center","background-size":"auto","background-attachment":"scroll","background-type":"","background-media":"","overlay-type":"","overlay-color":"","overlay-opacity":"","overlay-gradient":""},"mobile":{"background-color":"var(--ast-global-color-5)","background-image":"","background-repeat":"repeat","background-position":"center center","background-size":"auto","background-attachment":"scroll","background-type":"","background-media":"","overlay-type":"","overlay-color":"","overlay-opacity":"","overlay-gradient":""}},"_price":"355","_stock":"2","_tribe_ticket_header":"","_tribe_default_ticket_provider":"","_tribe_ticket_capacity":"6","_ticket_start_date":"","_ticket_end_date":"","_tribe_ticket_show_description":"","_tribe_ticket_show_not_going":false,"_tribe_ticket_use_global_stock":"","_tribe_ticket_global_stock_level":"","_global_stock_mode":"","_global_stock_cap":"","_tribe_rsvp_for_event":"","_tribe_ticket_going_count":"","_tribe_ticket_not_going_count":"","_tribe_tickets_list":"[]","_tribe_ticket_has_attendee_info_fields":false,"_themeisle_gutenberg_block_has_review":false},"product_brand":[103],"product_cat":[66,70],"product_tag":[],"class_list":{"0":"post-26262","1":"product","2":"type-product","3":"status-publish","4":"has-post-thumbnail","6":"product_brand-lucia-care","7":"product_cat-luciacare","8":"product_cat-vardveit-titt-vakra-andlit","9":"desktop-align-center","10":"tablet-align-left","11":"mobile-align-left","13":"first","14":"instock","15":"taxable","16":"shipping-taxable","17":"purchasable","18":"product-type-simple"},"aioseo_notices":[],"post_mailing_queue_ids":[],"_links":{"self":[{"href":"https:\/\/statera.fo\/index.php?rest_route=\/wp\/v2\/product\/26262","targetHints":{"allow":["GET"]}}],"collection":[{"href":"https:\/\/statera.fo\/index.php?rest_route=\/wp\/v2\/product"}],"about":[{"href":"https:\/\/statera.fo\/index.php?rest_route=\/wp\/v2\/types\/product"}],"replies":[{"embeddable":true,"href":"https:\/\/statera.fo\/index.php?rest_route=%2Fwp%2Fv2%2Fcomments&post=26262"}],"wp:featuredmedia":[{"embeddable":true,"href":"https:\/\/statera.fo\/index.php?rest_route=\/wp\/v2\/media\/26263"}],"wp:attachment":[{"href":"https:\/\/statera.fo\/index.php?rest_route=%2Fwp%2Fv2%2Fmedia&parent=26262"}],"wp:term":[{"taxonomy":"product_brand","embeddable":true,"href":"https:\/\/statera.fo\/index.php?rest_route=%2Fwp%2Fv2%2Fproduct_brand&post=26262"},{"taxonomy":"product_cat","embeddable":true,"href":"https:\/\/statera.fo\/index.php?rest_route=%2Fwp%2Fv2%2Fproduct_cat&post=26262"},{"taxonomy":"product_tag","embeddable":true,"href":"https:\/\/statera.fo\/index.php?rest_route=%2Fwp%2Fv2%2Fproduct_tag&post=26262"}],"curies":[{"name":"wp","href":"https:\/\/api.w.org\/{rel}","templated":true}]}}