{"id":26267,"date":"2024-06-03T10:03:58","date_gmt":"2024-06-03T09:03:58","guid":{"rendered":"https:\/\/statera.fo\/?post_type=product&#038;p=26267"},"modified":"2026-02-04T19:33:48","modified_gmt":"2026-02-04T19:33:48","slug":"sun-stick-spf-50-18-ml","status":"publish","type":"product","link":"https:\/\/statera.fo\/?product=sun-stick-spf-50-18-ml","title":{"rendered":"Sun Stick &#8211; SPF 50 &#8211; 18 ml"},"content":{"rendered":"<p>Sun Stick SPF 50 er en bl\u00f8dg\u00f8rende og plejende solstift, der beskytter effektivt mod solens UVA- og UVB-str\u00e5ler.<\/p>\n<p>Sun Stick er vandfast solbeskyttelse ideel til l\u00e6ber, kinder, n\u00e6se, \u00f8rer og andre omr\u00e5der, der er s\u00e6rligt udsatte i solen.<\/p>\n<p>Sticken er let at sm\u00f8re ud uden at klistre eller fedte.<\/p>\n<p>\u00d8kologisk padderokke, k\u00e6mpenatlysolie, sheasm\u00f8r og bivoks tilf\u00f8rer fugt og smidighed, styrker barrieren og beskytter mod fugttab.<\/p>\n<p>Dermatologisk testet p\u00e5 sensitiv hud og 100% parfumefri til alle b\u00f8rn og voksne, som foretr\u00e6kker allergivenlig solpleje.<\/p>\n<p>Svanem\u00e6rket og certificeret koralvenlig med EcoSun Pass.<\/p>\n<p>Ideel til sensitiv og t\u00f8r hud.<\/p>\n<p>&nbsp;<\/p>\n<p><strong>Inniheldur<\/strong>:<\/p>\n<p>Dibutyl Adipate, Cera Alba (Beeswax)*, Diethylamino Hydroxybenzoyl Hexyl Benzoate (Sun Filter), Talc, Butyrospermum Parkii (Shea) Butter*, Bis-Ethylhexyloxyphenol Methoxyphenyl Triazine (Sun Filter), Ethylhexyl Triazone (Sun Filter), Hydrogenated Vegetable Oil, Diheptyl Succinate, Brassica Campestris Seed (Rapeseed) Oil*, Brassica Napus Seed (Rapeseed) Oil*, Helianthus Annuus (Sunflower) Seed Oil*, Diethylhexyl Butamido Triazone (Sun Filter), Equisetum Arvense (Horsetail) Extract*, Oenothera Biennis (Evening Primrose) Oil*, Tocopherol, Capryloyl Glycerin\/Sebacic Acid Copolymer<\/p>\n<p>*Ingredients from organic farming<\/p>\n<p>49% natural origin of total<\/p>\n<p>31% of the total ingredients are from organic farming<\/p>\n","protected":false},"excerpt":{"rendered":"<div class=\"elementor-element elementor-element-250973d elementor-widget elementor-widget-woocommerce-product-short-description\" data-id=\"250973d\" data-element_type=\"widget\" data-widget_type=\"woocommerce-product-short-description.default\">\n<div class=\"elementor-widget-container\">\n<div class=\"woocommerce-product-details__short-description\">S\u00f3lstift til vi\u00f0kv\u00e6ma og turra h\u00fa\u00f0.<\/div>\n<\/div>\n<\/div>\n","protected":false},"featured_media":26268,"comment_status":"open","ping_status":"closed","template":"","meta":{"_uf_show_specific_survey":0,"_uf_disable_surveys":false,"site-sidebar-layout":"default","site-content-layout":"","ast-site-content-layout":"default","site-content-style":"default","site-sidebar-style":"default","ast-global-header-display":"","ast-banner-title-visibility":"","ast-main-header-display":"","ast-hfb-above-header-display":"","ast-hfb-below-header-display":"","ast-hfb-mobile-header-display":"","site-post-title":"","ast-breadcrumbs-content":"","ast-featured-img":"","footer-sml-layout":"","ast-disable-related-posts":"","theme-transparent-header-meta":"default","adv-header-id-meta":"","stick-header-meta":"","header-above-stick-meta":"","header-main-stick-meta":"","header-below-stick-meta":"","astra-migrate-meta-layouts":"set","ast-page-background-enabled":"default","ast-page-background-meta":{"desktop":{"background-color":"","background-image":"","background-repeat":"repeat","background-position":"center center","background-size":"auto","background-attachment":"scroll","background-type":"","background-media":"","overlay-type":"","overlay-color":"","overlay-opacity":"","overlay-gradient":""},"tablet":{"background-color":"","background-image":"","background-repeat":"repeat","background-position":"center center","background-size":"auto","background-attachment":"scroll","background-type":"","background-media":"","overlay-type":"","overlay-color":"","overlay-opacity":"","overlay-gradient":""},"mobile":{"background-color":"","background-image":"","background-repeat":"repeat","background-position":"center center","background-size":"auto","background-attachment":"scroll","background-type":"","background-media":"","overlay-type":"","overlay-color":"","overlay-opacity":"","overlay-gradient":""}},"ast-content-background-meta":{"desktop":{"background-color":"var(--ast-global-color-5)","background-image":"","background-repeat":"repeat","background-position":"center center","background-size":"auto","background-attachment":"scroll","background-type":"","background-media":"","overlay-type":"","overlay-color":"","overlay-opacity":"","overlay-gradient":""},"tablet":{"background-color":"var(--ast-global-color-5)","background-image":"","background-repeat":"repeat","background-position":"center center","background-size":"auto","background-attachment":"scroll","background-type":"","background-media":"","overlay-type":"","overlay-color":"","overlay-opacity":"","overlay-gradient":""},"mobile":{"background-color":"var(--ast-global-color-5)","background-image":"","background-repeat":"repeat","background-position":"center center","background-size":"auto","background-attachment":"scroll","background-type":"","background-media":"","overlay-type":"","overlay-color":"","overlay-opacity":"","overlay-gradient":""}},"_price":"165","_stock":"3","_tribe_ticket_header":"","_tribe_default_ticket_provider":"","_tribe_ticket_capacity":"2","_ticket_start_date":"","_ticket_end_date":"","_tribe_ticket_show_description":"","_tribe_ticket_show_not_going":false,"_tribe_ticket_use_global_stock":"","_tribe_ticket_global_stock_level":"","_global_stock_mode":"","_global_stock_cap":"","_tribe_rsvp_for_event":"","_tribe_ticket_going_count":"","_tribe_ticket_not_going_count":"","_tribe_tickets_list":"[]","_tribe_ticket_has_attendee_info_fields":false,"_themeisle_gutenberg_block_has_review":false},"product_brand":[103],"product_cat":[66],"product_tag":[],"class_list":{"0":"post-26267","1":"product","2":"type-product","3":"status-publish","4":"has-post-thumbnail","6":"product_brand-lucia-care","7":"product_cat-luciacare","8":"desktop-align-center","9":"tablet-align-left","10":"mobile-align-left","12":"first","13":"instock","14":"taxable","15":"shipping-taxable","16":"purchasable","17":"product-type-simple"},"aioseo_notices":[],"post_mailing_queue_ids":[],"_links":{"self":[{"href":"https:\/\/statera.fo\/index.php?rest_route=\/wp\/v2\/product\/26267","targetHints":{"allow":["GET"]}}],"collection":[{"href":"https:\/\/statera.fo\/index.php?rest_route=\/wp\/v2\/product"}],"about":[{"href":"https:\/\/statera.fo\/index.php?rest_route=\/wp\/v2\/types\/product"}],"replies":[{"embeddable":true,"href":"https:\/\/statera.fo\/index.php?rest_route=%2Fwp%2Fv2%2Fcomments&post=26267"}],"wp:featuredmedia":[{"embeddable":true,"href":"https:\/\/statera.fo\/index.php?rest_route=\/wp\/v2\/media\/26268"}],"wp:attachment":[{"href":"https:\/\/statera.fo\/index.php?rest_route=%2Fwp%2Fv2%2Fmedia&parent=26267"}],"wp:term":[{"taxonomy":"product_brand","embeddable":true,"href":"https:\/\/statera.fo\/index.php?rest_route=%2Fwp%2Fv2%2Fproduct_brand&post=26267"},{"taxonomy":"product_cat","embeddable":true,"href":"https:\/\/statera.fo\/index.php?rest_route=%2Fwp%2Fv2%2Fproduct_cat&post=26267"},{"taxonomy":"product_tag","embeddable":true,"href":"https:\/\/statera.fo\/index.php?rest_route=%2Fwp%2Fv2%2Fproduct_tag&post=26267"}],"curies":[{"name":"wp","href":"https:\/\/api.w.org\/{rel}","templated":true}]}}