{"id":26327,"date":"2024-07-13T14:44:32","date_gmt":"2024-07-13T13:44:32","guid":{"rendered":"https:\/\/statera.fo\/?post_type=product&#038;p=26327"},"modified":"2025-08-11T21:57:31","modified_gmt":"2025-08-11T20:57:31","slug":"natural-solution-to-protect-against-mosquito-bites","status":"publish","type":"product","link":"https:\/\/statera.fo\/?product=natural-solution-to-protect-against-mosquito-bites","title":{"rendered":"Natt\u00farlig verja \u00edm\u00f3ti m\u00fdggjabitum &#8211; 50 ml"},"content":{"rendered":"<h2>Kunning um v\u00f8ru<\/h2>\n<p>Ert t\u00fa m\u00f3\u00f0 av, at m\u00fdggjabitarnir seta s\u00edn d\u00e1m \u00e1 t\u00ednar uttandura upplivingar summarkv\u00f8ldini ?<br \/>\nVit hava reinu og n\u00e1tt\u00farligu verjuna til t\u00edn, sum verjir teg fyri at ver\u00f0a bitin av m\u00fdggjabitum.<br \/>\nTa\u00f0 eru essentiellar oljur, blanda\u00f0ar \u00ed reina mandelolju.<\/p>\n<h2><\/h2>\n<h2>Blandingin inniheldur:<\/h2>\n<p><strong>Rein Mandel Olja<\/strong> &#8211; 50 ml<\/p>\n<p><strong>Lavendel Olja<\/strong> &#8211; 6 drops<\/p>\n<p><strong>Rosemarin Olja<\/strong> &#8211; 4 drops<\/p>\n<p><strong>Citronella Olja<\/strong> &#8211; 6 drops<\/p>\n<p><strong>Lemongrass<\/strong> &#8211; 4 drops<\/p>\n<p><strong>Pine (fura)<\/strong> &#8211; 2 drops<\/p>\n<p><strong>Sedristr\u00e6<\/strong> &#8211; 2 drops<\/p>\n<p>&nbsp;<\/p>\n<h2><\/h2>\n<h2>Br\u00faka solei\u00f0is:<\/h2>\n<p>Smyr blandingina \u00e1 h\u00fa\u00f0ina sum er \u00fatsett, t\u00e1 i\u00f0 t\u00fa ert \u00ed \u00f8ki, har t\u00fa metir teg at ver\u00f0a \u00fatsettan fyri m\u00fdggjabitum.<br \/>\nBlandingin av hesum oljunum gevur t\u00e6r eina natt\u00farliga verju \u00edm\u00f3ti bitum og er sera g\u00f3\u00f0 vi\u00f0ger\u00f0 fyri turra h\u00fa\u00f0.<\/p>\n","protected":false},"excerpt":{"rendered":"<p>Verja \u00edm\u00f3ti m\u00fdggjabitum.<br \/>\nEisini gott sum aftersun. Sera sissandi, k\u00f8landi og bleytgerandi fyri h\u00fa\u00f0ina.<\/p>\n<p>&nbsp;<\/p>\n","protected":false},"featured_media":26328,"comment_status":"open","ping_status":"closed","template":"","meta":{"_uf_show_specific_survey":0,"_uf_disable_surveys":false,"site-sidebar-layout":"default","site-content-layout":"","ast-site-content-layout":"default","site-content-style":"default","site-sidebar-style":"default","ast-global-header-display":"","ast-banner-title-visibility":"","ast-main-header-display":"","ast-hfb-above-header-display":"","ast-hfb-below-header-display":"","ast-hfb-mobile-header-display":"","site-post-title":"","ast-breadcrumbs-content":"","ast-featured-img":"","footer-sml-layout":"","ast-disable-related-posts":"","theme-transparent-header-meta":"default","adv-header-id-meta":"","stick-header-meta":"","header-above-stick-meta":"","header-main-stick-meta":"","header-below-stick-meta":"","astra-migrate-meta-layouts":"set","ast-page-background-enabled":"default","ast-page-background-meta":{"desktop":{"background-color":"","background-image":"","background-repeat":"repeat","background-position":"center center","background-size":"auto","background-attachment":"scroll","background-type":"","background-media":"","overlay-type":"","overlay-color":"","overlay-opacity":"","overlay-gradient":""},"tablet":{"background-color":"","background-image":"","background-repeat":"repeat","background-position":"center center","background-size":"auto","background-attachment":"scroll","background-type":"","background-media":"","overlay-type":"","overlay-color":"","overlay-opacity":"","overlay-gradient":""},"mobile":{"background-color":"","background-image":"","background-repeat":"repeat","background-position":"center center","background-size":"auto","background-attachment":"scroll","background-type":"","background-media":"","overlay-type":"","overlay-color":"","overlay-opacity":"","overlay-gradient":""}},"ast-content-background-meta":{"desktop":{"background-color":"var(--ast-global-color-5)","background-image":"","background-repeat":"repeat","background-position":"center center","background-size":"auto","background-attachment":"scroll","background-type":"","background-media":"","overlay-type":"","overlay-color":"","overlay-opacity":"","overlay-gradient":""},"tablet":{"background-color":"var(--ast-global-color-5)","background-image":"","background-repeat":"repeat","background-position":"center center","background-size":"auto","background-attachment":"scroll","background-type":"","background-media":"","overlay-type":"","overlay-color":"","overlay-opacity":"","overlay-gradient":""},"mobile":{"background-color":"var(--ast-global-color-5)","background-image":"","background-repeat":"repeat","background-position":"center center","background-size":"auto","background-attachment":"scroll","background-type":"","background-media":"","overlay-type":"","overlay-color":"","overlay-opacity":"","overlay-gradient":""}},"_price":"225","_stock":"9","_tribe_ticket_header":"","_tribe_default_ticket_provider":"","_tribe_ticket_capacity":"10","_ticket_start_date":"","_ticket_end_date":"","_tribe_ticket_show_description":"","_tribe_ticket_show_not_going":false,"_tribe_ticket_use_global_stock":"","_tribe_ticket_global_stock_level":"","_global_stock_mode":"","_global_stock_cap":"","_tribe_rsvp_for_event":"","_tribe_ticket_going_count":"","_tribe_ticket_not_going_count":"","_tribe_tickets_list":"[]","_tribe_ticket_has_attendee_info_fields":false,"_themeisle_gutenberg_block_has_review":false},"product_brand":[],"product_cat":[60,83],"product_tag":[],"class_list":{"0":"post-26327","1":"product","2":"type-product","3":"status-publish","4":"has-post-thumbnail","6":"product_cat-oljur","7":"product_cat-essentiellar-oljur-sum-verja-fyri-myggjabitum","8":"desktop-align-center","9":"tablet-align-left","10":"mobile-align-left","12":"first","13":"instock","14":"taxable","15":"shipping-taxable","16":"purchasable","17":"product-type-simple"},"aioseo_notices":[],"post_mailing_queue_ids":[],"_links":{"self":[{"href":"https:\/\/statera.fo\/index.php?rest_route=\/wp\/v2\/product\/26327","targetHints":{"allow":["GET"]}}],"collection":[{"href":"https:\/\/statera.fo\/index.php?rest_route=\/wp\/v2\/product"}],"about":[{"href":"https:\/\/statera.fo\/index.php?rest_route=\/wp\/v2\/types\/product"}],"replies":[{"embeddable":true,"href":"https:\/\/statera.fo\/index.php?rest_route=%2Fwp%2Fv2%2Fcomments&post=26327"}],"wp:featuredmedia":[{"embeddable":true,"href":"https:\/\/statera.fo\/index.php?rest_route=\/wp\/v2\/media\/26328"}],"wp:attachment":[{"href":"https:\/\/statera.fo\/index.php?rest_route=%2Fwp%2Fv2%2Fmedia&parent=26327"}],"wp:term":[{"taxonomy":"product_brand","embeddable":true,"href":"https:\/\/statera.fo\/index.php?rest_route=%2Fwp%2Fv2%2Fproduct_brand&post=26327"},{"taxonomy":"product_cat","embeddable":true,"href":"https:\/\/statera.fo\/index.php?rest_route=%2Fwp%2Fv2%2Fproduct_cat&post=26327"},{"taxonomy":"product_tag","embeddable":true,"href":"https:\/\/statera.fo\/index.php?rest_route=%2Fwp%2Fv2%2Fproduct_tag&post=26327"}],"curies":[{"name":"wp","href":"https:\/\/api.w.org\/{rel}","templated":true}]}}