{"id":26672,"date":"2025-01-23T16:02:20","date_gmt":"2025-01-23T16:02:20","guid":{"rendered":"https:\/\/statera.fo\/?post_type=product&#038;p=26672"},"modified":"2026-03-03T10:54:47","modified_gmt":"2026-03-03T10:54:47","slug":"akupressur-ringur-fidget-ringur","status":"publish","type":"product","link":"https:\/\/statera.fo\/?product=akupressur-ringur-fidget-ringur","title":{"rendered":"Akupressur ringur \/ Fidget ringur"},"content":{"rendered":"<p>Vi\u00f0 hesum spiralringinum, kunna \u00f8ll geva s\u00e6r sj\u00e1lvum vi\u00f0ger\u00f0, sum kann geva yvirraskandi g\u00f3\u00f0 \u00farslit.<\/p>\n<p>Upprunaliga spr\u00edkir spiralringurin \u00far TCM (Traditionel Kinesisk Medicin) og virkar sum akpupressur (trykk \u00e1 akupunkturpunkt).<br \/>\nVi\u00f0 at rulla ringin upp og ni\u00f0ur eftir \u00f8llum fingrunum, skapast ein r\u00f3 \u00ed kroppinum og ein n\u00e1tt\u00farlig javnv\u00e1g. \u00d8ll punktini \u00ed fingrunum \u00e1virkast.<\/p>\n<p>\u00c1 hv\u00f8rjum fingri sirkulera fleiri orkubanar, sum hava beinlei\u00f0is samband inn \u00ed kroppin. Punktini \u00e1virka b\u00e6\u00f0i kropp og sinn.<br \/>\nAkupressur er ein gamal kinesiskur arbei\u00f0sh\u00e1ttur, i\u00f0 n\u00fa eisini er vi\u00f0 at gera s\u00edna innr\u00e1s \u00e1 europeisku, og eisini skandinavisku heilsuver\u00f0ini.<\/p>\n<p><img fetchpriority=\"high\" decoding=\"async\" class=\"alignnone size-medium wp-image-27021\" src=\"http:\/\/statera.fo\/wp-content\/uploads\/2025\/01\/Acupressure-Rings-on-Delicate-Fingers-300x300.jpg\" alt=\"\" width=\"300\" height=\"300\" srcset=\"https:\/\/statera.fo\/wp-content\/uploads\/2025\/01\/Acupressure-Rings-on-Delicate-Fingers-300x300.jpg 300w, https:\/\/statera.fo\/wp-content\/uploads\/2025\/01\/Acupressure-Rings-on-Delicate-Fingers-100x100.jpg 100w, https:\/\/statera.fo\/wp-content\/uploads\/2025\/01\/Acupressure-Rings-on-Delicate-Fingers-600x600.jpg 600w, https:\/\/statera.fo\/wp-content\/uploads\/2025\/01\/Acupressure-Rings-on-Delicate-Fingers-150x150.jpg 150w, https:\/\/statera.fo\/wp-content\/uploads\/2025\/01\/Acupressure-Rings-on-Delicate-Fingers-768x768.jpg 768w, https:\/\/statera.fo\/wp-content\/uploads\/2025\/01\/Acupressure-Rings-on-Delicate-Fingers.jpg 1024w\" sizes=\"(max-width: 300px) 100vw, 300px\" \/> <img decoding=\"async\" class=\"alignnone size-medium wp-image-27022\" src=\"http:\/\/statera.fo\/wp-content\/uploads\/2025\/01\/Ringar-silvur-300x249.jpg\" alt=\"\" width=\"300\" height=\"249\" srcset=\"https:\/\/statera.fo\/wp-content\/uploads\/2025\/01\/Ringar-silvur-300x249.jpg 300w, https:\/\/statera.fo\/wp-content\/uploads\/2025\/01\/Ringar-silvur-600x498.jpg 600w, https:\/\/statera.fo\/wp-content\/uploads\/2025\/01\/Ringar-silvur.jpg 750w\" sizes=\"(max-width: 300px) 100vw, 300px\" \/> <img decoding=\"async\" class=\"alignnone size-medium wp-image-27023\" src=\"http:\/\/statera.fo\/wp-content\/uploads\/2025\/01\/Ringar-_-gull-300x249.jpg\" alt=\"\" width=\"300\" height=\"249\" srcset=\"https:\/\/statera.fo\/wp-content\/uploads\/2025\/01\/Ringar-_-gull-300x249.jpg 300w, https:\/\/statera.fo\/wp-content\/uploads\/2025\/01\/Ringar-_-gull-600x498.jpg 600w, https:\/\/statera.fo\/wp-content\/uploads\/2025\/01\/Ringar-_-gull.jpg 750w\" sizes=\"(max-width: 300px) 100vw, 300px\" \/><\/p>\n<p>&nbsp;<\/p>\n","protected":false},"excerpt":{"rendered":"<p>At rulla eftir fingrunum fyri eini betri javnv\u00e1g ella at sissa sinni\u00f0<\/p>\n<p>1 stk 39 kr<br \/>\n5 stk 24% avsl\u00e1ttur<br \/>\n10 stk 30% avsl\u00e1ttur<br \/>\n20 stk 35% avsl\u00e1ttur<\/p>\n","protected":false},"featured_media":27021,"comment_status":"open","ping_status":"closed","template":"","meta":{"_uf_show_specific_survey":0,"_uf_disable_surveys":false,"site-sidebar-layout":"default","site-content-layout":"","ast-site-content-layout":"default","site-content-style":"default","site-sidebar-style":"default","ast-global-header-display":"","ast-banner-title-visibility":"","ast-main-header-display":"","ast-hfb-above-header-display":"","ast-hfb-below-header-display":"","ast-hfb-mobile-header-display":"","site-post-title":"","ast-breadcrumbs-content":"","ast-featured-img":"","footer-sml-layout":"","ast-disable-related-posts":"","theme-transparent-header-meta":"default","adv-header-id-meta":"","stick-header-meta":"","header-above-stick-meta":"","header-main-stick-meta":"","header-below-stick-meta":"","astra-migrate-meta-layouts":"set","ast-page-background-enabled":"default","ast-page-background-meta":{"desktop":{"background-color":"","background-image":"","background-repeat":"repeat","background-position":"center center","background-size":"auto","background-attachment":"scroll","background-type":"","background-media":"","overlay-type":"","overlay-color":"","overlay-opacity":"","overlay-gradient":""},"tablet":{"background-color":"","background-image":"","background-repeat":"repeat","background-position":"center center","background-size":"auto","background-attachment":"scroll","background-type":"","background-media":"","overlay-type":"","overlay-color":"","overlay-opacity":"","overlay-gradient":""},"mobile":{"background-color":"","background-image":"","background-repeat":"repeat","background-position":"center center","background-size":"auto","background-attachment":"scroll","background-type":"","background-media":"","overlay-type":"","overlay-color":"","overlay-opacity":"","overlay-gradient":""}},"ast-content-background-meta":{"desktop":{"background-color":"var(--ast-global-color-5)","background-image":"","background-repeat":"repeat","background-position":"center center","background-size":"auto","background-attachment":"scroll","background-type":"","background-media":"","overlay-type":"","overlay-color":"","overlay-opacity":"","overlay-gradient":""},"tablet":{"background-color":"var(--ast-global-color-5)","background-image":"","background-repeat":"repeat","background-position":"center center","background-size":"auto","background-attachment":"scroll","background-type":"","background-media":"","overlay-type":"","overlay-color":"","overlay-opacity":"","overlay-gradient":""},"mobile":{"background-color":"var(--ast-global-color-5)","background-image":"","background-repeat":"repeat","background-position":"center center","background-size":"auto","background-attachment":"scroll","background-type":"","background-media":"","overlay-type":"","overlay-color":"","overlay-opacity":"","overlay-gradient":""}},"_price":"39","_stock":"10","_tribe_ticket_header":"","_tribe_default_ticket_provider":"","_tribe_ticket_capacity":"54","_ticket_start_date":"","_ticket_end_date":"","_tribe_ticket_show_description":"","_tribe_ticket_show_not_going":false,"_tribe_ticket_use_global_stock":"","_tribe_ticket_global_stock_level":"","_global_stock_mode":"","_global_stock_cap":"","_tribe_rsvp_for_event":"","_tribe_ticket_going_count":"","_tribe_ticket_not_going_count":"","_tribe_tickets_list":"[]","_tribe_ticket_has_attendee_info_fields":false,"_themeisle_gutenberg_block_has_review":false},"product_brand":[121],"product_cat":[73],"product_tag":[122],"class_list":{"0":"post-26672","1":"product","2":"type-product","3":"status-publish","4":"has-post-thumbnail","6":"product_brand-docsave","7":"product_cat-cupping","8":"product_tag-akupressur","9":"desktop-align-center","10":"tablet-align-left","11":"mobile-align-left","13":"first","14":"instock","15":"taxable","16":"shipping-taxable","17":"purchasable","18":"product-type-variable"},"aioseo_notices":[],"post_mailing_queue_ids":[],"_links":{"self":[{"href":"https:\/\/statera.fo\/index.php?rest_route=\/wp\/v2\/product\/26672","targetHints":{"allow":["GET"]}}],"collection":[{"href":"https:\/\/statera.fo\/index.php?rest_route=\/wp\/v2\/product"}],"about":[{"href":"https:\/\/statera.fo\/index.php?rest_route=\/wp\/v2\/types\/product"}],"replies":[{"embeddable":true,"href":"https:\/\/statera.fo\/index.php?rest_route=%2Fwp%2Fv2%2Fcomments&post=26672"}],"wp:featuredmedia":[{"embeddable":true,"href":"https:\/\/statera.fo\/index.php?rest_route=\/wp\/v2\/media\/27021"}],"wp:attachment":[{"href":"https:\/\/statera.fo\/index.php?rest_route=%2Fwp%2Fv2%2Fmedia&parent=26672"}],"wp:term":[{"taxonomy":"product_brand","embeddable":true,"href":"https:\/\/statera.fo\/index.php?rest_route=%2Fwp%2Fv2%2Fproduct_brand&post=26672"},{"taxonomy":"product_cat","embeddable":true,"href":"https:\/\/statera.fo\/index.php?rest_route=%2Fwp%2Fv2%2Fproduct_cat&post=26672"},{"taxonomy":"product_tag","embeddable":true,"href":"https:\/\/statera.fo\/index.php?rest_route=%2Fwp%2Fv2%2Fproduct_tag&post=26672"}],"curies":[{"name":"wp","href":"https:\/\/api.w.org\/{rel}","templated":true}]}}