{"id":26698,"date":"2025-03-13T13:49:56","date_gmt":"2025-03-13T13:49:56","guid":{"rendered":"https:\/\/statera.fo\/?post_type=product&#038;p=26698"},"modified":"2025-08-11T15:54:18","modified_gmt":"2025-08-11T14:54:18","slug":"dr-kent-cbd-glucosamine-cream-100-ml","status":"publish","type":"product","link":"https:\/\/statera.fo\/?product=dr-kent-cbd-glucosamine-cream-100-ml","title":{"rendered":"Dr. Kent &#8211; CBD Glucosamine Cream &#8211; 100 ml"},"content":{"rendered":"<p data-start=\"71\" data-end=\"115\"><strong data-start=\"71\" data-end=\"113\">DR. Kent CBD Glucosamin Creme \u2013 100 ml<\/strong><\/p>\n<p data-start=\"117\" data-end=\"243\">Ny, potent udgave med <strong data-start=\"139\" data-end=\"154\">1100 mg CBD<\/strong> \u2013 dobbelt s\u00e5 meget som tidligere \u2013 og forbedret formel, der tr\u00e6nger bedre ind i huden.<\/p>\n<p data-start=\"245\" data-end=\"613\">Cremen er udviklet til pleje og massage af led, nakke og ryg. Den beroliger huden, stimulerer den perifere cirkulation og giver en k\u00f8lende fornemmelse efterfulgt af varme, der kan vare i flere timer. Den kan reducere den br\u00e6ndende fornemmelse i smertefulde led ved at p\u00e5virke de inflammatoriske processer og det endocannabinoide system direkte p\u00e5 det ber\u00f8rte omr\u00e5de.<\/p>\n<p data-start=\"615\" data-end=\"1009\">Den naturlige sammens\u00e6tning indeholder <strong data-start=\"654\" data-end=\"800\">glucosaminsulfat, MSM (organisk svovl), natrium chondroitinsulfat, mentol, kamfer, methylsalicylat, kryddernellikeolie og cayennepeberekstrakt<\/strong> samt CO\u2082-udvundet hampeekstrakt med fuldt spektrum af cannabinoider (THC &lt; 0,2%). Ingredienserne underst\u00f8tter kroppens naturlige systemer, giver m\u00e5lrettet lindring og virker b\u00e5de opfriskende og afslappende.<\/p>\n<ul data-start=\"1011\" data-end=\"1191\">\n<li data-start=\"1011\" data-end=\"1105\">\n<p data-start=\"1013\" data-end=\"1105\"><strong data-start=\"1013\" data-end=\"1044\">100% naturlige ingredienser<\/strong> \u2013 ingen kunstige farver, aromaer eller konserveringsmidler<\/p>\n<\/li>\n<li data-start=\"1106\" data-end=\"1169\">\n<p data-start=\"1108\" data-end=\"1169\">GACP-h\u00e5ndteret hampebiomasse og GMP-certificeret produktion<\/p>\n<\/li>\n<li data-start=\"1170\" data-end=\"1191\">\n<p data-start=\"1172\" data-end=\"1191\">Laboratorietestet<\/p>\n<\/li>\n<\/ul>\n<p data-start=\"1193\" data-end=\"1619\"><strong data-start=\"1193\" data-end=\"1210\">Ingredienser:<\/strong> Vand, stearinsyre, kokos-caprylat\/caprat, avocado olie, dimethylsulfon, cannabis sativa ekstrakt, capryl\/caprin triglycerid, cetearyl alkohol, glycerylstearat, squalane, mentol, kamfer, methylsalicylat, natrium chondroitinsulfat, glucosaminsulfat, sorbitan caprylat, propanediol, benzoesyre, kryddernellike blomsterolie, natriumcetearylsulfat, cayennepeberekstrakt, rosmarin ekstrakt, rapskimolie, eugenol.<\/p>\n","protected":false},"excerpt":{"rendered":"<article class=\"text-token-text-primary w-full focus:outline-none scroll-mt-[calc(var(--header-height)+min(200px,max(70px,20svh)))]\" dir=\"auto\" tabindex=\"-1\" data-turn-id=\"request-6898af6c-fabc-8327-b7f0-ea29587ac9af-124\" data-testid=\"conversation-turn-36\" data-scroll-anchor=\"true\" data-turn=\"assistant\">\n<div class=\"text-base my-auto mx-auto pb-10 [--thread-content-margin:--spacing(4)] @[37rem]:[--thread-content-margin:--spacing(6)] @[72rem]:[--thread-content-margin:--spacing(16)] px-(--thread-content-margin)\">\n<div class=\"[--thread-content-max-width:32rem] @[34rem]:[--thread-content-max-width:40rem] @[64rem]:[--thread-content-max-width:48rem] mx-auto max-w-(--thread-content-max-width) flex-1 group\/turn-messages focus-visible:outline-hidden relative flex w-full min-w-0 flex-col agent-turn\" tabindex=\"-1\">\n<div class=\"flex max-w-full flex-col grow\">\n<div class=\"min-h-8 text-message relative flex w-full flex-col items-end gap-2 text-start break-words whitespace-normal [.text-message+&amp;]:mt-5\" dir=\"auto\" data-message-author-role=\"assistant\" data-message-id=\"8f91a198-ff77-4b34-8f17-a046acac6638\" data-message-model-slug=\"gpt-5\">\n<div class=\"flex w-full flex-col gap-1 empty:hidden first:pt-[3px]\">\n<div class=\"markdown prose dark:prose-invert w-full break-words light markdown-new-styling\">\n<p data-start=\"0\" data-end=\"165\" data-is-last-node=\"\" data-is-only-node=\"\">Nat\u00farligt krem, innihaldandi CBD, Glucosamin, MSM og hita- \/kuldakompleksi, i\u00f0 linnar p\u00ednu \u00ed li\u00f0um, nakka og ryggi.<\/p>\n<\/div>\n<\/div>\n<\/div>\n<\/div>\n<\/div>\n<\/div>\n<\/article>\n<div class=\"pointer-events-none h-px w-px\" aria-hidden=\"true\" data-edge=\"true\"><\/div>\n","protected":false},"featured_media":26699,"comment_status":"open","ping_status":"closed","template":"","meta":{"_uf_show_specific_survey":0,"_uf_disable_surveys":false,"site-sidebar-layout":"default","site-content-layout":"","ast-site-content-layout":"default","site-content-style":"default","site-sidebar-style":"default","ast-global-header-display":"","ast-banner-title-visibility":"","ast-main-header-display":"","ast-hfb-above-header-display":"","ast-hfb-below-header-display":"","ast-hfb-mobile-header-display":"","site-post-title":"","ast-breadcrumbs-content":"","ast-featured-img":"","footer-sml-layout":"","ast-disable-related-posts":"","theme-transparent-header-meta":"default","adv-header-id-meta":"","stick-header-meta":"","header-above-stick-meta":"","header-main-stick-meta":"","header-below-stick-meta":"","astra-migrate-meta-layouts":"set","ast-page-background-enabled":"default","ast-page-background-meta":{"desktop":{"background-color":"","background-image":"","background-repeat":"repeat","background-position":"center center","background-size":"auto","background-attachment":"scroll","background-type":"","background-media":"","overlay-type":"","overlay-color":"","overlay-opacity":"","overlay-gradient":""},"tablet":{"background-color":"","background-image":"","background-repeat":"repeat","background-position":"center center","background-size":"auto","background-attachment":"scroll","background-type":"","background-media":"","overlay-type":"","overlay-color":"","overlay-opacity":"","overlay-gradient":""},"mobile":{"background-color":"","background-image":"","background-repeat":"repeat","background-position":"center center","background-size":"auto","background-attachment":"scroll","background-type":"","background-media":"","overlay-type":"","overlay-color":"","overlay-opacity":"","overlay-gradient":""}},"ast-content-background-meta":{"desktop":{"background-color":"var(--ast-global-color-5)","background-image":"","background-repeat":"repeat","background-position":"center center","background-size":"auto","background-attachment":"scroll","background-type":"","background-media":"","overlay-type":"","overlay-color":"","overlay-opacity":"","overlay-gradient":""},"tablet":{"background-color":"var(--ast-global-color-5)","background-image":"","background-repeat":"repeat","background-position":"center center","background-size":"auto","background-attachment":"scroll","background-type":"","background-media":"","overlay-type":"","overlay-color":"","overlay-opacity":"","overlay-gradient":""},"mobile":{"background-color":"var(--ast-global-color-5)","background-image":"","background-repeat":"repeat","background-position":"center center","background-size":"auto","background-attachment":"scroll","background-type":"","background-media":"","overlay-type":"","overlay-color":"","overlay-opacity":"","overlay-gradient":""}},"_price":"395","_stock":"0","_tribe_ticket_header":"","_tribe_default_ticket_provider":"","_tribe_ticket_capacity":"0","_ticket_start_date":"","_ticket_end_date":"","_tribe_ticket_show_description":"","_tribe_ticket_show_not_going":false,"_tribe_ticket_use_global_stock":"","_tribe_ticket_global_stock_level":"","_global_stock_mode":"","_global_stock_cap":"","_tribe_rsvp_for_event":"","_tribe_ticket_going_count":"","_tribe_ticket_not_going_count":"","_tribe_tickets_list":"[]","_tribe_ticket_has_attendee_info_fields":false,"_themeisle_gutenberg_block_has_review":false},"product_brand":[105],"product_cat":[101],"product_tag":[],"class_list":{"0":"post-26698","1":"product","2":"type-product","3":"status-publish","4":"has-post-thumbnail","6":"product_brand-wetality","7":"product_cat-wetality","8":"desktop-align-center","9":"tablet-align-left","10":"mobile-align-left","12":"first","13":"onbackorder","14":"taxable","15":"shipping-taxable","16":"purchasable","17":"product-type-simple"},"aioseo_notices":[],"post_mailing_queue_ids":[],"_links":{"self":[{"href":"https:\/\/statera.fo\/index.php?rest_route=\/wp\/v2\/product\/26698","targetHints":{"allow":["GET"]}}],"collection":[{"href":"https:\/\/statera.fo\/index.php?rest_route=\/wp\/v2\/product"}],"about":[{"href":"https:\/\/statera.fo\/index.php?rest_route=\/wp\/v2\/types\/product"}],"replies":[{"embeddable":true,"href":"https:\/\/statera.fo\/index.php?rest_route=%2Fwp%2Fv2%2Fcomments&post=26698"}],"wp:featuredmedia":[{"embeddable":true,"href":"https:\/\/statera.fo\/index.php?rest_route=\/wp\/v2\/media\/26699"}],"wp:attachment":[{"href":"https:\/\/statera.fo\/index.php?rest_route=%2Fwp%2Fv2%2Fmedia&parent=26698"}],"wp:term":[{"taxonomy":"product_brand","embeddable":true,"href":"https:\/\/statera.fo\/index.php?rest_route=%2Fwp%2Fv2%2Fproduct_brand&post=26698"},{"taxonomy":"product_cat","embeddable":true,"href":"https:\/\/statera.fo\/index.php?rest_route=%2Fwp%2Fv2%2Fproduct_cat&post=26698"},{"taxonomy":"product_tag","embeddable":true,"href":"https:\/\/statera.fo\/index.php?rest_route=%2Fwp%2Fv2%2Fproduct_tag&post=26698"}],"curies":[{"name":"wp","href":"https:\/\/api.w.org\/{rel}","templated":true}]}}