{"id":26701,"date":"2025-03-13T14:08:19","date_gmt":"2025-03-13T14:08:19","guid":{"rendered":"https:\/\/statera.fo\/?post_type=product&#038;p=26701"},"modified":"2025-08-11T15:46:38","modified_gmt":"2025-08-11T14:46:38","slug":"cbd-balm-no-05-5-cbd-30-ml","status":"publish","type":"product","link":"https:\/\/statera.fo\/?product=cbd-balm-no-05-5-cbd-30-ml","title":{"rendered":"CBD Balm No. 05 (5% CBD) &#8211; 30 ml"},"content":{"rendered":"<h2>Beskrivelse<\/h2>\n<div class=\"productc-desc\">\n<p>&nbsp;<\/p>\n<p data-start=\"68\" data-end=\"101\"><strong data-start=\"68\" data-end=\"99\">Wetality Balm No.05 \u2013 30 ml<\/strong><\/p>\n<p data-start=\"103\" data-end=\"378\">En 100% naturlig hudplejebalsam med <strong data-start=\"139\" data-end=\"159\">5% CBD (1500 mg)<\/strong> og andre fytokemikalier fra hampolie, der n\u00e6rer, beskytter og plejer selv den mest kr\u00e6vende hud og negle. De aktive stoffer virker beskyttende mod udefrakommende skadelige p\u00e5virkninger og underst\u00f8tter hudens sundhed.<\/p>\n<ul data-start=\"380\" data-end=\"518\">\n<li data-start=\"380\" data-end=\"398\">\n<p data-start=\"382\" data-end=\"398\"><strong data-start=\"382\" data-end=\"396\">THC &lt; 0,2%<\/strong><\/p>\n<\/li>\n<li data-start=\"399\" data-end=\"459\">\n<p data-start=\"401\" data-end=\"459\">Ingen kunstige farver, aromaer eller konserveringsmidler<\/p>\n<\/li>\n<li data-start=\"460\" data-end=\"489\">\n<p data-start=\"462\" data-end=\"489\">Velegnet til daglig pleje<\/p>\n<\/li>\n<li data-start=\"490\" data-end=\"518\">\n<p data-start=\"492\" data-end=\"518\">Opbevares t\u00f8rt og k\u00f8ligt<\/p>\n<\/li>\n<\/ul>\n<p data-start=\"520\" data-end=\"564\"><strong data-start=\"520\" data-end=\"535\">Anvendelse:<\/strong> P\u00e5f\u00f8res huden efter behov.<\/p>\n<p data-start=\"566\" data-end=\"703\"><strong data-start=\"566\" data-end=\"583\">Ingredienser:<\/strong> Caprylic\/Capric Triglyceride, Cannabis sativa blomster\/blade\/dampekstrakt, Cocos nucifera olie, Cera Alba\/Cera Flava.<\/p>\n<\/div>\n","protected":false},"excerpt":{"rendered":"<p>100% nat\u00farlig h\u00fa\u00f0r\u00f8kt vi\u00f0 5% CBD, sum stimbrar, verjir og r\u00f8ktar sera krevjandi og trupla h\u00fa\u00f0.<\/p>\n<p data-start=\"566\" data-end=\"703\">\n","protected":false},"featured_media":26703,"comment_status":"open","ping_status":"closed","template":"","meta":{"_uf_show_specific_survey":0,"_uf_disable_surveys":false,"site-sidebar-layout":"default","site-content-layout":"","ast-site-content-layout":"default","site-content-style":"default","site-sidebar-style":"default","ast-global-header-display":"","ast-banner-title-visibility":"","ast-main-header-display":"","ast-hfb-above-header-display":"","ast-hfb-below-header-display":"","ast-hfb-mobile-header-display":"","site-post-title":"","ast-breadcrumbs-content":"","ast-featured-img":"","footer-sml-layout":"","ast-disable-related-posts":"","theme-transparent-header-meta":"default","adv-header-id-meta":"","stick-header-meta":"","header-above-stick-meta":"","header-main-stick-meta":"","header-below-stick-meta":"","astra-migrate-meta-layouts":"set","ast-page-background-enabled":"default","ast-page-background-meta":{"desktop":{"background-color":"","background-image":"","background-repeat":"repeat","background-position":"center center","background-size":"auto","background-attachment":"scroll","background-type":"","background-media":"","overlay-type":"","overlay-color":"","overlay-opacity":"","overlay-gradient":""},"tablet":{"background-color":"","background-image":"","background-repeat":"repeat","background-position":"center center","background-size":"auto","background-attachment":"scroll","background-type":"","background-media":"","overlay-type":"","overlay-color":"","overlay-opacity":"","overlay-gradient":""},"mobile":{"background-color":"","background-image":"","background-repeat":"repeat","background-position":"center center","background-size":"auto","background-attachment":"scroll","background-type":"","background-media":"","overlay-type":"","overlay-color":"","overlay-opacity":"","overlay-gradient":""}},"ast-content-background-meta":{"desktop":{"background-color":"var(--ast-global-color-5)","background-image":"","background-repeat":"repeat","background-position":"center center","background-size":"auto","background-attachment":"scroll","background-type":"","background-media":"","overlay-type":"","overlay-color":"","overlay-opacity":"","overlay-gradient":""},"tablet":{"background-color":"var(--ast-global-color-5)","background-image":"","background-repeat":"repeat","background-position":"center center","background-size":"auto","background-attachment":"scroll","background-type":"","background-media":"","overlay-type":"","overlay-color":"","overlay-opacity":"","overlay-gradient":""},"mobile":{"background-color":"var(--ast-global-color-5)","background-image":"","background-repeat":"repeat","background-position":"center center","background-size":"auto","background-attachment":"scroll","background-type":"","background-media":"","overlay-type":"","overlay-color":"","overlay-opacity":"","overlay-gradient":""}},"_price":"675","_stock":"1","_tribe_ticket_header":"","_tribe_default_ticket_provider":"","_tribe_ticket_capacity":"1","_ticket_start_date":"","_ticket_end_date":"","_tribe_ticket_show_description":"","_tribe_ticket_show_not_going":false,"_tribe_ticket_use_global_stock":"","_tribe_ticket_global_stock_level":"","_global_stock_mode":"","_global_stock_cap":"","_tribe_rsvp_for_event":"","_tribe_ticket_going_count":"","_tribe_ticket_not_going_count":"","_tribe_tickets_list":"[]","_tribe_ticket_has_attendee_info_fields":false,"_themeisle_gutenberg_block_has_review":false},"product_brand":[105],"product_cat":[101],"product_tag":[],"class_list":{"0":"post-26701","1":"product","2":"type-product","3":"status-publish","4":"has-post-thumbnail","6":"product_brand-wetality","7":"product_cat-wetality","8":"desktop-align-center","9":"tablet-align-left","10":"mobile-align-left","12":"first","13":"instock","14":"taxable","15":"shipping-taxable","16":"purchasable","17":"product-type-simple"},"aioseo_notices":[],"post_mailing_queue_ids":[],"_links":{"self":[{"href":"https:\/\/statera.fo\/index.php?rest_route=\/wp\/v2\/product\/26701","targetHints":{"allow":["GET"]}}],"collection":[{"href":"https:\/\/statera.fo\/index.php?rest_route=\/wp\/v2\/product"}],"about":[{"href":"https:\/\/statera.fo\/index.php?rest_route=\/wp\/v2\/types\/product"}],"replies":[{"embeddable":true,"href":"https:\/\/statera.fo\/index.php?rest_route=%2Fwp%2Fv2%2Fcomments&post=26701"}],"wp:featuredmedia":[{"embeddable":true,"href":"https:\/\/statera.fo\/index.php?rest_route=\/wp\/v2\/media\/26703"}],"wp:attachment":[{"href":"https:\/\/statera.fo\/index.php?rest_route=%2Fwp%2Fv2%2Fmedia&parent=26701"}],"wp:term":[{"taxonomy":"product_brand","embeddable":true,"href":"https:\/\/statera.fo\/index.php?rest_route=%2Fwp%2Fv2%2Fproduct_brand&post=26701"},{"taxonomy":"product_cat","embeddable":true,"href":"https:\/\/statera.fo\/index.php?rest_route=%2Fwp%2Fv2%2Fproduct_cat&post=26701"},{"taxonomy":"product_tag","embeddable":true,"href":"https:\/\/statera.fo\/index.php?rest_route=%2Fwp%2Fv2%2Fproduct_tag&post=26701"}],"curies":[{"name":"wp","href":"https:\/\/api.w.org\/{rel}","templated":true}]}}