{"id":26742,"date":"2025-04-10T15:08:53","date_gmt":"2025-04-10T14:08:53","guid":{"rendered":"https:\/\/statera.fo\/?post_type=product&#038;p=26742"},"modified":"2025-08-11T15:32:08","modified_gmt":"2025-08-11T14:32:08","slug":"dr-kent-cbd-cream-for-tired-legs-100-ml","status":"publish","type":"product","link":"https:\/\/statera.fo\/?product=dr-kent-cbd-cream-for-tired-legs-100-ml","title":{"rendered":"Dr. Kent &#8211; CBD cream for tired legs &#8211; 100 ml"},"content":{"rendered":"<h2>Beskrivelse<\/h2>\n<div class=\"productc-desc\">\n<p>Ny potent udgave <strong>med 1100 mg CBD! \u2013 dobbelt s\u00e5 meget i forhold til tidligere<\/strong>.<br \/>\nForbedret formel, som lader gelen tr\u00e6nge bedre ind i huden.<\/p>\n<p><strong>DR. Kent CBD Cream For Tired Legs<\/strong> bruges til pleje og massage af tunge og tr\u00e6tte ben, is\u00e6r ved \u00e5reknuder og andre symptomer relateret til kronisk ven\u00f8s insufficiens. Den ubehagelige f\u00f8lelse af tr\u00e6tte ben h\u00e6nger sammen med tilstanden ven\u00f8s insufficiens, som er en meget almindelig kronisk tilstand blandt den voksne befolkning.<\/p>\n<p>Den helt naturlige sammens\u00e6tning leverer m\u00e5lrettet lindring og underst\u00f8tter kroppens naturlige systemer. Cremen indeholder hestekastanjeekstrakt, hampeekstrakt, musetornrodsekstrakt og organisk svovl (MSM). Produktet beroliger huden, stimulerer den perifere cirkulation og giver varme der lindrer og afslapper, og efterlader dine ben friske og lette.<\/p>\n<p><strong>DR. Kent CBD Cream For Tired Legs<\/strong> kan k\u00f8bes I en 100-ml aluminiumstube.<\/p>\n<p>Hampe biomassen h\u00e5ndteres I overensstemmelse med <strong>GACP<\/strong> og produktionen af de f\u00e6rdige produkter er <strong>GMP-certificeret<\/strong>.<\/p>\n<p>Indeholder naturlige ingredienser. Der er ikke tilsat kunstige farver, aromaer eller konserveringsmidler.<\/p>\n<\/div>\n<p>Indeholder ekstrakt fra CO2-udvundet hampebiomasse.<\/p>\n<div class=\"evc-il-item \">\n<ul>\n<li class=\"evc-ili-inner\">Laboratorie testet<\/li>\n<li class=\"evc-ili-inner\">Mindre end 0.2% THC<\/li>\n<li class=\"evc-ili-inner\">Fuldt spektrum af cannabinoider<\/li>\n<\/ul>\n<p><strong>Ingredienser:\u00a0\u00a0<\/strong><br \/>\n<em>vand, avocado olie, stearinsyre, kokos-caprylat\/caprat, caprylic\/capric triglycerid, cannabis sativa extract, dimethylsulfon, cetearyl alkohol, glycerylstearat, ekstrakt af hestekastaniefr\u00f8, musetornrodsekstrakt, sorbitan caprylat, propanediol, benzoesyre, natriumcetearylsulfat, rosmarin ekstrakt, rapskimolie.<\/em><\/p>\n<\/div>\n<p>&nbsp;<\/p>\n<p>&nbsp;<\/p>\n","protected":false},"excerpt":{"rendered":"<p>Veitir linna til bein, i\u00f0 kennast tung.<br \/>\nStimbrar bl\u00f3\u00f0arensli\u00f0 og ger h\u00fa\u00f0ina fr\u00edska og avslappa\u00f0a<\/p>\n<p>&nbsp;<\/p>\n","protected":false},"featured_media":26746,"comment_status":"open","ping_status":"closed","template":"","meta":{"_uf_show_specific_survey":0,"_uf_disable_surveys":false,"site-sidebar-layout":"default","site-content-layout":"","ast-site-content-layout":"default","site-content-style":"default","site-sidebar-style":"default","ast-global-header-display":"","ast-banner-title-visibility":"","ast-main-header-display":"","ast-hfb-above-header-display":"","ast-hfb-below-header-display":"","ast-hfb-mobile-header-display":"","site-post-title":"","ast-breadcrumbs-content":"","ast-featured-img":"","footer-sml-layout":"","ast-disable-related-posts":"","theme-transparent-header-meta":"default","adv-header-id-meta":"","stick-header-meta":"","header-above-stick-meta":"","header-main-stick-meta":"","header-below-stick-meta":"","astra-migrate-meta-layouts":"set","ast-page-background-enabled":"default","ast-page-background-meta":{"desktop":{"background-color":"","background-image":"","background-repeat":"repeat","background-position":"center center","background-size":"auto","background-attachment":"scroll","background-type":"","background-media":"","overlay-type":"","overlay-color":"","overlay-opacity":"","overlay-gradient":""},"tablet":{"background-color":"","background-image":"","background-repeat":"repeat","background-position":"center center","background-size":"auto","background-attachment":"scroll","background-type":"","background-media":"","overlay-type":"","overlay-color":"","overlay-opacity":"","overlay-gradient":""},"mobile":{"background-color":"","background-image":"","background-repeat":"repeat","background-position":"center center","background-size":"auto","background-attachment":"scroll","background-type":"","background-media":"","overlay-type":"","overlay-color":"","overlay-opacity":"","overlay-gradient":""}},"ast-content-background-meta":{"desktop":{"background-color":"var(--ast-global-color-5)","background-image":"","background-repeat":"repeat","background-position":"center center","background-size":"auto","background-attachment":"scroll","background-type":"","background-media":"","overlay-type":"","overlay-color":"","overlay-opacity":"","overlay-gradient":""},"tablet":{"background-color":"var(--ast-global-color-5)","background-image":"","background-repeat":"repeat","background-position":"center center","background-size":"auto","background-attachment":"scroll","background-type":"","background-media":"","overlay-type":"","overlay-color":"","overlay-opacity":"","overlay-gradient":""},"mobile":{"background-color":"var(--ast-global-color-5)","background-image":"","background-repeat":"repeat","background-position":"center center","background-size":"auto","background-attachment":"scroll","background-type":"","background-media":"","overlay-type":"","overlay-color":"","overlay-opacity":"","overlay-gradient":""}},"_price":"395","_stock":"2","_tribe_ticket_header":"","_tribe_default_ticket_provider":"","_tribe_ticket_capacity":"2","_ticket_start_date":"","_ticket_end_date":"","_tribe_ticket_show_description":"","_tribe_ticket_show_not_going":false,"_tribe_ticket_use_global_stock":"","_tribe_ticket_global_stock_level":"","_global_stock_mode":"","_global_stock_cap":"","_tribe_rsvp_for_event":"","_tribe_ticket_going_count":"","_tribe_ticket_not_going_count":"","_tribe_tickets_list":"[]","_tribe_ticket_has_attendee_info_fields":false,"_themeisle_gutenberg_block_has_review":false},"product_brand":[105],"product_cat":[101],"product_tag":[],"class_list":{"0":"post-26742","1":"product","2":"type-product","3":"status-publish","4":"has-post-thumbnail","6":"product_brand-wetality","7":"product_cat-wetality","8":"desktop-align-center","9":"tablet-align-left","10":"mobile-align-left","12":"first","13":"instock","14":"taxable","15":"shipping-taxable","16":"purchasable","17":"product-type-simple"},"aioseo_notices":[],"post_mailing_queue_ids":[],"_links":{"self":[{"href":"https:\/\/statera.fo\/index.php?rest_route=\/wp\/v2\/product\/26742","targetHints":{"allow":["GET"]}}],"collection":[{"href":"https:\/\/statera.fo\/index.php?rest_route=\/wp\/v2\/product"}],"about":[{"href":"https:\/\/statera.fo\/index.php?rest_route=\/wp\/v2\/types\/product"}],"replies":[{"embeddable":true,"href":"https:\/\/statera.fo\/index.php?rest_route=%2Fwp%2Fv2%2Fcomments&post=26742"}],"wp:featuredmedia":[{"embeddable":true,"href":"https:\/\/statera.fo\/index.php?rest_route=\/wp\/v2\/media\/26746"}],"wp:attachment":[{"href":"https:\/\/statera.fo\/index.php?rest_route=%2Fwp%2Fv2%2Fmedia&parent=26742"}],"wp:term":[{"taxonomy":"product_brand","embeddable":true,"href":"https:\/\/statera.fo\/index.php?rest_route=%2Fwp%2Fv2%2Fproduct_brand&post=26742"},{"taxonomy":"product_cat","embeddable":true,"href":"https:\/\/statera.fo\/index.php?rest_route=%2Fwp%2Fv2%2Fproduct_cat&post=26742"},{"taxonomy":"product_tag","embeddable":true,"href":"https:\/\/statera.fo\/index.php?rest_route=%2Fwp%2Fv2%2Fproduct_tag&post=26742"}],"curies":[{"name":"wp","href":"https:\/\/api.w.org\/{rel}","templated":true}]}}