{"id":26784,"date":"2025-06-03T11:13:29","date_gmt":"2025-06-03T10:13:29","guid":{"rendered":"https:\/\/statera.fo\/?post_type=product&#038;p=26784"},"modified":"2026-02-04T19:33:33","modified_gmt":"2026-02-04T19:33:33","slug":"sunbeam-sun-lotion-body-spf-50","status":"publish","type":"product","link":"https:\/\/statera.fo\/?product=sunbeam-sun-lotion-body-spf-50","title":{"rendered":"Sunbeam &#8211; Sun Lotion Body &#8211; SPF 50 &#8211; 150 ml"},"content":{"rendered":"<div class=\"elementor-element elementor-element-a132ba5 elementor-widget elementor-widget-text-editor\" data-id=\"a132ba5\" data-element_type=\"widget\" data-widget_type=\"text-editor.default\">\n<div class=\"elementor-widget-container\">\n<p><strong>Til krop<\/strong><\/p>\n<p>Omfavn solens n\u00e6rende kr\u00e6fter med silkebl\u00f8d solbeskyttelse til kroppen.<\/p>\n<p>Sun Body Lotion SPF 50 lader dig nyde solens varme og energi, mens din hud forbliver beskyttet og velplejet. Den ultralette og silkebl\u00f8de formel er nem at fordele, den smelter ind i huden og efterlader kroppen med en fantastisk behagelig fornemmelse \u2013 helt uden at klistre, fedte eller hvidte.<\/p>\n<p>Den hurtigt absorberende formel beskytter effektivt mod UVA- og UVB-str\u00e5ler, blue light og forurening, mens hudplejende og beroligende ingredienser arbejder i dybden for at styrke og fugtm\u00e6tte huden. Niacinamid styrker hudbarrieren, mens hyaluronsyre, \u00f8kologisk padderokke og morgenfrue sikrer intens fugt, smidighed og elasticitet. De aktive ingredienser har b\u00e5de regenererende og beskyttende antioxidanteffekt, som synligt forbedrer hudens fremtoning.<\/p>\n<p>Sun Body Lotion SPF 50 er vandfast, parfumefri og dermatologisk testet p\u00e5 sensitiv hud. En solcreme, der forener h\u00f8j beskyttelse med en let og luksuri\u00f8s f\u00f8lelse \u2013 s\u00e5 du kan nyde solen med ro i sindet og silkebl\u00f8d hud.<\/p>\n<\/div>\n<\/div>\n","protected":false},"excerpt":{"rendered":"<p>Milt, Silkibleytt, Skj\u00f3tt ats\u00fagvandi, Uttan parfumu<\/p>\n","protected":false},"featured_media":26785,"comment_status":"open","ping_status":"closed","template":"","meta":{"_uf_show_specific_survey":0,"_uf_disable_surveys":false,"site-sidebar-layout":"default","site-content-layout":"","ast-site-content-layout":"default","site-content-style":"default","site-sidebar-style":"default","ast-global-header-display":"","ast-banner-title-visibility":"","ast-main-header-display":"","ast-hfb-above-header-display":"","ast-hfb-below-header-display":"","ast-hfb-mobile-header-display":"","site-post-title":"","ast-breadcrumbs-content":"","ast-featured-img":"","footer-sml-layout":"","ast-disable-related-posts":"","theme-transparent-header-meta":"default","adv-header-id-meta":"","stick-header-meta":"","header-above-stick-meta":"","header-main-stick-meta":"","header-below-stick-meta":"","astra-migrate-meta-layouts":"set","ast-page-background-enabled":"default","ast-page-background-meta":{"desktop":{"background-color":"","background-image":"","background-repeat":"repeat","background-position":"center center","background-size":"auto","background-attachment":"scroll","background-type":"","background-media":"","overlay-type":"","overlay-color":"","overlay-opacity":"","overlay-gradient":""},"tablet":{"background-color":"","background-image":"","background-repeat":"repeat","background-position":"center center","background-size":"auto","background-attachment":"scroll","background-type":"","background-media":"","overlay-type":"","overlay-color":"","overlay-opacity":"","overlay-gradient":""},"mobile":{"background-color":"","background-image":"","background-repeat":"repeat","background-position":"center center","background-size":"auto","background-attachment":"scroll","background-type":"","background-media":"","overlay-type":"","overlay-color":"","overlay-opacity":"","overlay-gradient":""}},"ast-content-background-meta":{"desktop":{"background-color":"var(--ast-global-color-5)","background-image":"","background-repeat":"repeat","background-position":"center center","background-size":"auto","background-attachment":"scroll","background-type":"","background-media":"","overlay-type":"","overlay-color":"","overlay-opacity":"","overlay-gradient":""},"tablet":{"background-color":"var(--ast-global-color-5)","background-image":"","background-repeat":"repeat","background-position":"center center","background-size":"auto","background-attachment":"scroll","background-type":"","background-media":"","overlay-type":"","overlay-color":"","overlay-opacity":"","overlay-gradient":""},"mobile":{"background-color":"var(--ast-global-color-5)","background-image":"","background-repeat":"repeat","background-position":"center center","background-size":"auto","background-attachment":"scroll","background-type":"","background-media":"","overlay-type":"","overlay-color":"","overlay-opacity":"","overlay-gradient":""}},"_price":"329","_stock":"1","_tribe_ticket_header":"","_tribe_default_ticket_provider":"","_tribe_ticket_capacity":"2","_ticket_start_date":"","_ticket_end_date":"","_tribe_ticket_show_description":"","_tribe_ticket_show_not_going":false,"_tribe_ticket_use_global_stock":"","_tribe_ticket_global_stock_level":"","_global_stock_mode":"","_global_stock_cap":"","_tribe_rsvp_for_event":"","_tribe_ticket_going_count":"","_tribe_ticket_not_going_count":"","_tribe_tickets_list":"[]","_tribe_ticket_has_attendee_info_fields":false,"_themeisle_gutenberg_block_has_review":false},"product_brand":[103],"product_cat":[66],"product_tag":[],"class_list":{"0":"post-26784","1":"product","2":"type-product","3":"status-publish","4":"has-post-thumbnail","6":"product_brand-lucia-care","7":"product_cat-luciacare","8":"desktop-align-center","9":"tablet-align-left","10":"mobile-align-left","12":"first","13":"instock","14":"taxable","15":"shipping-taxable","16":"purchasable","17":"product-type-simple"},"aioseo_notices":[],"post_mailing_queue_ids":[],"_links":{"self":[{"href":"https:\/\/statera.fo\/index.php?rest_route=\/wp\/v2\/product\/26784","targetHints":{"allow":["GET"]}}],"collection":[{"href":"https:\/\/statera.fo\/index.php?rest_route=\/wp\/v2\/product"}],"about":[{"href":"https:\/\/statera.fo\/index.php?rest_route=\/wp\/v2\/types\/product"}],"replies":[{"embeddable":true,"href":"https:\/\/statera.fo\/index.php?rest_route=%2Fwp%2Fv2%2Fcomments&post=26784"}],"wp:featuredmedia":[{"embeddable":true,"href":"https:\/\/statera.fo\/index.php?rest_route=\/wp\/v2\/media\/26785"}],"wp:attachment":[{"href":"https:\/\/statera.fo\/index.php?rest_route=%2Fwp%2Fv2%2Fmedia&parent=26784"}],"wp:term":[{"taxonomy":"product_brand","embeddable":true,"href":"https:\/\/statera.fo\/index.php?rest_route=%2Fwp%2Fv2%2Fproduct_brand&post=26784"},{"taxonomy":"product_cat","embeddable":true,"href":"https:\/\/statera.fo\/index.php?rest_route=%2Fwp%2Fv2%2Fproduct_cat&post=26784"},{"taxonomy":"product_tag","embeddable":true,"href":"https:\/\/statera.fo\/index.php?rest_route=%2Fwp%2Fv2%2Fproduct_tag&post=26784"}],"curies":[{"name":"wp","href":"https:\/\/api.w.org\/{rel}","templated":true}]}}