{"id":26807,"date":"2025-07-16T14:30:52","date_gmt":"2025-07-16T13:30:52","guid":{"rendered":"https:\/\/statera.fo\/?post_type=product&#038;p=26807"},"modified":"2025-11-27T14:05:59","modified_gmt":"2025-11-27T14:05:59","slug":"illumineyes-young-living","status":"publish","type":"product","link":"https:\/\/statera.fo\/?product=illumineyes-young-living","title":{"rendered":"IlluminEyes &#8211; Young Living"},"content":{"rendered":"<h4 data-start=\"288\" data-end=\"303\"><img fetchpriority=\"high\" decoding=\"async\" class=\"alignnone wp-image-26810\" src=\"http:\/\/statera.fo\/wp-content\/uploads\/2025\/07\/IlluminEyes-til-heimasidu-300x251.png\" alt=\"\" width=\"302\" height=\"252\" srcset=\"https:\/\/statera.fo\/wp-content\/uploads\/2025\/07\/IlluminEyes-til-heimasidu-300x251.png 300w, https:\/\/statera.fo\/wp-content\/uploads\/2025\/07\/IlluminEyes-til-heimasidu-600x503.png 600w, https:\/\/statera.fo\/wp-content\/uploads\/2025\/07\/IlluminEyes-til-heimasidu-768x644.png 768w, https:\/\/statera.fo\/wp-content\/uploads\/2025\/07\/IlluminEyes-til-heimasidu.png 940w\" sizes=\"(max-width: 302px) 100vw, 302px\" \/><\/h4>\n<p>&nbsp;<\/p>\n<h4 data-start=\"288\" data-end=\"303\">\u2705 Fordele:<\/h4>\n<ul data-start=\"304\" data-end=\"912\">\n<li data-start=\"304\" data-end=\"409\">\n<p data-start=\"306\" data-end=\"409\">\ud83d\udc41 <strong data-start=\"309\" data-end=\"345\">Beskytter mod sk\u00e6rm- og bl\u00e5t lys<\/strong><br data-start=\"345\" data-end=\"348\" \/>Mindsker tr\u00e6thed og belastning ved langvarigt sk\u00e6rmarbejde.<\/p>\n<\/li>\n<li data-start=\"413\" data-end=\"537\">\n<p data-start=\"415\" data-end=\"537\">\ud83c\udf15 <strong data-start=\"418\" data-end=\"471\">Styrker det gule plet-filter i nethinden (macula)<\/strong><br data-start=\"471\" data-end=\"474\" \/>\u00d8ger den makul\u00e6re pigmentt\u00e6thed og beskytter mod nedbrydning.<\/p>\n<\/li>\n<li data-start=\"541\" data-end=\"683\">\n<p data-start=\"543\" data-end=\"683\">\ud83c\udf19 <strong data-start=\"546\" data-end=\"602\">St\u00f8tter synet i m\u00f8rke og aldersrelateret \u00f8jensundhed<\/strong><br data-start=\"602\" data-end=\"605\" \/>Medvirker til klarere syn \u2013 dag og nat \u2013 og modvirker aldringstegn i \u00f8jnene.<\/p>\n<\/li>\n<li data-start=\"687\" data-end=\"801\">\n<p data-start=\"689\" data-end=\"801\">\ud83d\udcaa <strong data-start=\"692\" data-end=\"718\">Kraftige antioxidanter<\/strong><br data-start=\"718\" data-end=\"721\" \/>Indeholder lutein, zeaxanthin, beta-caroten og naturlig C-vitamin fra acerola.<\/p>\n<\/li>\n<li data-start=\"805\" data-end=\"912\">\n<p data-start=\"807\" data-end=\"912\">\u2728 <strong data-start=\"809\" data-end=\"842\">Bidrager ogs\u00e5 til sundere hud<\/strong><br data-start=\"842\" data-end=\"845\" \/>Styrker hudens udseende og beskytter celler mod oxidativt stress.<\/p>\n<\/li>\n<\/ul>\n<h4 data-start=\"914\" data-end=\"930\">\ud83d\udce6 Innihald:<\/h4>\n<ul data-start=\"931\" data-end=\"1005\">\n<li data-start=\"931\" data-end=\"968\">\n<p data-start=\"933\" data-end=\"968\">30 vegetabilske kapsler pr. b\u00f8tte<\/p>\n<\/li>\n<li data-start=\"969\" data-end=\"1005\">\n<p data-start=\"971\" data-end=\"1005\">1 kapsel dagligt med mad anbefales<\/p>\n<\/li>\n<\/ul>\n<h3 data-start=\"144\" data-end=\"182\">\ud83c\udf3f Aktive ingredienser pr. kapsel:<\/h3>\n<ul data-start=\"184\" data-end=\"730\">\n<li data-start=\"184\" data-end=\"355\">\n<p data-start=\"186\" data-end=\"355\"><strong data-start=\"186\" data-end=\"209\">Lutein &amp; Zeaxanthin<\/strong><br data-start=\"209\" data-end=\"212\" \/>\u2013 Filtrerer bl\u00e5t lys<br data-start=\"234\" data-end=\"237\" \/>\u2013 Beskytter nethinden og det gule plet-filter (macula)<br data-start=\"293\" data-end=\"296\" \/>\u2013 Underst\u00f8tter visuel komfort og sundt syn p\u00e5 lang sigt<\/p>\n<\/li>\n<li data-start=\"357\" data-end=\"472\">\n<p data-start=\"359\" data-end=\"472\"><strong data-start=\"359\" data-end=\"391\">Vitamin A (som beta-caroten)<\/strong><br data-start=\"391\" data-end=\"394\" \/>\u2013 Bidrager til normalt syn<br data-start=\"422\" data-end=\"425\" \/>\u2013 Underst\u00f8tter nattesyn og \u00f8jets slimhinder<\/p>\n<\/li>\n<li data-start=\"474\" data-end=\"607\">\n<p data-start=\"476\" data-end=\"607\"><strong data-start=\"476\" data-end=\"512\">Vitamin C (fra acerola-kirseb\u00e6r)<\/strong><br data-start=\"512\" data-end=\"515\" \/>\u2013 Kraftig antioxidant<br data-start=\"538\" data-end=\"541\" \/>\u2013 Beskytter celler mod oxidativt stress<br data-start=\"582\" data-end=\"585\" \/>\u2013 Mindsker tr\u00e6thed<\/p>\n<\/li>\n<li data-start=\"609\" data-end=\"730\">\n<p data-start=\"611\" data-end=\"730\"><strong data-start=\"611\" data-end=\"642\">Wolfberry (Lycium barbarum)<\/strong><br data-start=\"642\" data-end=\"645\" \/>\u2013 Naturlig kilde til antioxidanter<br data-start=\"681\" data-end=\"684\" \/>\u2013 Underst\u00f8tter immunforsvar og \u00f8jensundhed<\/p>\n<\/li>\n<\/ul>\n<p>&nbsp;<\/p>\n","protected":false},"excerpt":{"rendered":"<p>Nat\u00farligt kost\u00edskoyti fr\u00e1 Young Living, sum stu\u00f0lar eygunum \u00ed einum talgildum gerandisdegi og vi\u00f0 aldrandi sj\u00f3n.<\/p>\n","protected":false},"featured_media":26811,"comment_status":"open","ping_status":"closed","template":"","meta":{"_uf_show_specific_survey":0,"_uf_disable_surveys":false,"site-sidebar-layout":"default","site-content-layout":"","ast-site-content-layout":"default","site-content-style":"default","site-sidebar-style":"default","ast-global-header-display":"","ast-banner-title-visibility":"","ast-main-header-display":"","ast-hfb-above-header-display":"","ast-hfb-below-header-display":"","ast-hfb-mobile-header-display":"","site-post-title":"","ast-breadcrumbs-content":"","ast-featured-img":"","footer-sml-layout":"","ast-disable-related-posts":"","theme-transparent-header-meta":"default","adv-header-id-meta":"","stick-header-meta":"","header-above-stick-meta":"","header-main-stick-meta":"","header-below-stick-meta":"","astra-migrate-meta-layouts":"set","ast-page-background-enabled":"default","ast-page-background-meta":{"desktop":{"background-color":"","background-image":"","background-repeat":"repeat","background-position":"center center","background-size":"auto","background-attachment":"scroll","background-type":"","background-media":"","overlay-type":"","overlay-color":"","overlay-opacity":"","overlay-gradient":""},"tablet":{"background-color":"","background-image":"","background-repeat":"repeat","background-position":"center center","background-size":"auto","background-attachment":"scroll","background-type":"","background-media":"","overlay-type":"","overlay-color":"","overlay-opacity":"","overlay-gradient":""},"mobile":{"background-color":"","background-image":"","background-repeat":"repeat","background-position":"center center","background-size":"auto","background-attachment":"scroll","background-type":"","background-media":"","overlay-type":"","overlay-color":"","overlay-opacity":"","overlay-gradient":""}},"ast-content-background-meta":{"desktop":{"background-color":"var(--ast-global-color-5)","background-image":"","background-repeat":"repeat","background-position":"center center","background-size":"auto","background-attachment":"scroll","background-type":"","background-media":"","overlay-type":"","overlay-color":"","overlay-opacity":"","overlay-gradient":""},"tablet":{"background-color":"var(--ast-global-color-5)","background-image":"","background-repeat":"repeat","background-position":"center center","background-size":"auto","background-attachment":"scroll","background-type":"","background-media":"","overlay-type":"","overlay-color":"","overlay-opacity":"","overlay-gradient":""},"mobile":{"background-color":"var(--ast-global-color-5)","background-image":"","background-repeat":"repeat","background-position":"center center","background-size":"auto","background-attachment":"scroll","background-type":"","background-media":"","overlay-type":"","overlay-color":"","overlay-opacity":"","overlay-gradient":""}},"_price":"549","_stock":"3","_tribe_ticket_header":"","_tribe_default_ticket_provider":"","_tribe_ticket_capacity":"5","_ticket_start_date":"","_ticket_end_date":"","_tribe_ticket_show_description":"","_tribe_ticket_show_not_going":false,"_tribe_ticket_use_global_stock":"","_tribe_ticket_global_stock_level":"","_global_stock_mode":"","_global_stock_cap":"","_tribe_rsvp_for_event":"","_tribe_ticket_going_count":"","_tribe_ticket_not_going_count":"","_tribe_tickets_list":"[]","_tribe_ticket_has_attendee_info_fields":false,"_themeisle_gutenberg_block_has_review":false},"product_brand":[104],"product_cat":[60,87],"product_tag":[],"class_list":{"0":"post-26807","1":"product","2":"type-product","3":"status-publish","4":"has-post-thumbnail","6":"product_brand-young-living","7":"product_cat-oljur","8":"product_cat-kostiskoyti","9":"desktop-align-center","10":"tablet-align-left","11":"mobile-align-left","13":"first","14":"instock","15":"taxable","16":"shipping-taxable","17":"purchasable","18":"product-type-simple"},"aioseo_notices":[],"post_mailing_queue_ids":[],"_links":{"self":[{"href":"https:\/\/statera.fo\/index.php?rest_route=\/wp\/v2\/product\/26807","targetHints":{"allow":["GET"]}}],"collection":[{"href":"https:\/\/statera.fo\/index.php?rest_route=\/wp\/v2\/product"}],"about":[{"href":"https:\/\/statera.fo\/index.php?rest_route=\/wp\/v2\/types\/product"}],"replies":[{"embeddable":true,"href":"https:\/\/statera.fo\/index.php?rest_route=%2Fwp%2Fv2%2Fcomments&post=26807"}],"wp:featuredmedia":[{"embeddable":true,"href":"https:\/\/statera.fo\/index.php?rest_route=\/wp\/v2\/media\/26811"}],"wp:attachment":[{"href":"https:\/\/statera.fo\/index.php?rest_route=%2Fwp%2Fv2%2Fmedia&parent=26807"}],"wp:term":[{"taxonomy":"product_brand","embeddable":true,"href":"https:\/\/statera.fo\/index.php?rest_route=%2Fwp%2Fv2%2Fproduct_brand&post=26807"},{"taxonomy":"product_cat","embeddable":true,"href":"https:\/\/statera.fo\/index.php?rest_route=%2Fwp%2Fv2%2Fproduct_cat&post=26807"},{"taxonomy":"product_tag","embeddable":true,"href":"https:\/\/statera.fo\/index.php?rest_route=%2Fwp%2Fv2%2Fproduct_tag&post=26807"}],"curies":[{"name":"wp","href":"https:\/\/api.w.org\/{rel}","templated":true}]}}