{"id":26880,"date":"2025-08-11T20:30:31","date_gmt":"2025-08-11T19:30:31","guid":{"rendered":"https:\/\/statera.fo\/?post_type=product&#038;p=26880"},"modified":"2025-08-11T20:30:37","modified_gmt":"2025-08-11T19:30:37","slug":"an-mian-pian-granulat-100g","status":"publish","type":"product","link":"https:\/\/statera.fo\/?product=an-mian-pian-granulat-100g","title":{"rendered":"An Mian Pian granulat 100g"},"content":{"rendered":"<p data-start=\"186\" data-end=\"482\">An Mian Pian is a Traditional Chinese Medicine (TCM) formula designed to calm the <em data-start=\"286\" data-end=\"294\">Spirit<\/em>, ease severe worry, and promote deep relaxation. With its soothing properties, it helps relieve temporary anxiety and mental agitation, allowing the body to unwind and prepare for rest.<\/p>\n<p data-start=\"484\" data-end=\"498\"><strong data-start=\"484\" data-end=\"496\">Benefits<\/strong><\/p>\n<ul data-start=\"499\" data-end=\"675\">\n<li data-start=\"499\" data-end=\"541\">\n<p data-start=\"501\" data-end=\"541\">Promotes relaxation and calms the mind<\/p>\n<\/li>\n<li data-start=\"542\" data-end=\"576\">\n<p data-start=\"544\" data-end=\"576\">Helps to fall asleep naturally<\/p>\n<\/li>\n<li data-start=\"577\" data-end=\"634\">\n<p data-start=\"579\" data-end=\"634\">Improves sleep quality for a deep and refreshing rest<\/p>\n<\/li>\n<li data-start=\"635\" data-end=\"675\">\n<p data-start=\"637\" data-end=\"675\">Reduces temporary stress and tension<\/p>\n<\/li>\n<\/ul>\n<p data-start=\"677\" data-end=\"847\"><strong data-start=\"677\" data-end=\"693\">How It Works<\/strong><br data-start=\"693\" data-end=\"696\" \/>This formula\u2019s gentle yet effective action alleviates mental restlessness, induces sleepiness, and supports uninterrupted sleep throughout the night.<\/p>\n<p data-start=\"849\" data-end=\"874\"><strong data-start=\"849\" data-end=\"872\">Dosage &amp; Directions<\/strong><\/p>\n<ul data-start=\"875\" data-end=\"1087\">\n<li data-start=\"875\" data-end=\"908\">\n<p data-start=\"877\" data-end=\"908\"><strong data-start=\"877\" data-end=\"886\">Form:<\/strong> Concentrated powder<\/p>\n<\/li>\n<li data-start=\"909\" data-end=\"994\">\n<p data-start=\"911\" data-end=\"994\"><strong data-start=\"911\" data-end=\"922\">Dosage:<\/strong> Two pods (3 g) twice daily \u2013 morning and evening, on an empty stomach<\/p>\n<\/li>\n<li data-start=\"995\" data-end=\"1087\">\n<p data-start=\"997\" data-end=\"1087\"><strong data-start=\"997\" data-end=\"1013\">Preparation:<\/strong> Dilute the powder in a small cup of boiling water, stir well, and drink<\/p>\n<\/li>\n<\/ul>\n","protected":false},"excerpt":{"rendered":"<p>Sissar sinni\u00f0, minkar um strongd og stimbrar dj\u00fapan og r\u00f3ligan sv\u00f8vn.<\/p>\n","protected":false},"featured_media":26881,"comment_status":"open","ping_status":"closed","template":"","meta":{"_uf_show_specific_survey":0,"_uf_disable_surveys":false,"site-sidebar-layout":"default","site-content-layout":"","ast-site-content-layout":"default","site-content-style":"default","site-sidebar-style":"default","ast-global-header-display":"","ast-banner-title-visibility":"","ast-main-header-display":"","ast-hfb-above-header-display":"","ast-hfb-below-header-display":"","ast-hfb-mobile-header-display":"","site-post-title":"","ast-breadcrumbs-content":"","ast-featured-img":"","footer-sml-layout":"","ast-disable-related-posts":"","theme-transparent-header-meta":"default","adv-header-id-meta":"","stick-header-meta":"","header-above-stick-meta":"","header-main-stick-meta":"","header-below-stick-meta":"","astra-migrate-meta-layouts":"set","ast-page-background-enabled":"default","ast-page-background-meta":{"desktop":{"background-color":"","background-image":"","background-repeat":"repeat","background-position":"center center","background-size":"auto","background-attachment":"scroll","background-type":"","background-media":"","overlay-type":"","overlay-color":"","overlay-opacity":"","overlay-gradient":""},"tablet":{"background-color":"","background-image":"","background-repeat":"repeat","background-position":"center center","background-size":"auto","background-attachment":"scroll","background-type":"","background-media":"","overlay-type":"","overlay-color":"","overlay-opacity":"","overlay-gradient":""},"mobile":{"background-color":"","background-image":"","background-repeat":"repeat","background-position":"center center","background-size":"auto","background-attachment":"scroll","background-type":"","background-media":"","overlay-type":"","overlay-color":"","overlay-opacity":"","overlay-gradient":""}},"ast-content-background-meta":{"desktop":{"background-color":"var(--ast-global-color-5)","background-image":"","background-repeat":"repeat","background-position":"center center","background-size":"auto","background-attachment":"scroll","background-type":"","background-media":"","overlay-type":"","overlay-color":"","overlay-opacity":"","overlay-gradient":""},"tablet":{"background-color":"var(--ast-global-color-5)","background-image":"","background-repeat":"repeat","background-position":"center center","background-size":"auto","background-attachment":"scroll","background-type":"","background-media":"","overlay-type":"","overlay-color":"","overlay-opacity":"","overlay-gradient":""},"mobile":{"background-color":"var(--ast-global-color-5)","background-image":"","background-repeat":"repeat","background-position":"center center","background-size":"auto","background-attachment":"scroll","background-type":"","background-media":"","overlay-type":"","overlay-color":"","overlay-opacity":"","overlay-gradient":""}},"_price":"375","_stock":"4","_tribe_ticket_header":"","_tribe_default_ticket_provider":"","_tribe_ticket_capacity":"4","_ticket_start_date":"","_ticket_end_date":"","_tribe_ticket_show_description":"","_tribe_ticket_show_not_going":false,"_tribe_ticket_use_global_stock":"","_tribe_ticket_global_stock_level":"","_global_stock_mode":"","_global_stock_cap":"","_tribe_rsvp_for_event":"","_tribe_ticket_going_count":"","_tribe_ticket_not_going_count":"","_tribe_tickets_list":"[]","_tribe_ticket_has_attendee_info_fields":false,"_themeisle_gutenberg_block_has_review":false},"product_brand":[106],"product_cat":[87],"product_tag":[],"class_list":{"0":"post-26880","1":"product","2":"type-product","3":"status-publish","4":"has-post-thumbnail","6":"product_brand-calebasse","7":"product_cat-kostiskoyti","8":"desktop-align-center","9":"tablet-align-left","10":"mobile-align-left","12":"first","13":"instock","14":"taxable","15":"shipping-taxable","16":"purchasable","17":"product-type-simple"},"aioseo_notices":[],"post_mailing_queue_ids":[],"_links":{"self":[{"href":"https:\/\/statera.fo\/index.php?rest_route=\/wp\/v2\/product\/26880","targetHints":{"allow":["GET"]}}],"collection":[{"href":"https:\/\/statera.fo\/index.php?rest_route=\/wp\/v2\/product"}],"about":[{"href":"https:\/\/statera.fo\/index.php?rest_route=\/wp\/v2\/types\/product"}],"replies":[{"embeddable":true,"href":"https:\/\/statera.fo\/index.php?rest_route=%2Fwp%2Fv2%2Fcomments&post=26880"}],"wp:featuredmedia":[{"embeddable":true,"href":"https:\/\/statera.fo\/index.php?rest_route=\/wp\/v2\/media\/26881"}],"wp:attachment":[{"href":"https:\/\/statera.fo\/index.php?rest_route=%2Fwp%2Fv2%2Fmedia&parent=26880"}],"wp:term":[{"taxonomy":"product_brand","embeddable":true,"href":"https:\/\/statera.fo\/index.php?rest_route=%2Fwp%2Fv2%2Fproduct_brand&post=26880"},{"taxonomy":"product_cat","embeddable":true,"href":"https:\/\/statera.fo\/index.php?rest_route=%2Fwp%2Fv2%2Fproduct_cat&post=26880"},{"taxonomy":"product_tag","embeddable":true,"href":"https:\/\/statera.fo\/index.php?rest_route=%2Fwp%2Fv2%2Fproduct_tag&post=26880"}],"curies":[{"name":"wp","href":"https:\/\/api.w.org\/{rel}","templated":true}]}}