{"id":26887,"date":"2025-08-11T21:24:46","date_gmt":"2025-08-11T20:24:46","guid":{"rendered":"https:\/\/statera.fo\/?post_type=product&#038;p=26887"},"modified":"2025-08-11T22:05:24","modified_gmt":"2025-08-11T21:05:24","slug":"germes-de-lotus-50g","status":"publish","type":"product","link":"https:\/\/statera.fo\/?product=germes-de-lotus-50g","title":{"rendered":"Lotus Germ Te 50g \u2013 Calm &#038; Relaxation"},"content":{"rendered":"<p data-start=\"165\" data-end=\"527\"><strong data-start=\"165\" data-end=\"199\">About Lotus Germ te (Lian Zi Xin)<\/strong><br data-start=\"199\" data-end=\"202\" \/>Lotus Germ, known as <em data-start=\"223\" data-end=\"236\">Lian Zi Xin<\/em> in Traditional Chinese Medicine, comes from the heart of the lotus seed. This herbal product has been cherished for centuries in China for its calming and balancing effects on the mind and emotions. The lotus plant grows in marshy waters and is a symbol of purity and peace across cultures.<\/p>\n<p data-start=\"529\" data-end=\"575\"><strong data-start=\"529\" data-end=\"541\">Benefits<\/strong><br data-start=\"541\" data-end=\"544\" \/>Regular consumption helps to:<\/p>\n<ul data-start=\"576\" data-end=\"816\">\n<li data-start=\"576\" data-end=\"627\">\n<p data-start=\"578\" data-end=\"627\">Soothe mental agitation and reduce irritability<\/p>\n<\/li>\n<li data-start=\"628\" data-end=\"702\">\n<p data-start=\"630\" data-end=\"702\">Enhance mood and concentration, especially when taken early in the day<\/p>\n<\/li>\n<li data-start=\"703\" data-end=\"762\">\n<p data-start=\"705\" data-end=\"762\">Support deep, restful sleep when enjoyed in the evening<\/p>\n<\/li>\n<li data-start=\"763\" data-end=\"816\">\n<p data-start=\"765\" data-end=\"816\">Promote overall emotional wellness and relaxation<\/p>\n<\/li>\n<\/ul>\n<p data-start=\"818\" data-end=\"1048\"><strong data-start=\"818\" data-end=\"832\">How to Use<\/strong><br data-start=\"832\" data-end=\"835\" \/>For best results, steep the lotus germ in hot water for several minutes. This calming brew can be consumed both morning and evening to suit your needs \u2014 energizing focus by day and encouraging relaxation by night.<\/p>\n<p data-start=\"1050\" data-end=\"1289\"><strong data-start=\"1050\" data-end=\"1069\">Traditional Use<\/strong><br data-start=\"1069\" data-end=\"1072\" \/>In Chinese medicine, <em data-start=\"1093\" data-end=\"1106\">Lian Zi Xin<\/em> is valued for its ability to \u201cdrain the Fire of the Heart,\u201d meaning it helps reduce excess internal heat linked to irritability and restlessness, thereby soothing both body and mind.<\/p>\n<p data-start=\"1291\" data-end=\"1323\"><strong data-start=\"1291\" data-end=\"1321\">Frequently Asked Questions<\/strong><\/p>\n<ul data-start=\"1324\" data-end=\"1715\">\n<li data-start=\"1324\" data-end=\"1430\">\n<p data-start=\"1326\" data-end=\"1430\"><em data-start=\"1326\" data-end=\"1346\">Is daily use safe?<\/em><br data-start=\"1346\" data-end=\"1349\" \/>Yes, incorporating this herbal infusion regularly is generally considered safe.<\/p>\n<\/li>\n<li data-start=\"1431\" data-end=\"1580\">\n<p data-start=\"1433\" data-end=\"1580\"><em data-start=\"1433\" data-end=\"1458\">Are there side effects?<\/em><br data-start=\"1458\" data-end=\"1461\" \/>No significant side effects reported; however, consult a healthcare professional if pregnant or with health concerns.<\/p>\n<\/li>\n<li data-start=\"1581\" data-end=\"1715\">\n<p data-start=\"1583\" data-end=\"1715\"><em data-start=\"1583\" data-end=\"1618\">Can it replace sleep medications?<\/em><br data-start=\"1618\" data-end=\"1621\" \/>This herbal remedy supports natural sleep but is not a substitute for prescribed treatments.<\/p>\n<\/li>\n<\/ul>\n","protected":false},"excerpt":{"rendered":"<p>Te, i\u00f0 sissar sinni\u00f0, minkar um \u00f8sing, stu\u00f0lar evnunum at hugsavna seg og stimbrar dj\u00fapan n\u00e1ttarsv\u00f8vn.<\/p>\n","protected":false},"featured_media":26888,"comment_status":"open","ping_status":"closed","template":"","meta":{"_uf_show_specific_survey":0,"_uf_disable_surveys":false,"site-sidebar-layout":"default","site-content-layout":"","ast-site-content-layout":"default","site-content-style":"default","site-sidebar-style":"default","ast-global-header-display":"","ast-banner-title-visibility":"","ast-main-header-display":"","ast-hfb-above-header-display":"","ast-hfb-below-header-display":"","ast-hfb-mobile-header-display":"","site-post-title":"","ast-breadcrumbs-content":"","ast-featured-img":"","footer-sml-layout":"","ast-disable-related-posts":"","theme-transparent-header-meta":"default","adv-header-id-meta":"","stick-header-meta":"","header-above-stick-meta":"","header-main-stick-meta":"","header-below-stick-meta":"","astra-migrate-meta-layouts":"set","ast-page-background-enabled":"default","ast-page-background-meta":{"desktop":{"background-color":"","background-image":"","background-repeat":"repeat","background-position":"center center","background-size":"auto","background-attachment":"scroll","background-type":"","background-media":"","overlay-type":"","overlay-color":"","overlay-opacity":"","overlay-gradient":""},"tablet":{"background-color":"","background-image":"","background-repeat":"repeat","background-position":"center center","background-size":"auto","background-attachment":"scroll","background-type":"","background-media":"","overlay-type":"","overlay-color":"","overlay-opacity":"","overlay-gradient":""},"mobile":{"background-color":"","background-image":"","background-repeat":"repeat","background-position":"center center","background-size":"auto","background-attachment":"scroll","background-type":"","background-media":"","overlay-type":"","overlay-color":"","overlay-opacity":"","overlay-gradient":""}},"ast-content-background-meta":{"desktop":{"background-color":"var(--ast-global-color-5)","background-image":"","background-repeat":"repeat","background-position":"center center","background-size":"auto","background-attachment":"scroll","background-type":"","background-media":"","overlay-type":"","overlay-color":"","overlay-opacity":"","overlay-gradient":""},"tablet":{"background-color":"var(--ast-global-color-5)","background-image":"","background-repeat":"repeat","background-position":"center center","background-size":"auto","background-attachment":"scroll","background-type":"","background-media":"","overlay-type":"","overlay-color":"","overlay-opacity":"","overlay-gradient":""},"mobile":{"background-color":"var(--ast-global-color-5)","background-image":"","background-repeat":"repeat","background-position":"center center","background-size":"auto","background-attachment":"scroll","background-type":"","background-media":"","overlay-type":"","overlay-color":"","overlay-opacity":"","overlay-gradient":""}},"_price":"189","_stock":"7","_tribe_ticket_header":"","_tribe_default_ticket_provider":"","_tribe_ticket_capacity":"7","_ticket_start_date":"","_ticket_end_date":"","_tribe_ticket_show_description":"","_tribe_ticket_show_not_going":false,"_tribe_ticket_use_global_stock":"","_tribe_ticket_global_stock_level":"","_global_stock_mode":"","_global_stock_cap":"","_tribe_rsvp_for_event":"","_tribe_ticket_going_count":"","_tribe_ticket_not_going_count":"","_tribe_tickets_list":"[]","_tribe_ticket_has_attendee_info_fields":false,"_themeisle_gutenberg_block_has_review":false},"product_brand":[106],"product_cat":[87],"product_tag":[],"class_list":{"0":"post-26887","1":"product","2":"type-product","3":"status-publish","4":"has-post-thumbnail","6":"product_brand-calebasse","7":"product_cat-kostiskoyti","8":"desktop-align-center","9":"tablet-align-left","10":"mobile-align-left","12":"first","13":"instock","14":"taxable","15":"shipping-taxable","16":"purchasable","17":"product-type-simple"},"aioseo_notices":[],"post_mailing_queue_ids":[],"_links":{"self":[{"href":"https:\/\/statera.fo\/index.php?rest_route=\/wp\/v2\/product\/26887","targetHints":{"allow":["GET"]}}],"collection":[{"href":"https:\/\/statera.fo\/index.php?rest_route=\/wp\/v2\/product"}],"about":[{"href":"https:\/\/statera.fo\/index.php?rest_route=\/wp\/v2\/types\/product"}],"replies":[{"embeddable":true,"href":"https:\/\/statera.fo\/index.php?rest_route=%2Fwp%2Fv2%2Fcomments&post=26887"}],"wp:featuredmedia":[{"embeddable":true,"href":"https:\/\/statera.fo\/index.php?rest_route=\/wp\/v2\/media\/26888"}],"wp:attachment":[{"href":"https:\/\/statera.fo\/index.php?rest_route=%2Fwp%2Fv2%2Fmedia&parent=26887"}],"wp:term":[{"taxonomy":"product_brand","embeddable":true,"href":"https:\/\/statera.fo\/index.php?rest_route=%2Fwp%2Fv2%2Fproduct_brand&post=26887"},{"taxonomy":"product_cat","embeddable":true,"href":"https:\/\/statera.fo\/index.php?rest_route=%2Fwp%2Fv2%2Fproduct_cat&post=26887"},{"taxonomy":"product_tag","embeddable":true,"href":"https:\/\/statera.fo\/index.php?rest_route=%2Fwp%2Fv2%2Fproduct_tag&post=26887"}],"curies":[{"name":"wp","href":"https:\/\/api.w.org\/{rel}","templated":true}]}}