{"id":26960,"date":"2025-09-21T16:53:44","date_gmt":"2025-09-21T15:53:44","guid":{"rendered":"https:\/\/statera.fo\/?post_type=product&#038;p=26960"},"modified":"2026-03-23T20:41:48","modified_gmt":"2026-03-23T20:41:48","slug":"dr-kent-sports-gel-100-ml","status":"publish","type":"product","link":"https:\/\/statera.fo\/?product=dr-kent-sports-gel-100-ml","title":{"rendered":"DR. Kent &#8211; Sports Gel &#8211; 100 ml"},"content":{"rendered":"<p>Ny potent udgave\u00a0<strong>med 1100 mg CBD! \u2013 dobbelt s\u00e5 meget i forhold til tidligere<\/strong>.<br \/>\nForbedret formel, som lader gelen tr\u00e6nge bedre ind i huden.<\/p>\n<p><strong>DR. Kent CBD Sports Gel<\/strong>\u00a0bruges til pleje og massage af led og muskel\u00f8mhed, is\u00e6r efter intens sport eller fysisk aktivitet. Muskel\u00f8mheden efter en fysisk tr\u00e6ning kommer fra sm\u00e5 muskelskader, som er relateret til inflammationsprocesser. Den helt naturlige sammens\u00e6tning leverer m\u00e5lrettet lindring og underst\u00f8tter kroppens naturlige systemer.<\/p>\n<p>Gelen indeholder hampeekstrakt, mentol, cayennepeber ekstrakt, kryddernellike \u00e6terisk olie og eukalyptus \u00e6terisk olie. Produktet giver en fornemmelse af afk\u00f8ling og efterf\u00f8lgende opvarmning, p\u00e5 grund af virkningen af \u200b\u200bn\u00f8je udvalgte ingredienser.<\/p>\n<p><strong>DR. Kent CBD Sports Gel<\/strong>\u00a0kan k\u00f8bes i en 100-ml aluminiumstube.<\/p>\n<p>Hampe biomassen h\u00e5ndteres I overensstemmelse med\u00a0<strong>GACP<\/strong>\u00a0og produktionen af de f\u00e6rdige produkter er\u00a0<strong>GMP-certificeret<\/strong>.<\/p>\n<p>Indeholder naturlige ingredienser. Der er ikke tilsat kunstige farver, aromaer eller konserveringsmidler.<\/p>\n<p><strong>Ingredienser:<\/strong><br \/>\n<em>vand, isopropylalkohol, cannabis sativa extrakt, mentol, carbomer, triethanolamin, eucalyptusbladolie, kryddernellike blomsterolie, cayennepeberfrugt ekstrakt, eugenol, d-limonen, isoeugenol\u2028<\/em><\/p>\n","protected":false},"excerpt":{"rendered":"<article class=\"text-token-text-primary w-full focus:outline-none scroll-mt-[calc(var(--header-height)+min(200px,max(70px,20svh)))]\" dir=\"auto\" tabindex=\"-1\" data-turn-id=\"request-6898af6c-fabc-8327-b7f0-ea29587ac9af-124\" data-testid=\"conversation-turn-36\" data-scroll-anchor=\"true\" data-turn=\"assistant\">\n<div class=\"text-base my-auto mx-auto pb-10 [--thread-content-margin:--spacing(4)] @[37rem]:[--thread-content-margin:--spacing(6)] @[72rem]:[--thread-content-margin:--spacing(16)] px-(--thread-content-margin)\">\n<div class=\"[--thread-content-max-width:32rem] @[34rem]:[--thread-content-max-width:40rem] @[64rem]:[--thread-content-max-width:48rem] mx-auto max-w-(--thread-content-max-width) flex-1 group\/turn-messages focus-visible:outline-hidden relative flex w-full min-w-0 flex-col agent-turn\" tabindex=\"-1\">\n<div class=\"flex max-w-full flex-col grow\">\n<div class=\"min-h-8 text-message relative flex w-full flex-col items-end gap-2 text-start break-words whitespace-normal [.text-message+&amp;]:mt-5\" dir=\"auto\" data-message-author-role=\"assistant\" data-message-id=\"8f91a198-ff77-4b34-8f17-a046acac6638\" data-message-model-slug=\"gpt-5\">\n<div class=\"flex w-full flex-col gap-1 empty:hidden first:pt-[3px]\">\n<div class=\"markdown prose dark:prose-invert w-full break-words light markdown-new-styling\">\n<p><strong data-start=\"67\" data-end=\"94\">DR. Kent CBD Sports Gel<\/strong> er \u00e6tla\u00f0 m\u00fdking av v\u00f8ddum og li\u00f0um, serliga eftir kropsliga venjing.<br \/>\nNat\u00farliga tilfari\u00f0 virkar lokalt, vi\u00f0 at linna um \u00f3r\u00f3gv og eymleika og stu\u00f0lar kroppinum at styrkna skj\u00f3tari.<\/p>\n<\/div>\n<\/div>\n<\/div>\n<\/div>\n<\/div>\n<\/div>\n<\/article>\n<div class=\"pointer-events-none h-px w-px\" aria-hidden=\"true\" data-edge=\"true\"><\/div>\n","protected":false},"featured_media":26962,"comment_status":"open","ping_status":"closed","template":"","meta":{"_uf_show_specific_survey":0,"_uf_disable_surveys":false,"site-sidebar-layout":"default","site-content-layout":"","ast-site-content-layout":"default","site-content-style":"default","site-sidebar-style":"default","ast-global-header-display":"","ast-banner-title-visibility":"","ast-main-header-display":"","ast-hfb-above-header-display":"","ast-hfb-below-header-display":"","ast-hfb-mobile-header-display":"","site-post-title":"","ast-breadcrumbs-content":"","ast-featured-img":"","footer-sml-layout":"","ast-disable-related-posts":"","theme-transparent-header-meta":"default","adv-header-id-meta":"","stick-header-meta":"","header-above-stick-meta":"","header-main-stick-meta":"","header-below-stick-meta":"","astra-migrate-meta-layouts":"set","ast-page-background-enabled":"default","ast-page-background-meta":{"desktop":{"background-color":"","background-image":"","background-repeat":"repeat","background-position":"center center","background-size":"auto","background-attachment":"scroll","background-type":"","background-media":"","overlay-type":"","overlay-color":"","overlay-opacity":"","overlay-gradient":""},"tablet":{"background-color":"","background-image":"","background-repeat":"repeat","background-position":"center center","background-size":"auto","background-attachment":"scroll","background-type":"","background-media":"","overlay-type":"","overlay-color":"","overlay-opacity":"","overlay-gradient":""},"mobile":{"background-color":"","background-image":"","background-repeat":"repeat","background-position":"center center","background-size":"auto","background-attachment":"scroll","background-type":"","background-media":"","overlay-type":"","overlay-color":"","overlay-opacity":"","overlay-gradient":""}},"ast-content-background-meta":{"desktop":{"background-color":"var(--ast-global-color-5)","background-image":"","background-repeat":"repeat","background-position":"center center","background-size":"auto","background-attachment":"scroll","background-type":"","background-media":"","overlay-type":"","overlay-color":"","overlay-opacity":"","overlay-gradient":""},"tablet":{"background-color":"var(--ast-global-color-5)","background-image":"","background-repeat":"repeat","background-position":"center center","background-size":"auto","background-attachment":"scroll","background-type":"","background-media":"","overlay-type":"","overlay-color":"","overlay-opacity":"","overlay-gradient":""},"mobile":{"background-color":"var(--ast-global-color-5)","background-image":"","background-repeat":"repeat","background-position":"center center","background-size":"auto","background-attachment":"scroll","background-type":"","background-media":"","overlay-type":"","overlay-color":"","overlay-opacity":"","overlay-gradient":""}},"_price":"395","_stock":"1","_tribe_ticket_header":"","_tribe_default_ticket_provider":"","_tribe_ticket_capacity":"2","_ticket_start_date":"","_ticket_end_date":"","_tribe_ticket_show_description":"","_tribe_ticket_show_not_going":false,"_tribe_ticket_use_global_stock":"","_tribe_ticket_global_stock_level":"","_global_stock_mode":"","_global_stock_cap":"","_tribe_rsvp_for_event":"","_tribe_ticket_going_count":"","_tribe_ticket_not_going_count":"","_tribe_tickets_list":"[]","_tribe_ticket_has_attendee_info_fields":false,"_themeisle_gutenberg_block_has_review":false},"product_brand":[105],"product_cat":[101],"product_tag":[],"class_list":{"0":"post-26960","1":"product","2":"type-product","3":"status-publish","4":"has-post-thumbnail","6":"product_brand-wetality","7":"product_cat-wetality","8":"desktop-align-center","9":"tablet-align-left","10":"mobile-align-left","12":"first","13":"instock","14":"taxable","15":"shipping-taxable","16":"purchasable","17":"product-type-simple"},"aioseo_notices":[],"post_mailing_queue_ids":[],"_links":{"self":[{"href":"https:\/\/statera.fo\/index.php?rest_route=\/wp\/v2\/product\/26960","targetHints":{"allow":["GET"]}}],"collection":[{"href":"https:\/\/statera.fo\/index.php?rest_route=\/wp\/v2\/product"}],"about":[{"href":"https:\/\/statera.fo\/index.php?rest_route=\/wp\/v2\/types\/product"}],"replies":[{"embeddable":true,"href":"https:\/\/statera.fo\/index.php?rest_route=%2Fwp%2Fv2%2Fcomments&post=26960"}],"wp:featuredmedia":[{"embeddable":true,"href":"https:\/\/statera.fo\/index.php?rest_route=\/wp\/v2\/media\/26962"}],"wp:attachment":[{"href":"https:\/\/statera.fo\/index.php?rest_route=%2Fwp%2Fv2%2Fmedia&parent=26960"}],"wp:term":[{"taxonomy":"product_brand","embeddable":true,"href":"https:\/\/statera.fo\/index.php?rest_route=%2Fwp%2Fv2%2Fproduct_brand&post=26960"},{"taxonomy":"product_cat","embeddable":true,"href":"https:\/\/statera.fo\/index.php?rest_route=%2Fwp%2Fv2%2Fproduct_cat&post=26960"},{"taxonomy":"product_tag","embeddable":true,"href":"https:\/\/statera.fo\/index.php?rest_route=%2Fwp%2Fv2%2Fproduct_tag&post=26960"}],"curies":[{"name":"wp","href":"https:\/\/api.w.org\/{rel}","templated":true}]}}